{"id":3,"date":"2025-10-14T23:26:09","date_gmt":"2025-10-14T23:26:09","guid":{"rendered":"https:\/\/agrimateriel.com\/?page_id=3"},"modified":"2025-12-20T17:38:12","modified_gmt":"2025-12-20T17:38:12","slug":"politique-de-confidentialite","status":"publish","type":"page","link":"https:\/\/agrimateriel.com\/en\/politique-de-confidentialite\/","title":{"rendered":"Politique de confidentialit\u00e9"},"content":{"rendered":"<div data-elementor-type=\"wp-page\" data-elementor-id=\"3\" class=\"elementor elementor-3\" data-elementor-post-type=\"page\">\n\t\t\t\t<div class=\"wd-negative-gap elementor-element elementor-element-ef94c62 e-flex e-con-boxed e-con e-parent\" data-id=\"ef94c62\" data-element_type=\"container\" data-e-type=\"container\">\n\t\t\t\t\t<div class=\"e-con-inner\">\n\t\t\t\t<div class=\"elementor-element elementor-element-1545e32f color-scheme-inherit text-left elementor-widget elementor-widget-text-editor\" data-id=\"1545e32f\" data-element_type=\"widget\" data-e-type=\"widget\" data-widget_type=\"text-editor.default\">\n\t\t\t\t\t\t\t\t\t\n<h2 class=\"wp-block-heading\"><\/h2>\n<p>Date d\u2019entr\u00e9e en vigueur : 04\/03\/2005<\/p>\n<h2 class=\"wp-block-heading\"><\/h2>\n<p>Bienvenue sur Agrimateriel. Nous accordons une grande importance \u00e0 la protection de vos donn\u00e9es personnelles. Cette politique de confidentialit\u00e9 d\u00e9crit comment nous collectons, utilisons et prot\u00e9geons vos informations lorsque vous visitez notre site web\u00a0www.agrimateriel.com. En utilisant notre site, vous acceptez les pratiques d\u00e9crites dans cette politique.<\/p>\n<h2 class=\"wp-block-heading\"><\/h2>\n<h1><strong>1. Informations collect\u00e9es<\/strong><\/h1>\n<h2 class=\"wp-block-heading\"><\/h2>\n<p>Nous collectons diff\u00e9rentes informations pour vous fournir nos services et am\u00e9liorer votre exp\u00e9rience utilisateur :<\/p>\n<h2 class=\"wp-block-heading\"><\/h2>\n<ul class=\"wp-block-list\">\n<li><strong>Informations personnelles<\/strong>\u00a0: nom, adresse e-mail, num\u00e9ro de t\u00e9l\u00e9phone, adresse postale, etc., que vous nous fournissez directement lors de la cr\u00e9ation d\u2019un compte ou de la commande de produits.<\/li>\n\n<li><strong>Donn\u00e9es de navigation<\/strong>\u00a0: adresse IP, type de navigateur, pages visit\u00e9es, temps de visite et autres donn\u00e9es similaires recueillies automatiquement via des cookies et autres technologies de suivi.<\/li>\n<\/ul>\n<h2 class=\"wp-block-heading\"><\/h2>\n<h1><strong>2. Utilisation des informations<\/strong><\/h1>\n<h2 class=\"wp-block-heading\"><\/h2>\n<p>Les informations collect\u00e9es sont utilis\u00e9es pour :<\/p>\n<h2 class=\"wp-block-heading\"><\/h2>\n<ul class=\"wp-block-list\">\n<li>Fournir et g\u00e9rer nos services et produits.<\/li>\n\n<li>Traiter vos commandes et paiements.<\/li>\n\n<li>Am\u00e9liorer nos services et personnaliser votre exp\u00e9rience.<\/li>\n\n<li>Vous envoyer des informations sur nos produits, promotions et \u00e9v\u00e9nements, sous r\u00e9serve de votre consentement.<\/li>\n\n<li>R\u00e9pondre \u00e0 vos demandes de support et aux questions.<\/li>\n<\/ul>\n<h2 class=\"wp-block-heading\"><\/h2>\n<h1><strong>3. Partage des informations<\/strong><\/h1>\n<h2 class=\"wp-block-heading\"><\/h2>\n<p>Nous nous engageons \u00e0 ne pas vendre, louer ou divulguer vos informations personnelles \u00e0 des tiers, sauf dans les cas suivants :<\/p>\n<h2 class=\"wp-block-heading\"><\/h2>\n<ul class=\"wp-block-list\">\n<li>Aux prestataires de services tiers qui nous aident \u00e0 exploiter notre site web et fournir nos services, sous r\u00e9serve de contrats de confidentialit\u00e9.<\/li>\n\n<li>Lorsque la loi l\u2019exige ou pour r\u00e9pondre \u00e0 des proc\u00e9dures judiciaires.<\/li>\n\n<li>Pour prot\u00e9ger nos droits, notre propri\u00e9t\u00e9 et la s\u00e9curit\u00e9 de nos utilisateurs et du public.<\/li>\n<\/ul>\n<h2 class=\"wp-block-heading\"><\/h2>\n<h1><strong>4. S\u00e9curit\u00e9 des donn\u00e9es<\/strong><\/h1>\n<h2 class=\"wp-block-heading\"><\/h2>\n<p>Nous mettons en \u0153uvre des mesures de s\u00e9curit\u00e9 techniques et organisationnelles appropri\u00e9es pour prot\u00e9ger vos donn\u00e9es personnelles contre toute perte, utilisation abusive, acc\u00e8s non autoris\u00e9, divulgation, alt\u00e9ration ou destruction.<\/p>\n<h2 class=\"wp-block-heading\"><\/h2>\n<h1><strong>5. Vos droits<\/strong><\/h1>\n<h2 class=\"wp-block-heading\"><\/h2>\n<p>Conform\u00e9ment \u00e0 la loi Malienne sur la protection des donn\u00e9es personnelles, vous avez le droit de :<\/p>\n<h2 class=\"wp-block-heading\"><\/h2>\n<ul class=\"wp-block-list\">\n<li>Acc\u00e9der \u00e0 vos donn\u00e9es personnelles.<\/li>\n\n<li>Rectifier les informations inexactes ou incompl\u00e8tes.<\/li>\n\n<li>Demander la suppression de vos donn\u00e9es personnelles.<\/li>\n\n<li>Vous opposer au traitement de vos donn\u00e9es personnelles pour des motifs l\u00e9gitimes.<\/li>\n\n<li>Retirer votre consentement \u00e0 tout moment, lorsque le traitement est bas\u00e9 sur le consentement.<\/li>\n<\/ul>\n<h2 class=\"wp-block-heading\"><\/h2>\n<p>Pour exercer ces droits, veuillez nous contacter \u00e0 l\u2019adresse suivante :\u00a0<a>contact@cultivafrique.com<\/a>.<\/p>\n<h2 class=\"wp-block-heading\"><\/h2>\n<h1><strong>6. Cookies et technologies similaires<\/strong><\/h1>\n<h2 class=\"wp-block-heading\"><\/h2>\n<p>Notre site utilise des cookies pour collecter des informations et am\u00e9liorer votre exp\u00e9rience de navigation. Vous pouvez configurer votre navigateur pour refuser tous les cookies ou pour vous alerter lorsque des cookies sont envoy\u00e9s. Cependant, certaines parties de notre site peuvent ne pas fonctionner correctement si vous d\u00e9sactivez les cookies.<\/p>\n<h2 class=\"wp-block-heading\"><\/h2>\n<h1><strong>7. Modifications de la politique de confidentialit\u00e9<\/strong><\/h1>\n<h2 class=\"wp-block-heading\"><\/h2>\n<p>Nous pouvons mettre \u00e0 jour cette politique de confidentialit\u00e9 de temps en temps pour refl\u00e9ter les changements dans nos pratiques ou pour d\u2019autres raisons op\u00e9rationnelles, l\u00e9gales ou r\u00e9glementaires. Nous vous informerons de toute modification en publiant la nouvelle politique sur notre site web.<\/p>\n<h2 class=\"wp-block-heading\"><\/h2>\n<h1><strong>8. Nous contacter<\/strong><\/h1>\n<h2 class=\"wp-block-heading\"><\/h2>\n<p>Si vous avez des questions ou des pr\u00e9occupations concernant cette politique de confidentialit\u00e9 ou nos pratiques de gestion des donn\u00e9es, veuillez nous contacter :<\/p>\n<h2 class=\"wp-block-heading\"><\/h2>\n<ul class=\"wp-block-list\">\n<li><strong>Adresse<\/strong> : Agrimateriel, Ivory Coast<\/li>\n\n<li><strong>Num\u00e9ro de t\u00e9l\u00e9phone<\/strong> : 01 72 68 55 76<\/li>\n\n<li><strong>E-mail<\/strong>\u00a0:\u00a0info@agrimateriel.com<\/li>\n<\/ul>\n<h2 class=\"wp-block-heading\"><\/h2>\n<p>Nous vous remercions de votre confiance et de l\u2019int\u00e9r\u00eat que vous portez \u00e0 Agrimateriel.<\/p>\n<h2 class=\"wp-block-heading\"><\/h2>\t\t\t\t\t\t\t\t<\/div>\n\t\t\t\t\t<\/div>\n\t\t\t\t<\/div>\n\t\t\t\t<\/div>","protected":false},"excerpt":{"rendered":"","protected":false},"author":1,"featured_media":0,"parent":0,"menu_order":0,"comment_status":"closed","ping_status":"closed","template":"","meta":{"footnotes":""},"class_list":["post-3","page","type-page","status-publish","hentry"],"_hostinger_reach_plugin_has_subscription_block":false,"_hostinger_reach_plugin_is_elementor":false,"_links":{"self":[{"href":"https:\/\/agrimateriel.com\/en\/wp-json\/wp\/v2\/pages\/3","targetHints":{"allow":["GET"]}}],"collection":[{"href":"https:\/\/agrimateriel.com\/en\/wp-json\/wp\/v2\/pages"}],"about":[{"href":"https:\/\/agrimateriel.com\/en\/wp-json\/wp\/v2\/types\/page"}],"author":[{"embeddable":true,"href":"https:\/\/agrimateriel.com\/en\/wp-json\/wp\/v2\/users\/1"}],"replies":[{"embeddable":true,"href":"https:\/\/agrimateriel.com\/en\/wp-json\/wp\/v2\/comments?post=3"}],"version-history":[{"count":13,"href":"https:\/\/agrimateriel.com\/en\/wp-json\/wp\/v2\/pages\/3\/revisions"}],"predecessor-version":[{"id":23402,"href":"https:\/\/agrimateriel.com\/en\/wp-json\/wp\/v2\/pages\/3\/revisions\/23402"}],"wp:attachment":[{"href":"https:\/\/agrimateriel.com\/en\/wp-json\/wp\/v2\/media?parent=3"}],"curies":[{"name":"wp","href":"https:\/\/api.w.org\/{rel}","templated":true}]}}