{"id":20701,"date":"2025-10-16T11:37:46","date_gmt":"2025-10-16T11:37:46","guid":{"rendered":"https:\/\/agrimateriel.com\/?post_type=product&#038;p=20701"},"modified":"2025-10-26T11:45:41","modified_gmt":"2025-10-26T11:45:41","slug":"plaque-de-semis-recuperable-40-trous-noir","status":"publish","type":"product","link":"https:\/\/agrimateriel.com\/en\/nos-produits\/plaque-de-semis-recuperable-40-trous-noir\/","title":{"rendered":"Plaque de semis r\u00e9cup\u00e9rable 40 Trous Noir"},"content":{"rendered":"<p>Cultivez vos semis et repiquez vos jeunes plants de mani\u00e8re durable et \u00e9conomique avec la Plaque de semis r\u00e9cup\u00e9rable 40 Trous Noir ! De la plaque 15 trous pour des alv\u00e9oles de 8cm \u00e0 la plaque 260 trous pour des alv\u00e9oles de 2,2cm. Bien entretenues, vous pourrez les r\u00e9utiliser pendant au moins 5 ans.<br \/>\nDescription:<\/p>\n<p>40 alv\u00e9oles spacieuses pour une croissance optimale des racines.<br \/>\nPlastique robuste et r\u00e9utilisable pour des semis \u00e9cologiques.<br \/>\nDrainage optimal pour pr\u00e9venir la pourriture des racines.<br \/>\nParfaite pour les l\u00e9gumes, les fleurs et les herbes aromatiques.<br \/>\nDimensions: 50.00 x 33.00 x 6.30 cm<br \/>\nDiam\u00e8tre des alv\u00e9oles: 4.80 cm<br \/>\nVolume des alv\u00e9oles: 82.00 cc<br \/>\nNombre d&rsquo;alv\u00e9oles: 40<br \/>\nMati\u00e8re: Plastique<\/p>\n<p>Avantages:<\/p>\n<p>Durable<br \/>\nEconomique<br \/>\nDrainage optimal<br \/>\nCroissance optimale des racines<\/p>\n<p>Convient pour:<\/p>\n<p>L\u00e9gumes<br \/>\nFleurs<br \/>\nHerbes aromatiques<\/p>\n<p>Conseils d&rsquo;utilisation:<\/p>\n<p>Stockez \u00e0 l&rsquo;abri de la lumi\u00e8re apr\u00e8s utilisation.<br \/>\nArrosez \u00e0 l&rsquo;aide d&rsquo;un arrosoir \u00e0 pomme ou placez la plaque sur un morceau de moquette humide pour un arrosage par capillarit\u00e9.<\/p>\n<p>Commandez d\u00e8s aujourd&rsquo;hui votre Plaque de semis r\u00e9cup\u00e9rable 40 Trous Noir et offrez \u00e0 vos semis un environnement sain et optimal pour une croissance vigoureuse ! Pour une culture durable et \u00e9conomique, optez pour le plateau alv\u00e9ol\u00e9 en polystyr\u00e8ne.<\/p>","protected":false},"excerpt":{"rendered":"<p>40 alv\u00e9oles spacieuses pour une croissance optimale des racines. Plastique robuste et r\u00e9utilisable pour des semis \u00e9cologiques. Parfaite pour les l\u00e9gumes, les fleurs et les herbes aromatiques.<\/p>","protected":false},"featured_media":20736,"comment_status":"open","ping_status":"closed","template":"","meta":[],"product_brand":[],"product_cat":[203],"product_tag":[],"class_list":{"0":"post-20701","1":"product","2":"type-product","3":"status-publish","4":"has-post-thumbnail","6":"product_cat-alveoles","8":"first","9":"instock","10":"shipping-taxable","11":"purchasable","12":"product-type-simple"},"_links":{"self":[{"href":"https:\/\/agrimateriel.com\/en\/wp-json\/wp\/v2\/product\/20701","targetHints":{"allow":["GET"]}}],"collection":[{"href":"https:\/\/agrimateriel.com\/en\/wp-json\/wp\/v2\/product"}],"about":[{"href":"https:\/\/agrimateriel.com\/en\/wp-json\/wp\/v2\/types\/product"}],"replies":[{"embeddable":true,"href":"https:\/\/agrimateriel.com\/en\/wp-json\/wp\/v2\/comments?post=20701"}],"version-history":[{"count":1,"href":"https:\/\/agrimateriel.com\/en\/wp-json\/wp\/v2\/product\/20701\/revisions"}],"predecessor-version":[{"id":20737,"href":"https:\/\/agrimateriel.com\/en\/wp-json\/wp\/v2\/product\/20701\/revisions\/20737"}],"wp:featuredmedia":[{"embeddable":true,"href":"https:\/\/agrimateriel.com\/en\/wp-json\/wp\/v2\/media\/20736"}],"wp:attachment":[{"href":"https:\/\/agrimateriel.com\/en\/wp-json\/wp\/v2\/media?parent=20701"}],"wp:term":[{"taxonomy":"product_brand","embeddable":true,"href":"https:\/\/agrimateriel.com\/en\/wp-json\/wp\/v2\/product_brand?post=20701"},{"taxonomy":"product_cat","embeddable":true,"href":"https:\/\/agrimateriel.com\/en\/wp-json\/wp\/v2\/product_cat?post=20701"},{"taxonomy":"product_tag","embeddable":true,"href":"https:\/\/agrimateriel.com\/en\/wp-json\/wp\/v2\/product_tag?post=20701"}],"curies":[{"name":"wp","href":"https:\/\/api.w.org\/{rel}","templated":true}]}}