{"id":20703,"date":"2025-10-16T11:37:46","date_gmt":"2025-10-16T11:37:46","guid":{"rendered":"https:\/\/agrimateriel.com\/?post_type=product&#038;p=20703"},"modified":"2025-10-26T11:45:51","modified_gmt":"2025-10-26T11:45:51","slug":"plaque-de-semis-recuperable-77-trous-noir","status":"publish","type":"product","link":"https:\/\/agrimateriel.com\/en\/nos-produits\/plaque-de-semis-recuperable-77-trous-noir\/","title":{"rendered":"Plaque de semis r\u00e9cup\u00e9rable 77 Trous Noir"},"content":{"rendered":"<p>Cultivez vos semis en toute simplicit\u00e9 avec notre plaque alv\u00e9ol\u00e9e<br \/>\nVous r\u00eavez d&rsquo;un potager florissant ou d&rsquo;un jardin luxuriant ? Commencez par cultiver vos semis dans les meilleures conditions avec notre Plaque de semis r\u00e9cup\u00e9rable 77 Trous Noir !<br \/>\nParfaite pour tous vos semis et repiquages<br \/>\nQue vous cultiviez des l\u00e9gumes, des fleurs ou des herbes aromatiques, la Plaque de semis r\u00e9cup\u00e9rable 77 Trous Noir s&rsquo;adapte \u00e0 tous vos besoins. Ses 77 alv\u00e9oles de 3,4 cm de diam\u00e8tre offrent un espace suffisant pour accueillir vos jeunes plants et favoriser leur croissance vigoureuse.<br \/>\nDurabilit\u00e9 et \u00e9conomie<br \/>\nFabriqu\u00e9e en plastique robuste et de haute qualit\u00e9, notre plaque alv\u00e9ol\u00e9e est con\u00e7ue pour durer. Avec un entretien appropri\u00e9, vous pourrez la r\u00e9utiliser pendant de nombreuses ann\u00e9es, ce qui vous permet de faire des \u00e9conomies et de r\u00e9duire votre impact environnemental.<br \/>\nUtilisation simple et pratique<br \/>\nRemplissez simplement les alv\u00e9oles avec un substrat adapt\u00e9 \u00e0 vos plantes, humidifiez-le et semez vos graines ou repiquez vos jeunes plants. Placez la plaque dans un endroit chaud et lumineux, et veillez \u00e0 arroser r\u00e9guli\u00e8rement les semis.<br \/>\nDes semis choy\u00e9s pour une croissance optimale<br \/>\nPour une diffusion douce et uniforme de l&rsquo;eau, optez pour un arrosoir muni d&rsquo;une pomme d&rsquo;arrosage. Vous pouvez \u00e9galement placer un morceau de moquette sous la plaque et l&rsquo;humidifier r\u00e9guli\u00e8rement : l&rsquo;eau sera absorb\u00e9e par la moquette et diffus\u00e9e par capillarit\u00e9, garantissant une humidit\u00e9 constante et optimale pour vos semis. Nous avons aussi une Plaque de semis r\u00e9cup\u00e9rable de 40 Trous Noir disponible pour une croissance optimale des racines.<br \/>\nCaract\u00e9ristiques techniques<\/p>\n<p>Aspect : Mat<br \/>\nLongueur : 50 cm<br \/>\nLargeur : 33 cm<br \/>\nHauteur : 4,7 cm<br \/>\nDiam\u00e8tre inf\u00e9rieur : 2,8 cm<br \/>\nNombre de trous totaux : 77<br \/>\nNombre d&rsquo;alv\u00e9oles : 77<br \/>\nDiam\u00e8tre des alv\u00e9oles : 3,4 cm<br \/>\nVolume des alv\u00e9oles : 32 cc<br \/>\nHauteur des alv\u00e9oles : 4,7 cm<\/p>\n<p>Cultivez vos r\u00eaves avec notre Plaque de semis r\u00e9cup\u00e9rable 77 Trous Noir et profitez de la satisfaction de voir vos semis se transformer en plantes florissantes et productives !<\/p>","protected":false},"excerpt":{"rendered":"<p>Cultivez vos semis et repiquages facilement avec notre plaque alv\u00e9ol\u00e9e noire de 77 trous. R\u00e9sistante et r\u00e9utilisable, elle vous permet de faire des \u00e9conomies et de jardiner de mani\u00e8re \u00e9cologique.<\/p>","protected":false},"featured_media":20740,"comment_status":"open","ping_status":"closed","template":"","meta":[],"product_brand":[],"product_cat":[203],"product_tag":[],"class_list":{"0":"post-20703","1":"product","2":"type-product","3":"status-publish","4":"has-post-thumbnail","6":"product_cat-alveoles","8":"first","9":"instock","10":"shipping-taxable","11":"purchasable","12":"product-type-simple"},"_links":{"self":[{"href":"https:\/\/agrimateriel.com\/en\/wp-json\/wp\/v2\/product\/20703","targetHints":{"allow":["GET"]}}],"collection":[{"href":"https:\/\/agrimateriel.com\/en\/wp-json\/wp\/v2\/product"}],"about":[{"href":"https:\/\/agrimateriel.com\/en\/wp-json\/wp\/v2\/types\/product"}],"replies":[{"embeddable":true,"href":"https:\/\/agrimateriel.com\/en\/wp-json\/wp\/v2\/comments?post=20703"}],"version-history":[{"count":1,"href":"https:\/\/agrimateriel.com\/en\/wp-json\/wp\/v2\/product\/20703\/revisions"}],"predecessor-version":[{"id":20741,"href":"https:\/\/agrimateriel.com\/en\/wp-json\/wp\/v2\/product\/20703\/revisions\/20741"}],"wp:featuredmedia":[{"embeddable":true,"href":"https:\/\/agrimateriel.com\/en\/wp-json\/wp\/v2\/media\/20740"}],"wp:attachment":[{"href":"https:\/\/agrimateriel.com\/en\/wp-json\/wp\/v2\/media?parent=20703"}],"wp:term":[{"taxonomy":"product_brand","embeddable":true,"href":"https:\/\/agrimateriel.com\/en\/wp-json\/wp\/v2\/product_brand?post=20703"},{"taxonomy":"product_cat","embeddable":true,"href":"https:\/\/agrimateriel.com\/en\/wp-json\/wp\/v2\/product_cat?post=20703"},{"taxonomy":"product_tag","embeddable":true,"href":"https:\/\/agrimateriel.com\/en\/wp-json\/wp\/v2\/product_tag?post=20703"}],"curies":[{"name":"wp","href":"https:\/\/api.w.org\/{rel}","templated":true}]}}