{"id":20704,"date":"2025-10-16T11:37:46","date_gmt":"2025-10-16T11:37:46","guid":{"rendered":"https:\/\/agrimateriel.com\/?post_type=product&#038;p=20704"},"modified":"2025-10-26T11:45:56","modified_gmt":"2025-10-26T11:45:56","slug":"plaque-alveolee-de-semis-104-trous-x2-noir","status":"publish","type":"product","link":"https:\/\/agrimateriel.com\/en\/nos-produits\/plaque-alveolee-de-semis-104-trous-x2-noir\/","title":{"rendered":"Plaque alv\u00e9ol\u00e9e de semis 104 trous (x2) Noir"},"content":{"rendered":"<p>Cultivez vos semis en s\u00e9rie avec notre lot de 2 plaques alv\u00e9ol\u00e9es noires de 104 trous !<br \/>\nVous r\u00eavez d&rsquo;un potager foisonnant ou d&rsquo;un jardin luxuriant ? Commencez par cultiver vos semis dans les meilleures conditions avec notre Plaque alv\u00e9ol\u00e9e de semis 104 trous (x2) Noir.<br \/>\nParfaites pour tous vos semis et repiquages<br \/>\nQue vous cultiviez des l\u00e9gumes, des fleurs ou des herbes aromatiques, ces plaques alv\u00e9ol\u00e9es s&rsquo;adaptent \u00e0 tous vos besoins. Leurs 104 alv\u00e9oles de 3,4 cm de diam\u00e8tre offrent un espace suffisant pour accueillir vos jeunes plants et favoriser leur croissance vigoureuse.<br \/>\nDurabilit\u00e9 et \u00e9conomie<br \/>\nFabriqu\u00e9es en plastique robuste et de haute qualit\u00e9, nos plaques alv\u00e9ol\u00e9es sont con\u00e7ues pour durer. Avec un entretien appropri\u00e9, vous pourrez les r\u00e9utiliser pendant de nombreuses ann\u00e9es, ce qui vous permet de faire des \u00e9conomies et de r\u00e9duire votre impact environnemental.<br \/>\nApprouv\u00e9es par les professionnels<br \/>\nValid\u00e9es et utilis\u00e9es quotidiennement par les professionnels de l&rsquo;horticulture, ces plaques alv\u00e9ol\u00e9es r\u00e9pondent aux exigences les plus strictes en mati\u00e8re de qualit\u00e9 et de performance.<br \/>\nDrainage optimal<br \/>\nGr\u00e2ce \u00e0 leurs fonds d&rsquo;alv\u00e9oles sur deux niveaux, ces plaques assurent un drainage optimal, emp\u00eachant l&rsquo;eau de stagner et favorisant ainsi la sant\u00e9 des racines de vos jeunes plants.<br \/>\nExtraction facile des semis<br \/>\nLes parois fines et souples des alv\u00e9oles permettent d&rsquo;extraire les semis ais\u00e9ment en les pin\u00e7ant simplement, sans les ab\u00eemer.<br \/>\nA\u00e9ration optimale<br \/>\nDes trous suppl\u00e9mentaires sont pr\u00e9sents sur le haut de la plaque pour garantir une a\u00e9ration optimale. Ces trous \u00e9vitent que l&rsquo;eau ne stagne \u00e0 la surface en cas d&rsquo;arrosage par le dessus, pr\u00e9venant ainsi le d\u00e9veloppement de maladies fongiques et l&rsquo;apparition de moisissure dans le substrat. Nous avons \u00e9galement une plaque alv\u00e9ole con\u00e7ue pour une repiquage de 77 trous.<br \/>\nCaract\u00e9ristiques techniques<\/p>\n<p>Lot de 2 plaques alv\u00e9ol\u00e9es<br \/>\nAspect : Mat<br \/>\nLongueur : 54 cm<br \/>\nLargeur : 31 cm<br \/>\nHauteur : 5,4 cm<br \/>\nDiam\u00e8tre inf\u00e9rieur : 2,6 cm<br \/>\nNombre de trous totaux : 104<br \/>\nNombre d&rsquo;alv\u00e9oles : 104<br \/>\nDiam\u00e8tre des alv\u00e9oles : 3,4 cm<br \/>\nVolume des alv\u00e9oles : 35 cc<br \/>\nHauteur des alv\u00e9oles : 5,2 cm<\/p>\n<p>Cultivez vos r\u00eaves avec notre Plaque alv\u00e9ol\u00e9e de semis 104 trous (x2) Noir et profitez de la satisfaction de voir vos semis se transformer en plantes florissantes et productives !<\/p>","protected":false},"excerpt":{"rendered":"<p>Cultivez vos semis en s\u00e9rie avec notre lot de 2 plaques alv\u00e9ol\u00e9es noires de 104 trous ! Id\u00e9al pour un semis r\u00e9ussi et repiquage facile, ce lot \u00e9conomique et durable vous accompagnera dans vos projets de jardinage.<\/p>","protected":false},"featured_media":20742,"comment_status":"open","ping_status":"closed","template":"","meta":[],"product_brand":[],"product_cat":[203],"product_tag":[],"class_list":{"0":"post-20704","1":"product","2":"type-product","3":"status-publish","4":"has-post-thumbnail","6":"product_cat-alveoles","8":"first","9":"instock","10":"shipping-taxable","11":"purchasable","12":"product-type-simple"},"_links":{"self":[{"href":"https:\/\/agrimateriel.com\/en\/wp-json\/wp\/v2\/product\/20704","targetHints":{"allow":["GET"]}}],"collection":[{"href":"https:\/\/agrimateriel.com\/en\/wp-json\/wp\/v2\/product"}],"about":[{"href":"https:\/\/agrimateriel.com\/en\/wp-json\/wp\/v2\/types\/product"}],"replies":[{"embeddable":true,"href":"https:\/\/agrimateriel.com\/en\/wp-json\/wp\/v2\/comments?post=20704"}],"version-history":[{"count":1,"href":"https:\/\/agrimateriel.com\/en\/wp-json\/wp\/v2\/product\/20704\/revisions"}],"predecessor-version":[{"id":20743,"href":"https:\/\/agrimateriel.com\/en\/wp-json\/wp\/v2\/product\/20704\/revisions\/20743"}],"wp:featuredmedia":[{"embeddable":true,"href":"https:\/\/agrimateriel.com\/en\/wp-json\/wp\/v2\/media\/20742"}],"wp:attachment":[{"href":"https:\/\/agrimateriel.com\/en\/wp-json\/wp\/v2\/media?parent=20704"}],"wp:term":[{"taxonomy":"product_brand","embeddable":true,"href":"https:\/\/agrimateriel.com\/en\/wp-json\/wp\/v2\/product_brand?post=20704"},{"taxonomy":"product_cat","embeddable":true,"href":"https:\/\/agrimateriel.com\/en\/wp-json\/wp\/v2\/product_cat?post=20704"},{"taxonomy":"product_tag","embeddable":true,"href":"https:\/\/agrimateriel.com\/en\/wp-json\/wp\/v2\/product_tag?post=20704"}],"curies":[{"name":"wp","href":"https:\/\/api.w.org\/{rel}","templated":true}]}}