{"id":20715,"date":"2025-10-16T11:37:47","date_gmt":"2025-10-16T11:37:47","guid":{"rendered":"https:\/\/agrimateriel.com\/?post_type=product&#038;p=20715"},"modified":"2025-10-26T11:50:13","modified_gmt":"2025-10-26T11:50:13","slug":"motobineuse-legere-tlk-95-4farmer-bleu","status":"publish","type":"product","link":"https:\/\/agrimateriel.com\/en\/nos-produits\/motobineuse-legere-tlk-95-4farmer-bleu\/","title":{"rendered":"Motobineuse l\u00e9g\u00e8re TLK 95 4FARMER &#8211; bleu"},"content":{"rendered":"<p>Motobineuse L\u00e9g\u00e8re TLK 95 4FARMER &#8211; Bleu<br \/>\nGr\u00e2ce aux progr\u00e8s de la technologie dans la production moderne des machines agricoles, les travaux de pose de pelouse ou d&rsquo;entretien du sol pour les semis deviennent moins p\u00e9nibles et plus automatis\u00e9s. Pour les propri\u00e9taires de grandes surfaces cultiv\u00e9es ou les entreprises de jardinage, ces machines sont inestimables car elles permettent de gagner du temps et d&rsquo;obtenir une meilleure efficacit\u00e9 de travail.<br \/>\nFonctionnement et Utilisation<br \/>\nLa motobineuse l\u00e9g\u00e8re TLK 95 4FARMER est con\u00e7ue pour creuser, \u00e9mietter et ameublir m\u00e9caniquement le sol. Elle permet d&rsquo;enlever l&rsquo;ancienne pelouse, de d\u00e9terrer le sol, d&rsquo;\u00e9liminer les mauvaises herbes et de niveler le terrain pour pr\u00e9parer une nouvelle pelouse ou des cultures mara\u00eech\u00e8res. Il est \u00e9galement disponible en coloris Rouge.<br \/>\nCaract\u00e9ristiques Principales<\/p>\n<p>Construction Solide : Robuste et solide, cette motobineuse est con\u00e7ue pour durer dans le temps.<br \/>\nFacilit\u00e9 d&rsquo;Entretien : La fonction rabat inclinable facilite le nettoyage et offre un meilleur acc\u00e8s \u00e0 l&rsquo;arbre principal de l&rsquo;axe du couteau.<br \/>\nPuissance Requise : Un tracteur d&rsquo;une puissance minimale recommand\u00e9e de 12 CV est n\u00e9cessaire pour un fonctionnement efficace.<br \/>\nTransmission S\u00e9curis\u00e9e : Utilise une cha\u00eene de transmission avec un arbre de prise de force \u00e9quip\u00e9 d&rsquo;une protection pour assurer la s\u00e9curit\u00e9.<\/p>\n<p>Avantages de l&rsquo;Utilisation<\/p>\n<p>R\u00e9coltes Abondantes : Pr\u00e9pare le sol pour des r\u00e9coltes de l\u00e9gumes et de fruits abondantes.<br \/>\nPelouse Luxuriante : Permet d&rsquo;obtenir une pelouse uniforme et luxuriante en rempla\u00e7ant le vieux gazon ou l&rsquo;herbe s\u00e9ch\u00e9e.<\/p>\n<p>Sp\u00e9cifications Techniques<\/p>\n<p>Marque : 4Agriculteur<br \/>\nPuissance Requise du Tracteur : Minimum 12 CV<br \/>\nLargeur de Travail : 950 mm<br \/>\nNombre de Couteaux : 20<br \/>\nPDF\/PDF : 540 tr\/min<br \/>\nPoint d&rsquo;Attache : 3 points<br \/>\nPoids : 131 kg<br \/>\nCouleur : Bleu<br \/>\nProfondeur de Travail : 80 &#8211; 120 mm<\/p>\n<p>La Motobineuse l\u00e9g\u00e8re TLK 95 4FARMER &#8211; bleu est un motoculteur indispensable pour pr\u00e9parer efficacement le sol et obtenir des r\u00e9sultats exceptionnels en jardinage et en agriculture. Son utilisation simplifi\u00e9e et ses performances fiables en font un choix incontournable pour tout amateur ou professionnel de l&rsquo;entretien des cultures.<\/p>","protected":false},"excerpt":{"rendered":"<p>La motobineuse l\u00e9g\u00e8re TLK 95 4FARMER en bleu est un produit neuf de la marque 4Agriculteur. Requ\u00e9rant une puissance minimale de tracteur de 12 HP, elle offre une largeur de travail de 950 mm. \u00c9quip\u00e9e de 20 couteaux, elle fonctionne \u00e0 une vitesse de PDF\/PDF de 540 tr\/min. Elle se monte facilement sur une attache 3 points et est compatible avec le syst\u00e8me CAT I.<\/p>","protected":false},"featured_media":20807,"comment_status":"open","ping_status":"closed","template":"","meta":[],"product_brand":[],"product_cat":[206],"product_tag":[],"class_list":{"0":"post-20715","1":"product","2":"type-product","3":"status-publish","4":"has-post-thumbnail","6":"product_cat-motoculteurs","8":"first","9":"instock","10":"shipping-taxable","11":"purchasable","12":"product-type-simple"},"_links":{"self":[{"href":"https:\/\/agrimateriel.com\/en\/wp-json\/wp\/v2\/product\/20715","targetHints":{"allow":["GET"]}}],"collection":[{"href":"https:\/\/agrimateriel.com\/en\/wp-json\/wp\/v2\/product"}],"about":[{"href":"https:\/\/agrimateriel.com\/en\/wp-json\/wp\/v2\/types\/product"}],"replies":[{"embeddable":true,"href":"https:\/\/agrimateriel.com\/en\/wp-json\/wp\/v2\/comments?post=20715"}],"version-history":[{"count":1,"href":"https:\/\/agrimateriel.com\/en\/wp-json\/wp\/v2\/product\/20715\/revisions"}],"predecessor-version":[{"id":20808,"href":"https:\/\/agrimateriel.com\/en\/wp-json\/wp\/v2\/product\/20715\/revisions\/20808"}],"wp:featuredmedia":[{"embeddable":true,"href":"https:\/\/agrimateriel.com\/en\/wp-json\/wp\/v2\/media\/20807"}],"wp:attachment":[{"href":"https:\/\/agrimateriel.com\/en\/wp-json\/wp\/v2\/media?parent=20715"}],"wp:term":[{"taxonomy":"product_brand","embeddable":true,"href":"https:\/\/agrimateriel.com\/en\/wp-json\/wp\/v2\/product_brand?post=20715"},{"taxonomy":"product_cat","embeddable":true,"href":"https:\/\/agrimateriel.com\/en\/wp-json\/wp\/v2\/product_cat?post=20715"},{"taxonomy":"product_tag","embeddable":true,"href":"https:\/\/agrimateriel.com\/en\/wp-json\/wp\/v2\/product_tag?post=20715"}],"curies":[{"name":"wp","href":"https:\/\/api.w.org\/{rel}","templated":true}]}}