{"id":20755,"date":"2025-10-16T11:38:15","date_gmt":"2025-10-16T11:38:15","guid":{"rendered":"https:\/\/agrimateriel.com\/?post_type=product&#038;p=20755"},"modified":"2025-10-26T11:49:44","modified_gmt":"2025-10-26T11:49:44","slug":"motobineuse-legere-tlsk-85-4farmer-avec-levier-de-vitesse","status":"publish","type":"product","link":"https:\/\/agrimateriel.com\/en\/nos-produits\/motobineuse-legere-tlsk-85-4farmer-avec-levier-de-vitesse\/","title":{"rendered":"Motobineuse l\u00e9g\u00e8re TLSK 85 4FARMER avec levier de vitesse"},"content":{"rendered":"<p>Motobineuse l\u00e9g\u00e8re TLSK 85 4FARMER avec levier de vitesse<br \/>\nGr\u00e2ce aux possibilit\u00e9s de production moderne de machines agricoles, ainsi qu&rsquo;aux progr\u00e8s de la technologie, les travaux de pose de pelouse ou d&rsquo;entretien du sol pour les semis deviennent moins p\u00e9nibles et plus automatis\u00e9s. Pour les propri\u00e9taires de grandes superficies cultiv\u00e9es ou les entreprises de jardinage, les machines agricoles sont inestimables car elles permettent de gagner du temps et d&rsquo;obtenir une meilleure efficacit\u00e9 de travail.<br \/>\nImportance de la pr\u00e9paration du sol<br \/>\nAfin de profiter d\u2019une belle pelouse \u00e9paisse ou de grandes r\u00e9coltes de l\u00e9gumes et de fruits, une bonne pr\u00e9paration du sol est tr\u00e8s importante. Ces travaux visent avant tout \u00e0 le rendre moelleux. Le sol ne doit pas \u00eatre trop compact ni trop l\u00e9ger. Il faut \u00e9galement veiller \u00e0 ce qu&rsquo;il ait le niveau d&rsquo;humidit\u00e9 et d&rsquo;a\u00e9ration appropri\u00e9. Un probl\u00e8me important est de fournir la quantit\u00e9 appropri\u00e9e de nutriments pour assurer une bonne croissance des plantes, notamment en veillant \u00e0 la teneur en humus du sol.<br \/>\nPourquoi utiliser un motoculteur ?<br \/>\nUn rotavateur est un appareil dont la t\u00e2che est de creuser, d&rsquo;\u00e9mietter et d&rsquo;ameublir m\u00e9caniquement le sol. Gr\u00e2ce au fonctionnement du motoculteur, nous pouvons enlever l&rsquo;ancienne pelouse, d\u00e9terrer le sol, \u00e9liminer les mauvaises herbes, niveler le sol, tout en pr\u00e9parant une nouvelle pelouse ou des cultures mara\u00eech\u00e8res. De plus, le rotavateur est utilis\u00e9 dans la culture fruiti\u00e8re, pour la culture de la vigne ou pour le d\u00e9sherbage entre les rangs.<br \/>\nFonctionnement pratique<br \/>\nGr\u00e2ce aux lames rotatives, les fragments de terre sont coup\u00e9s et broy\u00e9s. Le motoculteur est \u00e9quip\u00e9 de couteaux massifs incurv\u00e9s sur les c\u00f4t\u00e9s qui m\u00e9langent soigneusement le sol. Ils sont mont\u00e9s sur l&rsquo;arbre de travail, 4 pi\u00e8ces sur chaque section, 20 pi\u00e8ces au total. La largeur de travail est de 85 cm et la profondeur de travail est de 8 \u00e0 12 cm. Pour un fonctionnement optimal, le motoculteur doit \u00eatre utilis\u00e9 avec un tracteur d&rsquo;une puissance recommand\u00e9e d&rsquo;au moins 10 CV. Cela assure un sol bien pr\u00e9par\u00e9 pour les travaux ult\u00e9rieurs.<br \/>\nLe motoculteur utilise une cha\u00eene de transmission, n\u00e9cessitant un arbre de prise de force avec protection, c&rsquo;est-\u00e0-dire une cale de s\u00e9curit\u00e9 ou un embrayage pour prot\u00e9ger les engrenages du tracteur et la transmission de la machine.<br \/>\nAvantages du TLSK 85 4FARMER<br \/>\nLe motoculteur TLSK 85 4FARMER est de construction simple et solidement fabriqu\u00e9. La fonction rabat inclinable facilite le maintien de la machine propre et offre un meilleur acc\u00e8s \u00e0 l&rsquo;arbre principal de l&rsquo;axe du couteau. Vous pouvez \u00e9galement opter pour une largeur de travail de 950 mm et un \u00e9quipement de 16 couteaux avec le Motoculteur TL 95 Geograss.<br \/>\nR\u00e9sultats attendus<br \/>\nL&rsquo;utilisation du Motobineuse l\u00e9g\u00e8re TLSK 85 4FARMER avec levier de vitesse assure des r\u00e9coltes abondantes de l\u00e9gumes et de fruits, ainsi qu&rsquo;une pelouse uniforme et luxuriante apr\u00e8s avoir remplac\u00e9 le vieux gazon ou l&rsquo;herbe s\u00e9ch\u00e9e.<br \/>\nSp\u00e9cifications techniques<\/p>\n<p>\u00c9tat : Nouveau<br \/>\nMarque : 4Agriculteur<br \/>\nPuissance minimale requise du tracteur : 10 HP<br \/>\nLargeur de travail : 850 mm<br \/>\nNombre de couteaux : 20<br \/>\nPDF : 540 tr\/min<br \/>\nMontage : 3 points<br \/>\nPoids : 125 kg<br \/>\nD\u00e9placement lat\u00e9ral : 100 mm<br \/>\nType de d\u00e9placement lat\u00e9ral : M\u00e9canique<br \/>\nCouleur : Orange<\/p>","protected":false},"excerpt":{"rendered":"<p>La motobineuse l\u00e9g\u00e8re TLSK 85 4FARMER avec levier de vitesse est un produit neuf de la marque 4Agriculteur. Elle n\u00e9cessite une puissance minimale de tracteur de 10 HP et offre une largeur de travail de 850 mm. \u00c9quip\u00e9e de 20 couteaux, elle fonctionne \u00e0 une vitesse de PDF de 540 tr\/min. Facile \u00e0 monter avec une attache 3 points et compatible avec le syst\u00e8me CAT I, cette motobineuse est con\u00e7ue pour une performance optimale.<\/p>","protected":false},"featured_media":20817,"comment_status":"open","ping_status":"closed","template":"","meta":[],"product_brand":[],"product_cat":[206],"product_tag":[],"class_list":{"0":"post-20755","1":"product","2":"type-product","3":"status-publish","4":"has-post-thumbnail","6":"product_cat-motoculteurs","8":"first","9":"instock","10":"shipping-taxable","11":"purchasable","12":"product-type-simple"},"_links":{"self":[{"href":"https:\/\/agrimateriel.com\/en\/wp-json\/wp\/v2\/product\/20755","targetHints":{"allow":["GET"]}}],"collection":[{"href":"https:\/\/agrimateriel.com\/en\/wp-json\/wp\/v2\/product"}],"about":[{"href":"https:\/\/agrimateriel.com\/en\/wp-json\/wp\/v2\/types\/product"}],"replies":[{"embeddable":true,"href":"https:\/\/agrimateriel.com\/en\/wp-json\/wp\/v2\/comments?post=20755"}],"version-history":[{"count":1,"href":"https:\/\/agrimateriel.com\/en\/wp-json\/wp\/v2\/product\/20755\/revisions"}],"predecessor-version":[{"id":20818,"href":"https:\/\/agrimateriel.com\/en\/wp-json\/wp\/v2\/product\/20755\/revisions\/20818"}],"wp:featuredmedia":[{"embeddable":true,"href":"https:\/\/agrimateriel.com\/en\/wp-json\/wp\/v2\/media\/20817"}],"wp:attachment":[{"href":"https:\/\/agrimateriel.com\/en\/wp-json\/wp\/v2\/media?parent=20755"}],"wp:term":[{"taxonomy":"product_brand","embeddable":true,"href":"https:\/\/agrimateriel.com\/en\/wp-json\/wp\/v2\/product_brand?post=20755"},{"taxonomy":"product_cat","embeddable":true,"href":"https:\/\/agrimateriel.com\/en\/wp-json\/wp\/v2\/product_cat?post=20755"},{"taxonomy":"product_tag","embeddable":true,"href":"https:\/\/agrimateriel.com\/en\/wp-json\/wp\/v2\/product_tag?post=20755"}],"curies":[{"name":"wp","href":"https:\/\/api.w.org\/{rel}","templated":true}]}}