{"id":20756,"date":"2025-10-16T11:38:15","date_gmt":"2025-10-16T11:38:15","guid":{"rendered":"https:\/\/agrimateriel.com\/?post_type=product&#038;p=20756"},"modified":"2025-10-26T12:04:00","modified_gmt":"2025-10-26T12:04:00","slug":"binette-a-fleur-rivetee-34-cm","status":"publish","type":"product","link":"https:\/\/agrimateriel.com\/en\/nos-produits\/binette-a-fleur-rivetee-34-cm\/","title":{"rendered":"Binette \u00e0 fleur rivet\u00e9e 34 cm"},"content":{"rendered":"<p>Binette \u00e0 Fleur Rivet\u00e9e 34 cm<br \/>\nCette binette \u00e0 fleur rivet\u00e9e est con\u00e7ue pour venir \u00e0 bout de toutes les mauvaises herbes, mousses et sols trop compacts gr\u00e2ce \u00e0 ses nombreuses qualit\u00e9s. Robuste et r\u00e9sistante, elle est en acier, ce qui permet un travail facile de la terre et une plus grande efficacit\u00e9. Pour le ratissage des feuilles, choisissez le R\u00e2teau \u00e0 Arc DO-M 40. Con\u00e7u pour une efficacit\u00e9 maximale, il vous permet de maintenir votre jardin propre et bien entretenu avec facilit\u00e9.<br \/>\nCaract\u00e9ristiques et Avantages<\/p>\n<p>Mat\u00e9riau : Acier pour la t\u00eate et bois de fr\u00eane vernis pour le manche. L&rsquo;acier assure robustesse et durabilit\u00e9, tandis que le bois de fr\u00eane offre une prise en main confortable et une utilisation agr\u00e9able.<br \/>\nPolyvalence : Id\u00e9ale pour sarcler, biner, ratisser, d\u00e9sherber et ameublir le sol. Sa polyvalence en fait un outil indispensable pour votre jardin.<br \/>\nManiabilit\u00e9 : Avec une longueur de 34 cm, elle est tr\u00e8s maniable et adapt\u00e9e pour de nombreuses occasions au jardin, que ce soit pour le travail et l&rsquo;entretien des massifs, des pots ou des jardini\u00e8res.<\/p>\n<p>Conseils d&rsquo;Entretien<\/p>\n<p>Nettoyage : Rincer \u00e0 l&rsquo;eau apr\u00e8s utilisation.<br \/>\nS\u00e9chage : Laisser s\u00e9cher naturellement.<br \/>\nLubrification : Lubrifier l\u00e9g\u00e8rement apr\u00e8s utilisation pour pr\u00e9venir la rouille et prolonger la dur\u00e9e de vie de l&rsquo;outil.<\/p>\n<p>Sp\u00e9cifications Techniques<\/p>\n<p>Couleur : Marron<br \/>\nMat\u00e9riau : Acier et bois<br \/>\nOrigine : France (Basse-Normandie)<br \/>\nLongueur du manche : 135 mm<\/p>\n<p>Cette binette \u00e0 fleur est un outil de jardinage de haute qualit\u00e9, fabriqu\u00e9 en France, qui combine robustesse et praticit\u00e9 pour r\u00e9pondre \u00e0 tous vos besoins de jardinage.<\/p>","protected":false},"excerpt":{"rendered":"<p>Cette binette \u00e0 fleur rivet\u00e9e de 34 cm est con\u00e7ue pour \u00e9liminer efficacement toutes les mauvaises herbes, mousses et sols compacts. Fabriqu\u00e9e en acier robuste et r\u00e9sistant, elle facilite le travail de la terre et offre une grande efficacit\u00e9. Polyvalente, elle permet de sarcler, biner, ratisser, d\u00e9sherber et ameublir sans effort. Son manche en bois de fr\u00eane vernis assure une utilisation confortable et une prise en main facile. Mesurant 34 cm, cette binette est tr\u00e8s maniable et deviendra un outil indispensable pour de nombreuses t\u00e2ches au jardin.<\/p>","protected":false},"featured_media":20827,"comment_status":"open","ping_status":"closed","template":"","meta":[],"product_brand":[],"product_cat":[202],"product_tag":[],"class_list":{"0":"post-20756","1":"product","2":"type-product","3":"status-publish","4":"has-post-thumbnail","6":"product_cat-outils-a-main","8":"first","9":"instock","10":"shipping-taxable","11":"purchasable","12":"product-type-simple"},"_links":{"self":[{"href":"https:\/\/agrimateriel.com\/en\/wp-json\/wp\/v2\/product\/20756","targetHints":{"allow":["GET"]}}],"collection":[{"href":"https:\/\/agrimateriel.com\/en\/wp-json\/wp\/v2\/product"}],"about":[{"href":"https:\/\/agrimateriel.com\/en\/wp-json\/wp\/v2\/types\/product"}],"replies":[{"embeddable":true,"href":"https:\/\/agrimateriel.com\/en\/wp-json\/wp\/v2\/comments?post=20756"}],"version-history":[{"count":1,"href":"https:\/\/agrimateriel.com\/en\/wp-json\/wp\/v2\/product\/20756\/revisions"}],"predecessor-version":[{"id":20828,"href":"https:\/\/agrimateriel.com\/en\/wp-json\/wp\/v2\/product\/20756\/revisions\/20828"}],"wp:featuredmedia":[{"embeddable":true,"href":"https:\/\/agrimateriel.com\/en\/wp-json\/wp\/v2\/media\/20827"}],"wp:attachment":[{"href":"https:\/\/agrimateriel.com\/en\/wp-json\/wp\/v2\/media?parent=20756"}],"wp:term":[{"taxonomy":"product_brand","embeddable":true,"href":"https:\/\/agrimateriel.com\/en\/wp-json\/wp\/v2\/product_brand?post=20756"},{"taxonomy":"product_cat","embeddable":true,"href":"https:\/\/agrimateriel.com\/en\/wp-json\/wp\/v2\/product_cat?post=20756"},{"taxonomy":"product_tag","embeddable":true,"href":"https:\/\/agrimateriel.com\/en\/wp-json\/wp\/v2\/product_tag?post=20756"}],"curies":[{"name":"wp","href":"https:\/\/api.w.org\/{rel}","templated":true}]}}