{"id":20923,"date":"2025-10-16T11:41:14","date_gmt":"2025-10-16T11:41:14","guid":{"rendered":"https:\/\/agrimateriel.com\/?post_type=product&#038;p=20923"},"modified":"2025-10-26T12:03:35","modified_gmt":"2025-10-26T12:03:35","slug":"secateur-greffage-arbre-fruitier","status":"publish","type":"product","link":"https:\/\/agrimateriel.com\/en\/nos-produits\/secateur-greffage-arbre-fruitier\/","title":{"rendered":"S\u00e9cateur Greffage Arbre Fruitier"},"content":{"rendered":"<p>S\u00e9cateur de Greffage pour Arbres Fruitiers<br \/>\nCe s\u00e9cateur de greffage est sp\u00e9cialement con\u00e7u pour des greffes pr\u00e9cises et efficaces, id\u00e9al pour divers types de v\u00e9g\u00e9taux, notamment :<\/p>\n<p>Arbres fruitiers<br \/>\nCanne \u00e0 sucre<br \/>\nL\u00e9gumes<br \/>\nGazon et bois<\/p>\n<p>Caract\u00e9ristiques techniques :<\/p>\n<p>Type de greffage : Adapt\u00e9 aux greffes de branches et tiges pour des r\u00e9sultats durables<br \/>\nUtilisation : Polyvalent, peut \u00eatre utilis\u00e9 pour des greffes d\u2019arbres, de l\u00e9gumes et de plants divers<br \/>\nPr\u00e9cision : Lames de haute qualit\u00e9 pour une coupe nette, favorisant une meilleure int\u00e9gration des greffons. <\/p>\n<p>Avantages :<\/p>\n<p>Greffage rapide et efficace : Le s\u00e9cateur permet de r\u00e9aliser des greffes parfaites en un seul geste, r\u00e9duisant le stress des plantes.<br \/>\nPolyvalence d\u2019usage : Convient autant aux arboriculteurs qu\u2019aux jardiniers passionn\u00e9s.<br \/>\nManiabilit\u00e9 et confort : Poign\u00e9e ergonomique pour une prise en main facile et des greffages sans fatigue.<\/p>\n<p>Id\u00e9al pour les vergers et les cultures mara\u00eech\u00e8res, ce s\u00e9cateur de greffage est un outil essentiel pour obtenir des greffes r\u00e9ussies et durables. D\u00e9couvrez aussi la toute nouvelle \u00c9greneuse \u00e0 D\u00e9cortiquer le Ma\u00efs ! Con\u00e7ue pour simplifier la pr\u00e9paration du ma\u00efs, cette \u00e9greneuse permet de d\u00e9cortiquer efficacement et rapidement les grains.<\/p>","protected":false},"excerpt":{"rendered":"<p>Le s\u00e9cateur de greffage pour arbres fruitiers est sp\u00e9cialement con\u00e7u pour le greffage pr\u00e9cis des arbres fruitiers, mais convient \u00e9galement pour la canne \u00e0 sucre, les l\u00e9gumes, le gazon et le bois.<\/p>","protected":false},"featured_media":21017,"comment_status":"open","ping_status":"closed","template":"","meta":[],"product_brand":[],"product_cat":[202],"product_tag":[],"class_list":{"0":"post-20923","1":"product","2":"type-product","3":"status-publish","4":"has-post-thumbnail","6":"product_cat-outils-a-main","8":"first","9":"instock","10":"shipping-taxable","11":"purchasable","12":"product-type-simple"},"_links":{"self":[{"href":"https:\/\/agrimateriel.com\/en\/wp-json\/wp\/v2\/product\/20923","targetHints":{"allow":["GET"]}}],"collection":[{"href":"https:\/\/agrimateriel.com\/en\/wp-json\/wp\/v2\/product"}],"about":[{"href":"https:\/\/agrimateriel.com\/en\/wp-json\/wp\/v2\/types\/product"}],"replies":[{"embeddable":true,"href":"https:\/\/agrimateriel.com\/en\/wp-json\/wp\/v2\/comments?post=20923"}],"version-history":[{"count":1,"href":"https:\/\/agrimateriel.com\/en\/wp-json\/wp\/v2\/product\/20923\/revisions"}],"predecessor-version":[{"id":21018,"href":"https:\/\/agrimateriel.com\/en\/wp-json\/wp\/v2\/product\/20923\/revisions\/21018"}],"wp:featuredmedia":[{"embeddable":true,"href":"https:\/\/agrimateriel.com\/en\/wp-json\/wp\/v2\/media\/21017"}],"wp:attachment":[{"href":"https:\/\/agrimateriel.com\/en\/wp-json\/wp\/v2\/media?parent=20923"}],"wp:term":[{"taxonomy":"product_brand","embeddable":true,"href":"https:\/\/agrimateriel.com\/en\/wp-json\/wp\/v2\/product_brand?post=20923"},{"taxonomy":"product_cat","embeddable":true,"href":"https:\/\/agrimateriel.com\/en\/wp-json\/wp\/v2\/product_cat?post=20923"},{"taxonomy":"product_tag","embeddable":true,"href":"https:\/\/agrimateriel.com\/en\/wp-json\/wp\/v2\/product_tag?post=20923"}],"curies":[{"name":"wp","href":"https:\/\/api.w.org\/{rel}","templated":true}]}}