{"id":20928,"date":"2025-10-16T11:41:15","date_gmt":"2025-10-16T11:41:15","guid":{"rendered":"https:\/\/agrimateriel.com\/?post_type=product&#038;p=20928"},"modified":"2025-10-26T11:41:32","modified_gmt":"2025-10-26T11:41:32","slug":"rouleau-gaine-aveugle-500m","status":"publish","type":"product","link":"https:\/\/agrimateriel.com\/en\/nos-produits\/rouleau-gaine-aveugle-500m\/","title":{"rendered":"Rouleau Gaine Aveugle 500m"},"content":{"rendered":"<p>Rouleau Gaine Aveugle 500m<br \/>\nLe rouleau de gaine rigide PE noir de 500 m\u00e8tres est id\u00e9al pour les syst\u00e8mes d&rsquo;irrigation en agriculture, arboriculture, et horticulture. Sa conception robuste et \u00e9cologique en fait un choix durable et efficace pour diverses applications.<br \/>\nCaract\u00e9ristiques Principales :<\/p>\n<p>Anti-colmatage : R\u00e9duit les risques de blocage pour une irrigation continue.<br \/>\nLongue dur\u00e9e de vie : R\u00e9siste aux conditions ext\u00e9rieures, offrant une solution durable et \u00e9cologique.<br \/>\nAnti-perte et d\u00e9bit uniforme : Assure une distribution d&rsquo;eau r\u00e9guli\u00e8re pour un arrosage optimal.<\/p>\n<p>Caract\u00e9ristiques Techniques :<\/p>\n<p>Couleur : Noir<br \/>\nDimensions : Longueur 500 m, diam\u00e8tre 16 mm, \u00e9paisseur 1 mm<br \/>\n\u00c9cartement : Aveugle (sans perforation, pour une utilisation polyvalente)<\/p>\n<p>Ce rouleau de gaine est une solution pratique et respectueuse de l\u2019environnement pour les syst\u00e8mes d\u2019irrigation \u00e0 grande \u00e9chelle, permettant une distribution d&rsquo;eau ma\u00eetris\u00e9e et fiable.<\/p>","protected":false},"excerpt":{"rendered":"<p>Le rouleau de gaine rigide PE noir de 500 m\u00e8tres est un \u00e9quipement essentiel pour l&rsquo;agriculture, l&rsquo;arboriculture et l&rsquo;horticulture. Avec sa conception anti-colmatage, il garantit une irrigation continue et un d\u00e9bit uniforme, minimisant les pertes d&rsquo;eau. Con\u00e7u pour durer, il r\u00e9siste aux conditions ext\u00e9rieures et constitue une option \u00e9cologique. Ce mod\u00e8le sans perforation, ou \u00ab\u00a0aveugle,\u00a0\u00bb s\u2019adapte \u00e0 de nombreuses utilisations. Ses caract\u00e9ristiques : longueur 500 m, diam\u00e8tre 16 mm, \u00e9paisseur 1 mm, en font un outil performant pour des besoins d&rsquo;irrigation \u00e9tendus.<\/p>","protected":false},"featured_media":21029,"comment_status":"open","ping_status":"closed","template":"","meta":[],"product_brand":[],"product_cat":[215],"product_tag":[],"class_list":{"0":"post-20928","1":"product","2":"type-product","3":"status-publish","4":"has-post-thumbnail","6":"product_cat-systeme-dirrigation","8":"first","9":"instock","10":"shipping-taxable","11":"purchasable","12":"product-type-simple"},"_links":{"self":[{"href":"https:\/\/agrimateriel.com\/en\/wp-json\/wp\/v2\/product\/20928","targetHints":{"allow":["GET"]}}],"collection":[{"href":"https:\/\/agrimateriel.com\/en\/wp-json\/wp\/v2\/product"}],"about":[{"href":"https:\/\/agrimateriel.com\/en\/wp-json\/wp\/v2\/types\/product"}],"replies":[{"embeddable":true,"href":"https:\/\/agrimateriel.com\/en\/wp-json\/wp\/v2\/comments?post=20928"}],"version-history":[{"count":1,"href":"https:\/\/agrimateriel.com\/en\/wp-json\/wp\/v2\/product\/20928\/revisions"}],"predecessor-version":[{"id":21030,"href":"https:\/\/agrimateriel.com\/en\/wp-json\/wp\/v2\/product\/20928\/revisions\/21030"}],"wp:featuredmedia":[{"embeddable":true,"href":"https:\/\/agrimateriel.com\/en\/wp-json\/wp\/v2\/media\/21029"}],"wp:attachment":[{"href":"https:\/\/agrimateriel.com\/en\/wp-json\/wp\/v2\/media?parent=20928"}],"wp:term":[{"taxonomy":"product_brand","embeddable":true,"href":"https:\/\/agrimateriel.com\/en\/wp-json\/wp\/v2\/product_brand?post=20928"},{"taxonomy":"product_cat","embeddable":true,"href":"https:\/\/agrimateriel.com\/en\/wp-json\/wp\/v2\/product_cat?post=20928"},{"taxonomy":"product_tag","embeddable":true,"href":"https:\/\/agrimateriel.com\/en\/wp-json\/wp\/v2\/product_tag?post=20928"}],"curies":[{"name":"wp","href":"https:\/\/api.w.org\/{rel}","templated":true}]}}