{"id":20929,"date":"2025-10-16T11:41:15","date_gmt":"2025-10-16T11:41:15","guid":{"rendered":"https:\/\/agrimateriel.com\/?post_type=product&#038;p=20929"},"modified":"2025-10-29T10:25:28","modified_gmt":"2025-10-29T10:25:28","slug":"balance-electronique-jusqua-40-kg","status":"publish","type":"product","link":"https:\/\/agrimateriel.com\/en\/nos-produits\/balance-electronique-jusqua-40-kg\/","title":{"rendered":"Balance \u00e9lectronique jusqu&rsquo;\u00e0 40 kg"},"content":{"rendered":"<p>Balance \u00c9lectronique Professionnelle jusqu&rsquo;\u00e0 40 kg<br \/>\nId\u00e9ale pour une utilisation commerciale, cette balance \u00e9lectronique offre une capacit\u00e9 de pes\u00e9e de 40 kg avec une pr\u00e9cision exceptionnelle et de nombreuses fonctionnalit\u00e9s qui facilitent les op\u00e9rations quotidiennes.<br \/>\nCaract\u00e9ristiques Principales :<\/p>\n<p>Pr\u00e9cision de Mesure : \u00b1 2 g, garantissant une exactitude fiable pour chaque pes\u00e9e.<br \/>\nAffichage Num\u00e9rique R\u00e9tro\u00e9clair\u00e9 : \u00c9cran \u00e0 cinq chiffres r\u00e9tro\u00e9clair\u00e9 en vert, avec trois \u00e9crans visibles pour le client et l&rsquo;op\u00e9rateur.<br \/>\nCapacit\u00e9 de Batterie : Batterie int\u00e9gr\u00e9e de 4 Ah permettant une utilisation sans fil pendant deux jours et jusqu&rsquo;\u00e0 une semaine en veille.<br \/>\nFonctionnalit\u00e9s Additionnelles :<\/p>\n<p>R\u00e9glage de la tare pour des pes\u00e9es nettes.<br \/>\nFonction de comptage pour des articles en fonction de leur poids.<br \/>\nEntr\u00e9e des prix unitaires et affichage du montant total.<\/p>\n<p>Plateforme Robuste : Con\u00e7ue en m\u00e9tal pour r\u00e9sister aux charges lourdes.<\/p>\n<p>Facilit\u00e9 d\u2019Utilisation et Mobilit\u00e9 :<br \/>\nLa balance est \u00e9quip\u00e9e d&rsquo;un clavier num\u00e9rique pratique pour une saisie rapide des donn\u00e9es et un adaptateur secteur pour une alimentation continue. En mode autonome, elle est id\u00e9ale pour les d\u00e9placements ou les utilisations dans des zones sans alimentation \u00e9lectrique constante. D\u00e9couvrez aussi le tout nouvel Asperseur Canon Haute Pression avec Pied. Con\u00e7u pour une irrigation puissante et efficace, cet asperseur haute pression couvre de grandes surfaces tout en garantissant une distribution uniforme de l\u2019eau.<br \/>\nLa Balance \u00e9lectronique est la solution de pes\u00e9e pr\u00e9cise, pratique et durable, adapt\u00e9e aux commerces de d\u00e9tail et march\u00e9s professionnels.<\/p>","protected":false},"excerpt":{"rendered":"<p>La balance \u00e9lectronique S40, compacte et portable, est id\u00e9ale pour les magasins qui offrent une large gamme de produits. Con\u00e7ue pour peser des objets de petite \u00e0 moyenne taille, elle peut supporter jusqu\u2019\u00e0 40 kg. Sa plateforme m\u00e9tallique robuste assure une utilisation durable, adapt\u00e9e aux articles de poids divers.<\/p>","protected":false},"featured_media":21032,"comment_status":"open","ping_status":"closed","template":"","meta":[],"product_brand":[],"product_cat":[204],"product_tag":[],"class_list":{"0":"post-20929","1":"product","2":"type-product","3":"status-publish","4":"has-post-thumbnail","6":"product_cat-machines-agricoles","8":"first","9":"instock","10":"shipping-taxable","11":"purchasable","12":"product-type-simple"},"_links":{"self":[{"href":"https:\/\/agrimateriel.com\/en\/wp-json\/wp\/v2\/product\/20929","targetHints":{"allow":["GET"]}}],"collection":[{"href":"https:\/\/agrimateriel.com\/en\/wp-json\/wp\/v2\/product"}],"about":[{"href":"https:\/\/agrimateriel.com\/en\/wp-json\/wp\/v2\/types\/product"}],"replies":[{"embeddable":true,"href":"https:\/\/agrimateriel.com\/en\/wp-json\/wp\/v2\/comments?post=20929"}],"version-history":[{"count":1,"href":"https:\/\/agrimateriel.com\/en\/wp-json\/wp\/v2\/product\/20929\/revisions"}],"predecessor-version":[{"id":21033,"href":"https:\/\/agrimateriel.com\/en\/wp-json\/wp\/v2\/product\/20929\/revisions\/21033"}],"wp:featuredmedia":[{"embeddable":true,"href":"https:\/\/agrimateriel.com\/en\/wp-json\/wp\/v2\/media\/21032"}],"wp:attachment":[{"href":"https:\/\/agrimateriel.com\/en\/wp-json\/wp\/v2\/media?parent=20929"}],"wp:term":[{"taxonomy":"product_brand","embeddable":true,"href":"https:\/\/agrimateriel.com\/en\/wp-json\/wp\/v2\/product_brand?post=20929"},{"taxonomy":"product_cat","embeddable":true,"href":"https:\/\/agrimateriel.com\/en\/wp-json\/wp\/v2\/product_cat?post=20929"},{"taxonomy":"product_tag","embeddable":true,"href":"https:\/\/agrimateriel.com\/en\/wp-json\/wp\/v2\/product_tag?post=20929"}],"curies":[{"name":"wp","href":"https:\/\/api.w.org\/{rel}","templated":true}]}}