{"id":20930,"date":"2025-10-16T11:41:15","date_gmt":"2025-10-16T11:41:15","guid":{"rendered":"https:\/\/agrimateriel.com\/?post_type=product&#038;p=20930"},"modified":"2025-10-26T12:03:29","modified_gmt":"2025-10-26T12:03:29","slug":"machine-a-lier-les-plantes","status":"publish","type":"product","link":"https:\/\/agrimateriel.com\/en\/nos-produits\/machine-a-lier-les-plantes\/","title":{"rendered":"Machine \u00e0 Lier Les Plantes"},"content":{"rendered":"<p>Machine \u00e0 Lier Les Plantes &#8211; Mod\u00e8le MBROS<br \/>\nLa machine \u00e0 lier les plantes est l&rsquo;outil id\u00e9al pour les p\u00e9pini\u00e9ristes, arboriculteurs, viticulteurs et agriculteurs cherchant \u00e0 am\u00e9liorer l&rsquo;efficacit\u00e9 du palissage de leurs plantes, vignes et vergers.<br \/>\nCaract\u00e9ristiques Principales :<\/p>\n<p>Bord de Couteau R\u00e9glable : Permet d&rsquo;adapter la largeur pour lier facilement des branches et des vignes, qu&rsquo;elles soient \u00e9paisses ou fines.<br \/>\nSyst\u00e8me de Fonctionnement Simple : Appuyez \u00e0 moiti\u00e9 pour attraper le ruban et appuyez \u00e0 fond pour agrafer et couper, facilitant une utilisation rapide et intuitive.<br \/>\nMat\u00e9riaux Durables : Fabriqu\u00e9 en acier inoxydable de haute qualit\u00e9 et plastique \u00e0 haute r\u00e9sistance, garantissant une longue dur\u00e9e de vie, une grande r\u00e9sistance \u00e0 la rouille et une solidit\u00e9 accrue.<br \/>\nGain de Temps : Ce mod\u00e8le permet de lier les plantes plus rapidement et efficacement que les m\u00e9thodes traditionnelles, comme les colliers de serrage ou les serre-c\u00e2bles, ce qui augmente la productivit\u00e9 dans les plantations.<br \/>\nPratique et \u00c9conomique : Id\u00e9ale pour les applications agricoles et horticoles, cette machine permet de maintenir une organisation soign\u00e9e des plantes tout en \u00e9tant abordable.<\/p>\n<p>Avantages :<\/p>\n<p>Durabilit\u00e9 et R\u00e9sistance : L&rsquo;acier inoxydable offre une protection contre la rouille, et le plastique robuste ne se casse pas facilement.<br \/>\nEfficacit\u00e9 Am\u00e9lior\u00e9e : Avec cette machine, vous r\u00e9duisez le temps et l&rsquo;effort n\u00e9cessaires pour attacher les plantes, ce qui en fait un investissement rentable pour les professionnels.<\/p>\n<p>Cette machine \u00e0 lier est un atout indispensable pour toute personne impliqu\u00e9e dans la culture de plantes n\u00e9cessitant un palissage rapide et durable. D\u00e9couvrez \u00e9galement notre Balance \u00c9lectronique jusqu\u2019\u00e0 40 kg, id\u00e9ale pour peser avec pr\u00e9cision des mat\u00e9riaux, des produits agricoles ou des colis.<\/p>","protected":false},"excerpt":{"rendered":"<p>La Machine \u00e0 Lier Les Plantes est un outil pratique et efficace pour les p\u00e9pini\u00e9ristes, arboriculteurs, et ceux qui cultivent des vignes ou des arbres fruitiers. Avec un bord de couteau r\u00e9glable et une largeur ajustable, elle permet de lier facilement des branches et des vignes, qu\u2019elles soient \u00e9paisses ou fines. L&rsquo;op\u00e9ration est simplifi\u00e9e gr\u00e2ce \u00e0 un m\u00e9canisme facile : appuyez \u00e0 moiti\u00e9 pour attraper le ruban, puis appuyez \u00e0 fond pour agrafer et couper.<\/p>","protected":false},"featured_media":21051,"comment_status":"open","ping_status":"closed","template":"","meta":[],"product_brand":[],"product_cat":[202],"product_tag":[],"class_list":{"0":"post-20930","1":"product","2":"type-product","3":"status-publish","4":"has-post-thumbnail","6":"product_cat-outils-a-main","8":"first","9":"instock","10":"shipping-taxable","11":"purchasable","12":"product-type-simple"},"_links":{"self":[{"href":"https:\/\/agrimateriel.com\/en\/wp-json\/wp\/v2\/product\/20930","targetHints":{"allow":["GET"]}}],"collection":[{"href":"https:\/\/agrimateriel.com\/en\/wp-json\/wp\/v2\/product"}],"about":[{"href":"https:\/\/agrimateriel.com\/en\/wp-json\/wp\/v2\/types\/product"}],"replies":[{"embeddable":true,"href":"https:\/\/agrimateriel.com\/en\/wp-json\/wp\/v2\/comments?post=20930"}],"version-history":[{"count":1,"href":"https:\/\/agrimateriel.com\/en\/wp-json\/wp\/v2\/product\/20930\/revisions"}],"predecessor-version":[{"id":21052,"href":"https:\/\/agrimateriel.com\/en\/wp-json\/wp\/v2\/product\/20930\/revisions\/21052"}],"wp:featuredmedia":[{"embeddable":true,"href":"https:\/\/agrimateriel.com\/en\/wp-json\/wp\/v2\/media\/21051"}],"wp:attachment":[{"href":"https:\/\/agrimateriel.com\/en\/wp-json\/wp\/v2\/media?parent=20930"}],"wp:term":[{"taxonomy":"product_brand","embeddable":true,"href":"https:\/\/agrimateriel.com\/en\/wp-json\/wp\/v2\/product_brand?post=20930"},{"taxonomy":"product_cat","embeddable":true,"href":"https:\/\/agrimateriel.com\/en\/wp-json\/wp\/v2\/product_cat?post=20930"},{"taxonomy":"product_tag","embeddable":true,"href":"https:\/\/agrimateriel.com\/en\/wp-json\/wp\/v2\/product_tag?post=20930"}],"curies":[{"name":"wp","href":"https:\/\/api.w.org\/{rel}","templated":true}]}}