{"id":21083,"date":"2025-10-16T11:44:05","date_gmt":"2025-10-16T11:44:05","guid":{"rendered":"https:\/\/agrimateriel.com\/?post_type=product&#038;p=21083"},"modified":"2025-10-26T11:55:21","modified_gmt":"2025-10-26T11:55:21","slug":"tondeuse-a-gazon-mc-40-l","status":"publish","type":"product","link":"https:\/\/agrimateriel.com\/en\/nos-produits\/tondeuse-a-gazon-mc-40-l\/","title":{"rendered":"Tondeuse \u00e0 Gazon MC -40 L"},"content":{"rendered":"<p>Tondeuse \u00e0 Gazon MC -40 L<br \/>\nLa Tondeuse \u00e0 Gazon MC -40 L est une tondeuse \u00e9lectrique, id\u00e9ale pour les jardins r\u00e9sidentiels d&rsquo;environ 500 m\u00b2. Elle est con\u00e7ue pour offrir une coupe soign\u00e9e et pr\u00e9cise, tout en \u00e9tant robuste et facile \u00e0 entretenir.<br \/>\nCaract\u00e9ristiques principales :<\/p>\n<p>Surface recommand\u00e9e : Jusqu&rsquo;\u00e0 500 m\u00b2, parfaite pour les jardins de taille moyenne.<br \/>\nFinition : Toutes les pi\u00e8ces m\u00e9talliques sont trait\u00e9es contre la corrosion et recouvertes de peinture en poudre polyester polym\u00e9ris\u00e9e \u00e0 220\u00b0C. Ce traitement garantit une durabilit\u00e9 accrue et une finition esth\u00e9tique de haute qualit\u00e9.<br \/>\nRendement : 500 m\u00b2\/h, offrant une productivit\u00e9 rapide et efficace pour l&rsquo;entretien des jardins.<br \/>\nMoteur : \u00c9lectrique 1 300 W, fournissant une puissance optimale pour une coupe uniforme et propre sans entretien complexe.<\/p>\n<p>Avantages :<\/p>\n<p>Durabilit\u00e9 exceptionnelle : Gr\u00e2ce au traitement anti-corrosion et \u00e0 la peinture en poudre, cette tondeuse est con\u00e7ue pour r\u00e9sister aux intemp\u00e9ries et conserver son aspect neuf plus longtemps.<br \/>\nFacilit\u00e9 d\u2019utilisation : Le moteur \u00e9lectrique de 1 300 W permet une tonte facile sans \u00e9missions polluantes et un entretien minimal.<br \/>\nHaute performance : Avec un rendement de 500 m\u00b2\/h, elle est id\u00e9ale pour tondre des jardins r\u00e9sidentiels de mani\u00e8re rapide et efficace.<\/p>\n<p>Cette tondeuse est la solution parfaite pour les propri\u00e9taires de jardins r\u00e9sidentiels, offrant \u00e0 la fois puissance, performance et durabilit\u00e9 pour un entretien optimal de votre pelouse.<\/p>","protected":false},"excerpt":{"rendered":"<p>La Tondeuse \u00e0 Gazon MC -40 L est parfaite pour les jardins r\u00e9sidentiels d&rsquo;environ 500 m\u00b2. Elle se distingue par une finition soign\u00e9e, avec des pi\u00e8ces m\u00e9talliques trait\u00e9es contre la corrosion et une peinture en poudre polyester polym\u00e9ris\u00e9e \u00e0 220\u00b0C pour une durabilit\u00e9 accrue. Son rendement est d&rsquo;environ 500 m\u00b2\/h, offrant une tonte rapide et efficace. Aliment\u00e9e par un moteur \u00e9lectrique de 1 300 W, elle assure une performance optimale pour votre entretien de jardin. \ud83c\udf3f\ud83c\udf31<\/p>","protected":false},"featured_media":21131,"comment_status":"open","ping_status":"closed","template":"","meta":[],"product_brand":[],"product_cat":[214],"product_tag":[],"class_list":{"0":"post-21083","1":"product","2":"type-product","3":"status-publish","4":"has-post-thumbnail","6":"product_cat-tondeuses","8":"first","9":"instock","10":"shipping-taxable","11":"purchasable","12":"product-type-simple"},"_links":{"self":[{"href":"https:\/\/agrimateriel.com\/en\/wp-json\/wp\/v2\/product\/21083","targetHints":{"allow":["GET"]}}],"collection":[{"href":"https:\/\/agrimateriel.com\/en\/wp-json\/wp\/v2\/product"}],"about":[{"href":"https:\/\/agrimateriel.com\/en\/wp-json\/wp\/v2\/types\/product"}],"replies":[{"embeddable":true,"href":"https:\/\/agrimateriel.com\/en\/wp-json\/wp\/v2\/comments?post=21083"}],"version-history":[{"count":1,"href":"https:\/\/agrimateriel.com\/en\/wp-json\/wp\/v2\/product\/21083\/revisions"}],"predecessor-version":[{"id":21132,"href":"https:\/\/agrimateriel.com\/en\/wp-json\/wp\/v2\/product\/21083\/revisions\/21132"}],"wp:featuredmedia":[{"embeddable":true,"href":"https:\/\/agrimateriel.com\/en\/wp-json\/wp\/v2\/media\/21131"}],"wp:attachment":[{"href":"https:\/\/agrimateriel.com\/en\/wp-json\/wp\/v2\/media?parent=21083"}],"wp:term":[{"taxonomy":"product_brand","embeddable":true,"href":"https:\/\/agrimateriel.com\/en\/wp-json\/wp\/v2\/product_brand?post=21083"},{"taxonomy":"product_cat","embeddable":true,"href":"https:\/\/agrimateriel.com\/en\/wp-json\/wp\/v2\/product_cat?post=21083"},{"taxonomy":"product_tag","embeddable":true,"href":"https:\/\/agrimateriel.com\/en\/wp-json\/wp\/v2\/product_tag?post=21083"}],"curies":[{"name":"wp","href":"https:\/\/api.w.org\/{rel}","templated":true}]}}