{"id":21149,"date":"2025-10-16T11:44:27","date_gmt":"2025-10-16T11:44:27","guid":{"rendered":"https:\/\/agrimateriel.com\/?post_type=product&#038;p=21149"},"modified":"2025-10-26T11:39:08","modified_gmt":"2025-10-26T11:39:08","slug":"pompe-devacuation-pour-eaux-chargees-550w","status":"publish","type":"product","link":"https:\/\/agrimateriel.com\/en\/nos-produits\/pompe-devacuation-pour-eaux-chargees-550w\/","title":{"rendered":"Pompe d&rsquo;\u00e9vacuation pour Eaux Charg\u00e9es 550W"},"content":{"rendered":"<p>Pompe d&rsquo;\u00c9vacuation pour Eaux Charg\u00e9es 550W \ud83d\udca7<br \/>\nCette pompe d&rsquo;\u00e9vacuation robuste est con\u00e7ue pour g\u00e9rer des eaux charg\u00e9es ou d\u00e9gager rapidement les eaux us\u00e9es dans des environnements comme les caves inond\u00e9es ou les piscines. Id\u00e9ale pour les situations n\u00e9cessitant une haute performance de drainage.<br \/>\n\ud83d\udd27 Caract\u00e9ristiques Techniques<br \/>\n\u2705 Caract\u00e9ristiques principales :<\/p>\n<p>Puissance : 550W \u26a1<br \/>\nAlimentation : 230V \ud83d\udd0c<br \/>\nCuve en INOX : haute r\u00e9sistance pour une durabilit\u00e9 maximale \ud83d\udd29<br \/>\nD\u00e9clenchement automatique : par \u00e9l\u00e9vation du flotteur \ud83d\udd04<br \/>\nCapacit\u00e9 de refoulement : 10500 L\/h \ud83d\udca6<br \/>\nHauteur de refoulement max : 7 m \u2b06\ufe0f<br \/>\nProfondeur max : 7 m \u2b07\ufe0f<br \/>\nConnexion : 1&Prime; G1&Prime; 36 mm \ud83d\udd17<br \/>\nC\u00e2ble d&rsquo;alimentation : 10 m \ud83d\udccf<\/p>\n<p>\ud83c\udf1f Utilisations recommand\u00e9es :<\/p>\n<p>Vider des caves inond\u00e9es \ud83d\udeb0<br \/>\nDrainage d\u2019eaux us\u00e9es ou eaux de pluie \ud83c\udf27\ufe0f<br \/>\n\u00c9vacuation de l&rsquo;eau des piscines \ud83c\udfca\u200d\u2642\ufe0f<\/p>\n<p>\u2705 Avantages :<\/p>\n<p>Haute performance pour les environnements exigeants \ud83d\udee0\ufe0f<br \/>\nDurabilit\u00e9 renforc\u00e9e gr\u00e2ce \u00e0 la cuve en INOX \ud83d\udcaa<br \/>\nPratique avec une connexion facile et un c\u00e2ble long pour plus de flexibilit\u00e9 \ud83d\udd04<\/p>\n<p>\ud83d\udca1 Une solution id\u00e9ale pour \u00e9vacuer rapidement des eaux charg\u00e9es tout en assurant un fonctionnement durable et fiable. \ud83c\udf1f<\/p>","protected":false},"excerpt":{"rendered":"<p>Pompe d&rsquo;\u00c9vacuation pour Eaux Charg\u00e9es 550W \ud83d\udca7 Cette pompe d&rsquo;\u00e9vacuation robuste est con\u00e7ue pour g\u00e9rer des eaux charg\u00e9es ou d\u00e9gager<\/p>","protected":false},"featured_media":21190,"comment_status":"open","ping_status":"closed","template":"","meta":[],"product_brand":[],"product_cat":[215],"product_tag":[],"class_list":{"0":"post-21149","1":"product","2":"type-product","3":"status-publish","4":"has-post-thumbnail","6":"product_cat-systeme-dirrigation","8":"first","9":"instock","10":"shipping-taxable","11":"purchasable","12":"product-type-simple"},"_links":{"self":[{"href":"https:\/\/agrimateriel.com\/en\/wp-json\/wp\/v2\/product\/21149","targetHints":{"allow":["GET"]}}],"collection":[{"href":"https:\/\/agrimateriel.com\/en\/wp-json\/wp\/v2\/product"}],"about":[{"href":"https:\/\/agrimateriel.com\/en\/wp-json\/wp\/v2\/types\/product"}],"replies":[{"embeddable":true,"href":"https:\/\/agrimateriel.com\/en\/wp-json\/wp\/v2\/comments?post=21149"}],"version-history":[{"count":1,"href":"https:\/\/agrimateriel.com\/en\/wp-json\/wp\/v2\/product\/21149\/revisions"}],"predecessor-version":[{"id":21191,"href":"https:\/\/agrimateriel.com\/en\/wp-json\/wp\/v2\/product\/21149\/revisions\/21191"}],"wp:featuredmedia":[{"embeddable":true,"href":"https:\/\/agrimateriel.com\/en\/wp-json\/wp\/v2\/media\/21190"}],"wp:attachment":[{"href":"https:\/\/agrimateriel.com\/en\/wp-json\/wp\/v2\/media?parent=21149"}],"wp:term":[{"taxonomy":"product_brand","embeddable":true,"href":"https:\/\/agrimateriel.com\/en\/wp-json\/wp\/v2\/product_brand?post=21149"},{"taxonomy":"product_cat","embeddable":true,"href":"https:\/\/agrimateriel.com\/en\/wp-json\/wp\/v2\/product_cat?post=21149"},{"taxonomy":"product_tag","embeddable":true,"href":"https:\/\/agrimateriel.com\/en\/wp-json\/wp\/v2\/product_tag?post=21149"}],"curies":[{"name":"wp","href":"https:\/\/api.w.org\/{rel}","templated":true}]}}