{"id":21156,"date":"2025-10-16T11:44:27","date_gmt":"2025-10-16T11:44:27","guid":{"rendered":"https:\/\/agrimateriel.com\/?post_type=product&#038;p=21156"},"modified":"2025-10-26T11:39:57","modified_gmt":"2025-10-26T11:39:57","slug":"motopompe-a-essence-15","status":"publish","type":"product","link":"https:\/\/agrimateriel.com\/en\/nos-produits\/motopompe-a-essence-15\/","title":{"rendered":"Motopompe \u00e0 Essence 1,5"},"content":{"rendered":"<p>Motopompe \u00e0 Essence 1,5 CV \ud83d\udca7<br \/>\nLa motopompe \u00e0 essence 1,5 CV est id\u00e9ale pour les travaux d&rsquo;irrigation et de transfert d&rsquo;eau de petite et moyenne envergure.<br \/>\n\ud83d\udd27 Caract\u00e9ristiques Techniques<br \/>\n\u2705 Caract\u00e9ristiques principales :<\/p>\n<p>Puissance : 3 CV \u26a1<br \/>\n\u00c9l\u00e9vation maximale : 20 m \u2b06\ufe0f<br \/>\nAspiration maximale : 4 m \u2b07\ufe0f<br \/>\nStructure : M\u00e9tallique pour une protection et un transport faciles \ud83d\udee0\ufe0f<br \/>\nType de moteur : Essence \ud83d\udd25<\/p>\n<p>\ud83c\udf1f Utilisations recommand\u00e9es :<\/p>\n<p>Petites op\u00e9rations d&rsquo;irrigation pour jardins ou petites cultures \ud83c\udf31<br \/>\nTransfert d&rsquo;eau pour diverses applications domestiques ou agricoles \ud83d\udeb0<br \/>\nPompage pour le drainage dans des espaces r\u00e9duits \ud83c\udf0a<\/p>\n<p>\u2705 Avantages :<\/p>\n<p>Structure m\u00e9tallique robuste, garantissant une long\u00e9vit\u00e9 et protection pendant le transport \ud83d\ude9a<br \/>\nId\u00e9ale pour les petites exploitations, avec une \u00e9l\u00e9vation de 20 m \u26f2<br \/>\nPratique et efficace, avec un moteur \u00e0 essence pour plus de mobilit\u00e9 et d&rsquo;autonomie \ud83d\udd0b<\/p>\n<p>\ud83d\udca1 Une solution compacte, efficace et fiable pour g\u00e9rer vos besoins d&rsquo;irrigation et de transfert d&rsquo;eau. \ud83c\udf3f<\/p>","protected":false},"excerpt":{"rendered":"<p>La motopompe \u00e0 essence 1,5 CV est une solution efficace pour les petites op\u00e9rations d&rsquo;irrigation et de transfert de fluides. Voici ses caract\u00e9ristiques :<\/p>\n<p>Puissance : 3 CV<br \/>\n\u00c9l\u00e9vation maximale : 20 m<br \/>\nAspiration maximale : 4 m<br \/>\nCaract\u00e9ristiques : Structure m\u00e9tallique pour une meilleure protection et facilit\u00e9 de transport. Id\u00e9ale pour les petites surfaces ou jardins.<\/p>\n<p>Sa robustesse et sa compacit\u00e9 la rendent parfaite pour un usage polyvalent et transportable.<\/p>","protected":false},"featured_media":21204,"comment_status":"open","ping_status":"closed","template":"","meta":[],"product_brand":[],"product_cat":[215],"product_tag":[],"class_list":{"0":"post-21156","1":"product","2":"type-product","3":"status-publish","4":"has-post-thumbnail","6":"product_cat-systeme-dirrigation","8":"first","9":"instock","10":"shipping-taxable","11":"purchasable","12":"product-type-simple"},"_links":{"self":[{"href":"https:\/\/agrimateriel.com\/en\/wp-json\/wp\/v2\/product\/21156","targetHints":{"allow":["GET"]}}],"collection":[{"href":"https:\/\/agrimateriel.com\/en\/wp-json\/wp\/v2\/product"}],"about":[{"href":"https:\/\/agrimateriel.com\/en\/wp-json\/wp\/v2\/types\/product"}],"replies":[{"embeddable":true,"href":"https:\/\/agrimateriel.com\/en\/wp-json\/wp\/v2\/comments?post=21156"}],"version-history":[{"count":1,"href":"https:\/\/agrimateriel.com\/en\/wp-json\/wp\/v2\/product\/21156\/revisions"}],"predecessor-version":[{"id":21205,"href":"https:\/\/agrimateriel.com\/en\/wp-json\/wp\/v2\/product\/21156\/revisions\/21205"}],"wp:featuredmedia":[{"embeddable":true,"href":"https:\/\/agrimateriel.com\/en\/wp-json\/wp\/v2\/media\/21204"}],"wp:attachment":[{"href":"https:\/\/agrimateriel.com\/en\/wp-json\/wp\/v2\/media?parent=21156"}],"wp:term":[{"taxonomy":"product_brand","embeddable":true,"href":"https:\/\/agrimateriel.com\/en\/wp-json\/wp\/v2\/product_brand?post=21156"},{"taxonomy":"product_cat","embeddable":true,"href":"https:\/\/agrimateriel.com\/en\/wp-json\/wp\/v2\/product_cat?post=21156"},{"taxonomy":"product_tag","embeddable":true,"href":"https:\/\/agrimateriel.com\/en\/wp-json\/wp\/v2\/product_tag?post=21156"}],"curies":[{"name":"wp","href":"https:\/\/api.w.org\/{rel}","templated":true}]}}