{"id":21157,"date":"2025-10-16T11:44:27","date_gmt":"2025-10-16T11:44:27","guid":{"rendered":"https:\/\/agrimateriel.com\/?post_type=product&#038;p=21157"},"modified":"2025-10-26T11:37:22","modified_gmt":"2025-10-26T11:37:22","slug":"motopompe-a-essence-2","status":"publish","type":"product","link":"https:\/\/agrimateriel.com\/en\/nos-produits\/motopompe-a-essence-2\/","title":{"rendered":"Motopompe \u00e0 Essence 2"},"content":{"rendered":"<p>Motopompe \u00e0 Essence 5,5 CV \ud83d\udca7<br \/>\nLa motopompe \u00e0 essence 5,5 CV est con\u00e7ue pour offrir une puissance sup\u00e9rieure pour des op\u00e9rations d&rsquo;irrigation et de transfert d&rsquo;eau de plus grande envergure.<br \/>\n\ud83d\udd27 Caract\u00e9ristiques Techniques<br \/>\n\u2705 Caract\u00e9ristiques principales :<\/p>\n<p>Puissance : 5,5 CV \u26a1<br \/>\n\u00c9l\u00e9vation maximale : 26 m \u2b06\ufe0f<br \/>\nAspiration maximale : 8 m \u2b07\ufe0f<br \/>\nStructure : M\u00e9tallique pour une protection et un transport faciles \ud83d\udee0\ufe0f<br \/>\nType de moteur : Essence \ud83d\udd25<\/p>\n<p>\ud83c\udf1f Utilisations recommand\u00e9es :<\/p>\n<p>Irrigation de grandes surfaces agricoles ou r\u00e9sidentielles \ud83c\udf31<br \/>\nTransfert d&rsquo;eau pour pompage et drainage \ud83c\udf0a<br \/>\nApplications diverses telles que l&rsquo;arrosage des cultures et le nettoyage \ud83e\uddf9<\/p>\n<p>\u2705 Avantages :<\/p>\n<p>Capacit\u00e9 de levage et d\u00e9bit impressionnants, permettant de couvrir de grandes distances et de grandes quantit\u00e9s d&rsquo;eau \ud83d\udca6<br \/>\nStructure m\u00e9tallique robuste, id\u00e9ale pour une long\u00e9vit\u00e9 et protection accrues pendant le transport \ud83d\ude9a<br \/>\nId\u00e9ale pour des applications intensives, gr\u00e2ce \u00e0 son moteur de 5,5 CV pour plus de puissance et d&rsquo;efficacit\u00e9 \ud83d\udd0b<\/p>\n<p>\ud83d\udca1 Une solution puissante et robuste pour vos besoins d&rsquo;irrigation et de gestion de l&rsquo;eau. \ud83c\udf3f<\/p>","protected":false},"excerpt":{"rendered":"<p>La motopompe \u00e0 essence 2 est un \u00e9quipement performant pour l&rsquo;irrigation et le transfert d&rsquo;eau. Voici ses caract\u00e9ristiques :<\/p>\n<p>Puissance : 5,5 CV<br \/>\n\u00c9l\u00e9vation maximale : 26 m<br \/>\nAspiration maximale : 8 m<br \/>\nApplications : Id\u00e9ale pour l&rsquo;irrigation, le transfert d&rsquo;eau et autres usages similaires.<br \/>\nCaract\u00e9ristiques : Structure m\u00e9tallique pour la protection et facilit\u00e9 de transport.<\/p>\n<p>Elle se distingue par sa capacit\u00e9 de levage et son d\u00e9bit impressionnant, parfait pour des op\u00e9rations de pompage intensives.<\/p>","protected":false},"featured_media":21206,"comment_status":"open","ping_status":"closed","template":"","meta":[],"product_brand":[],"product_cat":[215],"product_tag":[],"class_list":{"0":"post-21157","1":"product","2":"type-product","3":"status-publish","4":"has-post-thumbnail","6":"product_cat-systeme-dirrigation","8":"first","9":"instock","10":"shipping-taxable","11":"purchasable","12":"product-type-simple"},"_links":{"self":[{"href":"https:\/\/agrimateriel.com\/en\/wp-json\/wp\/v2\/product\/21157","targetHints":{"allow":["GET"]}}],"collection":[{"href":"https:\/\/agrimateriel.com\/en\/wp-json\/wp\/v2\/product"}],"about":[{"href":"https:\/\/agrimateriel.com\/en\/wp-json\/wp\/v2\/types\/product"}],"replies":[{"embeddable":true,"href":"https:\/\/agrimateriel.com\/en\/wp-json\/wp\/v2\/comments?post=21157"}],"version-history":[{"count":1,"href":"https:\/\/agrimateriel.com\/en\/wp-json\/wp\/v2\/product\/21157\/revisions"}],"predecessor-version":[{"id":21207,"href":"https:\/\/agrimateriel.com\/en\/wp-json\/wp\/v2\/product\/21157\/revisions\/21207"}],"wp:featuredmedia":[{"embeddable":true,"href":"https:\/\/agrimateriel.com\/en\/wp-json\/wp\/v2\/media\/21206"}],"wp:attachment":[{"href":"https:\/\/agrimateriel.com\/en\/wp-json\/wp\/v2\/media?parent=21157"}],"wp:term":[{"taxonomy":"product_brand","embeddable":true,"href":"https:\/\/agrimateriel.com\/en\/wp-json\/wp\/v2\/product_brand?post=21157"},{"taxonomy":"product_cat","embeddable":true,"href":"https:\/\/agrimateriel.com\/en\/wp-json\/wp\/v2\/product_cat?post=21157"},{"taxonomy":"product_tag","embeddable":true,"href":"https:\/\/agrimateriel.com\/en\/wp-json\/wp\/v2\/product_tag?post=21157"}],"curies":[{"name":"wp","href":"https:\/\/api.w.org\/{rel}","templated":true}]}}