{"id":22682,"date":"2025-10-29T10:42:03","date_gmt":"2025-10-29T10:42:03","guid":{"rendered":"https:\/\/agrimateriel.com\/?post_type=product&#038;p=22682"},"modified":"2025-10-30T00:32:14","modified_gmt":"2025-10-30T00:32:14","slug":"couveuse-automatique-7-oeufs","status":"publish","type":"product","link":"https:\/\/agrimateriel.com\/en\/nos-produits\/couveuse-automatique-7-oeufs\/","title":{"rendered":"Couveuse Automatique 7 Oeufs"},"content":{"rendered":"<p>Agrandissez rapidement votre \u00e9levage de poulet au S\u00e9n\u00e9gal gr\u00e2ce \u00e0 cette couveuse automatique 7 oeufs. Avec une capacit\u00e9 de 7 emplacements, l\u2019incubateur vous permet de couver tr\u00e8s facilement des \u0153ufs de mani\u00e8re artificielle afin de faire na\u00eetre des poussins. Le retournement des \u0153ufs f\u00e9cond\u00e9s se fait de fa\u00e7on manuelle.<br \/>\nCaract\u00e9ristiques de la couveuse :<\/p>\n<p>Dimensions : 17.5 cm x 17.5 cm x 16 cm.<br \/>\nContr\u00f4le de temp\u00e9rature : 20 \u2103 \u2013 40 \u2103.<br \/>\nVoltage : AC 220V \/ AC 110V.<br \/>\nConsommation : 30W.<br \/>\nCaille, poule, canard, pigeon, perroquet, oiseau.<\/p>","protected":false},"excerpt":{"rendered":"<p>Agrandissez rapidement votre \u00e9levage de poulet au S\u00e9n\u00e9gal gr\u00e2ce \u00e0 cette couveuse manuelle d\u2019\u0153ufs. Avec une capacit\u00e9 de 7 emplacements, l\u2019incubateur vous permet de couver tr\u00e8s facilement des \u0153ufs de mani\u00e8re artificielle afin de faire na\u00eetre des poussins. Le retournement des \u0153ufs f\u00e9cond\u00e9s se fait de fa\u00e7on manuelle.<\/p>\n<p>https:\/\/senchicken.com\/php_assets\/uploads\/2021\/08\/Video-Couveuse-7-Oeufs.mp4<\/p>","protected":false},"featured_media":22712,"comment_status":"open","ping_status":"closed","template":"","meta":[],"product_brand":[],"product_cat":[222,216],"product_tag":[],"class_list":{"0":"post-22682","1":"product","2":"type-product","3":"status-publish","4":"has-post-thumbnail","6":"product_cat-couveuse","7":"product_cat-elevage","9":"first","10":"instock","11":"shipping-taxable","12":"purchasable","13":"product-type-simple"},"_links":{"self":[{"href":"https:\/\/agrimateriel.com\/en\/wp-json\/wp\/v2\/product\/22682","targetHints":{"allow":["GET"]}}],"collection":[{"href":"https:\/\/agrimateriel.com\/en\/wp-json\/wp\/v2\/product"}],"about":[{"href":"https:\/\/agrimateriel.com\/en\/wp-json\/wp\/v2\/types\/product"}],"replies":[{"embeddable":true,"href":"https:\/\/agrimateriel.com\/en\/wp-json\/wp\/v2\/comments?post=22682"}],"version-history":[{"count":1,"href":"https:\/\/agrimateriel.com\/en\/wp-json\/wp\/v2\/product\/22682\/revisions"}],"predecessor-version":[{"id":22713,"href":"https:\/\/agrimateriel.com\/en\/wp-json\/wp\/v2\/product\/22682\/revisions\/22713"}],"wp:featuredmedia":[{"embeddable":true,"href":"https:\/\/agrimateriel.com\/en\/wp-json\/wp\/v2\/media\/22712"}],"wp:attachment":[{"href":"https:\/\/agrimateriel.com\/en\/wp-json\/wp\/v2\/media?parent=22682"}],"wp:term":[{"taxonomy":"product_brand","embeddable":true,"href":"https:\/\/agrimateriel.com\/en\/wp-json\/wp\/v2\/product_brand?post=22682"},{"taxonomy":"product_cat","embeddable":true,"href":"https:\/\/agrimateriel.com\/en\/wp-json\/wp\/v2\/product_cat?post=22682"},{"taxonomy":"product_tag","embeddable":true,"href":"https:\/\/agrimateriel.com\/en\/wp-json\/wp\/v2\/product_tag?post=22682"}],"curies":[{"name":"wp","href":"https:\/\/api.w.org\/{rel}","templated":true}]}}