{"id":22683,"date":"2025-10-29T10:42:03","date_gmt":"2025-10-29T10:42:03","guid":{"rendered":"https:\/\/agrimateriel.com\/?post_type=product&#038;p=22683"},"modified":"2025-10-30T00:32:20","modified_gmt":"2025-10-30T00:32:20","slug":"couveuse-automatique-24-oeufs","status":"publish","type":"product","link":"https:\/\/agrimateriel.com\/en\/nos-produits\/couveuse-automatique-24-oeufs\/","title":{"rendered":"Couveuse Automatique 24 oeufs"},"content":{"rendered":"<p>Agrandissez rapidement votre \u00e9levage de poulet au S\u00e9n\u00e9gal gr\u00e2ce \u00e0 cette couveuse automatique 24 oeufs. Avec une capacit\u00e9 de 24 emplacements, l\u2019incubateur vous permet de couver tr\u00e8s facilement des \u0153ufs de mani\u00e8re artificielle afin de faire na\u00eetre des poussins. Le retournement des \u0153ufs f\u00e9cond\u00e9s se fait de fa\u00e7on automatique.<br \/>\nCaract\u00e9ristiques de la couveuse 24 oeufs:<\/p>\n<p>Dimensions : 45 x 17 x 29cm<br \/>\nPoids : 2.2kg<br \/>\nPuissance : AC 220V \/ 110V \/ 60W<br \/>\nContr\u00f4le d&#8217;humidit\u00e9 et de temp\u00e9rature automatique<br \/>\nRetournement automatique des oeufs par balancier<br \/>\nLumi\u00e8re LED pour voir le l&#8217;embryon<\/p>","protected":false},"excerpt":{"rendered":"<p>Agrandissez rapidement votre \u00e9levage de poulet au S\u00e9n\u00e9gal gr\u00e2ce \u00e0 cette couveuse manuelle d\u2019\u0153ufs. Avec une capacit\u00e9 de 24 emplacements, l\u2019incubateur vous permet de couver tr\u00e8s facilement des \u0153ufs de mani\u00e8re artificielle afin de faire na\u00eetre des poussins. Le retournement des \u0153ufs f\u00e9cond\u00e9s se fait de fa\u00e7on automatique.<br \/>\nhttps:\/\/senchicken.com\/php_assets\/uploads\/2023\/06\/Couveuse-24-oeufs-Video.mp4<\/p>","protected":false},"featured_media":22718,"comment_status":"open","ping_status":"closed","template":"","meta":[],"product_brand":[],"product_cat":[222,216],"product_tag":[],"class_list":{"0":"post-22683","1":"product","2":"type-product","3":"status-publish","4":"has-post-thumbnail","6":"product_cat-couveuse","7":"product_cat-elevage","9":"first","10":"instock","11":"shipping-taxable","12":"purchasable","13":"product-type-simple"},"_links":{"self":[{"href":"https:\/\/agrimateriel.com\/en\/wp-json\/wp\/v2\/product\/22683","targetHints":{"allow":["GET"]}}],"collection":[{"href":"https:\/\/agrimateriel.com\/en\/wp-json\/wp\/v2\/product"}],"about":[{"href":"https:\/\/agrimateriel.com\/en\/wp-json\/wp\/v2\/types\/product"}],"replies":[{"embeddable":true,"href":"https:\/\/agrimateriel.com\/en\/wp-json\/wp\/v2\/comments?post=22683"}],"version-history":[{"count":1,"href":"https:\/\/agrimateriel.com\/en\/wp-json\/wp\/v2\/product\/22683\/revisions"}],"predecessor-version":[{"id":22719,"href":"https:\/\/agrimateriel.com\/en\/wp-json\/wp\/v2\/product\/22683\/revisions\/22719"}],"wp:featuredmedia":[{"embeddable":true,"href":"https:\/\/agrimateriel.com\/en\/wp-json\/wp\/v2\/media\/22718"}],"wp:attachment":[{"href":"https:\/\/agrimateriel.com\/en\/wp-json\/wp\/v2\/media?parent=22683"}],"wp:term":[{"taxonomy":"product_brand","embeddable":true,"href":"https:\/\/agrimateriel.com\/en\/wp-json\/wp\/v2\/product_brand?post=22683"},{"taxonomy":"product_cat","embeddable":true,"href":"https:\/\/agrimateriel.com\/en\/wp-json\/wp\/v2\/product_cat?post=22683"},{"taxonomy":"product_tag","embeddable":true,"href":"https:\/\/agrimateriel.com\/en\/wp-json\/wp\/v2\/product_tag?post=22683"}],"curies":[{"name":"wp","href":"https:\/\/api.w.org\/{rel}","templated":true}]}}