{"id":22687,"date":"2025-10-29T10:42:03","date_gmt":"2025-10-29T10:42:03","guid":{"rendered":"https:\/\/agrimateriel.com\/?post_type=product&#038;p=22687"},"modified":"2025-10-30T00:33:10","modified_gmt":"2025-10-30T00:33:10","slug":"couveuse-automatique-112-oeufs","status":"publish","type":"product","link":"https:\/\/agrimateriel.com\/en\/nos-produits\/couveuse-automatique-112-oeufs\/","title":{"rendered":"Couveuse Automatique 112 Oeufs"},"content":{"rendered":"<p>\u00c9levez encore plus de poules gr\u00e2ce \u00e0 cette couveuse d\u2019\u0153ufs. Avec une tr\u00e8s grande capacit\u00e9 de 112 emplacements, l\u2019incubateur vous permet de couver tr\u00e8s facilement des \u0153ufs de mani\u00e8re artificielle afin de faire na\u00eetre des poussins. Le retournement des \u0153ufs f\u00e9cond\u00e9s se fait de fa\u00e7on automatique, ce qui assure un meilleur taux d\u2019\u00e9closion.<br \/>\nA l\u2019aide de cette couveuse automatique capable d\u2019accueillir jusqu\u2019\u00e0 112 \u0153ufs, vous pouvez tr\u00e8s rapidement agrandir votre \u00e9levage en gagnant du temps. Id\u00e9al pour une meilleure couvaison, l\u2019incubateur vous permet d\u2019obtenir un taux d\u2019\u00e9closion plus s\u00fbr gr\u00e2ce \u00e0 un suivi plus pr\u00e9cis et d\u2019autant plus minutieux.<br \/>\nParfaite pour les \u00e9leveurs exp\u00e9riment\u00e9s ou recherchant de grande capacit\u00e9 d\u2019\u00e9levage, la couveuse dispose de 4 \u00e9crans LED afin de contr\u00f4ler ainsi que de modifier certains r\u00e9glages selon la cat\u00e9gorie d\u2019\u0153ufs couv\u00e9s<br \/>\nCaract\u00e9ristiques de la couveuse :<\/p>\n<p>Dimensions totales : 47 x 49,5 x 38cm<br \/>\nTaille des \u00e9crans : 2,5 x 2cm \u2013 4 x 2cm \u2013 5 x 2cm<br \/>\nDimension du socle d\u2019un \u0153uf : 4,4cm<br \/>\nTemp\u00e9rature r\u00e9glable de 20 \u00e0 50\u00b0<br \/>\nCapacit\u00e9 : 112 \u0153ufs de poules<br \/>\n1 \u00e9prouvette de 15 cl<br \/>\nPuissance 120W \u2013 Tension 220V<\/p>","protected":false},"excerpt":{"rendered":"<p>\u00c9levez encore plus de poules gr\u00e2ce \u00e0 cette couveuse d\u2019\u0153ufs. Avec une tr\u00e8s grande capacit\u00e9 de 112 emplacements, l\u2019incubateur vous permet de couver tr\u00e8s facilement des \u0153ufs de mani\u00e8re artificielle afin de faire na\u00eetre des poussins. Le retournement des \u0153ufs f\u00e9cond\u00e9s se fait de fa\u00e7on automatique, ce qui assure un meilleur taux d\u2019\u00e9closion.<br \/>\nhttps:\/\/senchicken.com\/php_assets\/uploads\/2021\/08\/Video-Couveuse-96-Oeufs.mp4<\/p>","protected":false},"featured_media":22740,"comment_status":"open","ping_status":"closed","template":"","meta":[],"product_brand":[],"product_cat":[222,216],"product_tag":[],"class_list":{"0":"post-22687","1":"product","2":"type-product","3":"status-publish","4":"has-post-thumbnail","6":"product_cat-couveuse","7":"product_cat-elevage","9":"first","10":"instock","11":"sale","12":"shipping-taxable","13":"purchasable","14":"product-type-simple"},"_links":{"self":[{"href":"https:\/\/agrimateriel.com\/en\/wp-json\/wp\/v2\/product\/22687","targetHints":{"allow":["GET"]}}],"collection":[{"href":"https:\/\/agrimateriel.com\/en\/wp-json\/wp\/v2\/product"}],"about":[{"href":"https:\/\/agrimateriel.com\/en\/wp-json\/wp\/v2\/types\/product"}],"replies":[{"embeddable":true,"href":"https:\/\/agrimateriel.com\/en\/wp-json\/wp\/v2\/comments?post=22687"}],"version-history":[{"count":1,"href":"https:\/\/agrimateriel.com\/en\/wp-json\/wp\/v2\/product\/22687\/revisions"}],"predecessor-version":[{"id":22745,"href":"https:\/\/agrimateriel.com\/en\/wp-json\/wp\/v2\/product\/22687\/revisions\/22745"}],"wp:featuredmedia":[{"embeddable":true,"href":"https:\/\/agrimateriel.com\/en\/wp-json\/wp\/v2\/media\/22740"}],"wp:attachment":[{"href":"https:\/\/agrimateriel.com\/en\/wp-json\/wp\/v2\/media?parent=22687"}],"wp:term":[{"taxonomy":"product_brand","embeddable":true,"href":"https:\/\/agrimateriel.com\/en\/wp-json\/wp\/v2\/product_brand?post=22687"},{"taxonomy":"product_cat","embeddable":true,"href":"https:\/\/agrimateriel.com\/en\/wp-json\/wp\/v2\/product_cat?post=22687"},{"taxonomy":"product_tag","embeddable":true,"href":"https:\/\/agrimateriel.com\/en\/wp-json\/wp\/v2\/product_tag?post=22687"}],"curies":[{"name":"wp","href":"https:\/\/api.w.org\/{rel}","templated":true}]}}