{"id":22692,"date":"2025-10-29T10:42:04","date_gmt":"2025-10-29T10:42:04","guid":{"rendered":"https:\/\/agrimateriel.com\/?post_type=product&#038;p=22692"},"modified":"2025-10-29T15:47:21","modified_gmt":"2025-10-29T15:47:21","slug":"couveuse-automatique-230-oeufs","status":"publish","type":"product","link":"https:\/\/agrimateriel.com\/en\/nos-produits\/couveuse-automatique-230-oeufs\/","title":{"rendered":"Couveuse Automatique 230 Oeufs"},"content":{"rendered":"<p>Augmentez rapidement la production de votre \u00e9levage de poulet au S\u00e9n\u00e9gal gr\u00e2ce \u00e0 cette couveuse automatique d\u2019\u0153ufs. D\u2019abord, avec une capacit\u00e9 de 230 emplacements, l\u2019incubateur vous permet de couver tr\u00e8s facilement des \u0153ufs de mani\u00e8re artificielle afin de faire na\u00eetre des poussins. De plus le retournement des \u0153ufs f\u00e9cond\u00e9s se fait de fa\u00e7on automatique, ce qui assure un meilleur taux d\u2019\u00e9closion.<\/p>\n<p>Taille des \u00e9crans : 2,5 x 2cm \u2013 4 x 2cm \u2013 5\u00a0 x 2cm<br \/>\nDimension du socle d\u2019un \u0153uf : 4,4cm<br \/>\nTemp\u00e9rature r\u00e9glable de 20 \u00e0 50\u00b0<br \/>\n1 \u00e9prouvette de 15 cl<br \/>\nPuissance \u2264240W \u2013 Tension 220V<\/p>","protected":false},"excerpt":{"rendered":"<p>Augmentez rapidement la production de votre \u00e9levage de poulet au S\u00e9n\u00e9gal gr\u00e2ce \u00e0 cette couveuse automatique d\u2019\u0153ufs. D\u2019abord, avec une capacit\u00e9 de 230 emplacements, l\u2019incubateur vous permet de couver tr\u00e8s facilement des \u0153ufs de mani\u00e8re artificielle afin de faire na\u00eetre des poussins. De plus le retournement des \u0153ufs f\u00e9cond\u00e9s se fait de fa\u00e7on automatique, ce qui assure un meilleur taux d\u2019\u00e9closion.<br \/>\nhttps:\/\/senchicken.com\/php_assets\/uploads\/2022\/01\/Couveuse-Serie-E-2021.mp4<\/p>","protected":false},"featured_media":22764,"comment_status":"open","ping_status":"closed","template":"","meta":[],"product_brand":[],"product_cat":[222,216],"product_tag":[],"class_list":{"0":"post-22692","1":"product","2":"type-product","3":"status-publish","4":"has-post-thumbnail","6":"product_cat-couveuse","7":"product_cat-elevage","9":"first","10":"instock","11":"shipping-taxable","12":"purchasable","13":"product-type-simple"},"_links":{"self":[{"href":"https:\/\/agrimateriel.com\/en\/wp-json\/wp\/v2\/product\/22692","targetHints":{"allow":["GET"]}}],"collection":[{"href":"https:\/\/agrimateriel.com\/en\/wp-json\/wp\/v2\/product"}],"about":[{"href":"https:\/\/agrimateriel.com\/en\/wp-json\/wp\/v2\/types\/product"}],"replies":[{"embeddable":true,"href":"https:\/\/agrimateriel.com\/en\/wp-json\/wp\/v2\/comments?post=22692"}],"version-history":[{"count":1,"href":"https:\/\/agrimateriel.com\/en\/wp-json\/wp\/v2\/product\/22692\/revisions"}],"predecessor-version":[{"id":22765,"href":"https:\/\/agrimateriel.com\/en\/wp-json\/wp\/v2\/product\/22692\/revisions\/22765"}],"wp:featuredmedia":[{"embeddable":true,"href":"https:\/\/agrimateriel.com\/en\/wp-json\/wp\/v2\/media\/22764"}],"wp:attachment":[{"href":"https:\/\/agrimateriel.com\/en\/wp-json\/wp\/v2\/media?parent=22692"}],"wp:term":[{"taxonomy":"product_brand","embeddable":true,"href":"https:\/\/agrimateriel.com\/en\/wp-json\/wp\/v2\/product_brand?post=22692"},{"taxonomy":"product_cat","embeddable":true,"href":"https:\/\/agrimateriel.com\/en\/wp-json\/wp\/v2\/product_cat?post=22692"},{"taxonomy":"product_tag","embeddable":true,"href":"https:\/\/agrimateriel.com\/en\/wp-json\/wp\/v2\/product_tag?post=22692"}],"curies":[{"name":"wp","href":"https:\/\/api.w.org\/{rel}","templated":true}]}}