{"id":22697,"date":"2025-10-29T10:42:04","date_gmt":"2025-10-29T10:42:04","guid":{"rendered":"https:\/\/agrimateriel.com\/?post_type=product&#038;p=22697"},"modified":"2025-10-29T15:48:36","modified_gmt":"2025-10-29T15:48:36","slug":"couveuse-automatique-2000-oeufs","status":"publish","type":"product","link":"https:\/\/agrimateriel.com\/en\/nos-produits\/couveuse-automatique-2000-oeufs\/","title":{"rendered":"Couveuse Automatique 2000 Oeufs"},"content":{"rendered":"<p>Augmentez rapidement la production de votre \u00e9levage de poulet au S\u00e9n\u00e9gal gr\u00e2ce \u00e0 cette couveuse automatique 2000 oeufs. D\u2019abord, avec une capacit\u00e9 de 2000 emplacements, l\u2019incubateur vous permet de couver tr\u00e8s facilement des \u0153ufs de mani\u00e8re artificielle afin de faire na\u00eetre des poussins. De plus le retournement des \u0153ufs f\u00e9cond\u00e9s se fait de fa\u00e7on automatique, ce qui assure un meilleur taux d\u2019\u00e9closion.<br \/>\nCaract\u00e9ristiques de la couveuse :<\/p>\n<p>Dimensions : 84 x 77.5 x 172cm<br \/>\nPoids : 66kg<br \/>\nPuissance : AC 220V \/ 110V \/ 900W<br \/>\nContr\u00f4le d&#8217;humidit\u00e9 et de temp\u00e9rature automatique<br \/>\nRouleaux de retournement automatique des oeufs<br \/>\nPaniers d\u2019\u00e9levage compris<\/p>\n<div style=\"width: 640px;\" class=\"wp-video\"><!--[if lt IE 9]><script>document.createElement('video');<\/script><![endif]-->\n<video class=\"wp-video-shortcode\" id=\"video-22697-1\" width=\"640\" height=\"360\" preload=\"metadata\" controls=\"controls\"><source type=\"video\/mp4\" src=\"https:\/\/senchicken.com\/php_assets\/uploads\/2023\/06\/Couveuse-2000-oeufs.mp4?_=1\" \/><a href=\"https:\/\/senchicken.com\/php_assets\/uploads\/2023\/06\/Couveuse-2000-oeufs.mp4\">https:\/\/senchicken.com\/php_assets\/uploads\/2023\/06\/Couveuse-2000-oeufs.mp4<\/a><\/video><\/div>","protected":false},"excerpt":{"rendered":"<p>Augmentez rapidement la production de votre \u00e9levage de poulet au S\u00e9n\u00e9gal gr\u00e2ce \u00e0 cette couveuse automatique d\u2019\u0153ufs. D\u2019abord, avec une capacit\u00e9 de 2000 emplacements, l\u2019incubateur vous permet de couver tr\u00e8s facilement des \u0153ufs de mani\u00e8re artificielle afin de faire na\u00eetre des poussins. De plus le retournement des \u0153ufs f\u00e9cond\u00e9s se fait de fa\u00e7on automatique, ce qui assure un meilleur taux d\u2019\u00e9closion.<\/p>","protected":false},"featured_media":22786,"comment_status":"open","ping_status":"closed","template":"","meta":[],"product_brand":[],"product_cat":[222,216],"product_tag":[],"class_list":{"0":"post-22697","1":"product","2":"type-product","3":"status-publish","4":"has-post-thumbnail","6":"product_cat-couveuse","7":"product_cat-elevage","9":"first","10":"instock","11":"sale","12":"shipping-taxable","13":"purchasable","14":"product-type-simple"},"_links":{"self":[{"href":"https:\/\/agrimateriel.com\/en\/wp-json\/wp\/v2\/product\/22697","targetHints":{"allow":["GET"]}}],"collection":[{"href":"https:\/\/agrimateriel.com\/en\/wp-json\/wp\/v2\/product"}],"about":[{"href":"https:\/\/agrimateriel.com\/en\/wp-json\/wp\/v2\/types\/product"}],"replies":[{"embeddable":true,"href":"https:\/\/agrimateriel.com\/en\/wp-json\/wp\/v2\/comments?post=22697"}],"version-history":[{"count":1,"href":"https:\/\/agrimateriel.com\/en\/wp-json\/wp\/v2\/product\/22697\/revisions"}],"predecessor-version":[{"id":22787,"href":"https:\/\/agrimateriel.com\/en\/wp-json\/wp\/v2\/product\/22697\/revisions\/22787"}],"wp:featuredmedia":[{"embeddable":true,"href":"https:\/\/agrimateriel.com\/en\/wp-json\/wp\/v2\/media\/22786"}],"wp:attachment":[{"href":"https:\/\/agrimateriel.com\/en\/wp-json\/wp\/v2\/media?parent=22697"}],"wp:term":[{"taxonomy":"product_brand","embeddable":true,"href":"https:\/\/agrimateriel.com\/en\/wp-json\/wp\/v2\/product_brand?post=22697"},{"taxonomy":"product_cat","embeddable":true,"href":"https:\/\/agrimateriel.com\/en\/wp-json\/wp\/v2\/product_cat?post=22697"},{"taxonomy":"product_tag","embeddable":true,"href":"https:\/\/agrimateriel.com\/en\/wp-json\/wp\/v2\/product_tag?post=22697"}],"curies":[{"name":"wp","href":"https:\/\/api.w.org\/{rel}","templated":true}]}}