{"id":22702,"date":"2025-10-29T10:42:04","date_gmt":"2025-10-29T10:42:04","guid":{"rendered":"https:\/\/agrimateriel.com\/?post_type=product&#038;p=22702"},"modified":"2025-10-29T15:51:36","modified_gmt":"2025-10-29T15:51:36","slug":"couveuse-automatique-22528-oeufs","status":"publish","type":"product","link":"https:\/\/agrimateriel.com\/en\/nos-produits\/couveuse-automatique-22528-oeufs\/","title":{"rendered":"Couveuse Automatique 22528 Oeufs"},"content":{"rendered":"<p>Augmentez rapidement la production de votre \u00e9levage de poulet au S\u00e9n\u00e9gal gr\u00e2ce \u00e0 cette couveuse automatique d\u2019\u0153ufs. D\u2019abord, avec une capacit\u00e9 de 22528 emplacements, l\u2019incubateur vous permet de couver tr\u00e8s facilement des \u0153ufs de mani\u00e8re artificielle afin de faire na\u00eetre des poussins. De plus le retournement des \u0153ufs f\u00e9cond\u00e9s se fait de fa\u00e7on automatique, ce qui assure un meilleur taux d\u2019\u00e9closion.<br \/>\nCaract\u00e9ristiques de la couveuse :<\/p>\n<p>Dimensions :\u00a0 (1.59 x 2.05 x 2.35 m)\u00a0 x 2<\/p>\n<p>Poids : 1000 kg<br \/>\nPuissance : AC 220V \/ 110V \/ 3000W<br \/>\nContr\u00f4le d&#8217;humidit\u00e9 et de temp\u00e9rature automatique<br \/>\nRetournement automatique des oeufs par balancier<br \/>\nPaniers de couvaison compris<\/p>","protected":false},"excerpt":{"rendered":"<p>Augmentez rapidement la production de votre \u00e9levage de poulet au S\u00e9n\u00e9gal gr\u00e2ce \u00e0 cette couveuse automatique d\u2019\u0153ufs. D\u2019abord, avec une capacit\u00e9 de 22528 emplacements, l\u2019incubateur vous permet de couver tr\u00e8s facilement des \u0153ufs de mani\u00e8re artificielle afin de faire na\u00eetre des poussins. De plus le retournement des \u0153ufs f\u00e9cond\u00e9s se fait de fa\u00e7on automatique, ce qui assure un meilleur taux d\u2019\u00e9closion.<\/p>","protected":false},"featured_media":22811,"comment_status":"open","ping_status":"closed","template":"","meta":[],"product_brand":[],"product_cat":[222,216],"product_tag":[],"class_list":{"0":"post-22702","1":"product","2":"type-product","3":"status-publish","4":"has-post-thumbnail","6":"product_cat-couveuse","7":"product_cat-elevage","9":"first","10":"instock","11":"shipping-taxable","12":"purchasable","13":"product-type-simple"},"_links":{"self":[{"href":"https:\/\/agrimateriel.com\/en\/wp-json\/wp\/v2\/product\/22702","targetHints":{"allow":["GET"]}}],"collection":[{"href":"https:\/\/agrimateriel.com\/en\/wp-json\/wp\/v2\/product"}],"about":[{"href":"https:\/\/agrimateriel.com\/en\/wp-json\/wp\/v2\/types\/product"}],"replies":[{"embeddable":true,"href":"https:\/\/agrimateriel.com\/en\/wp-json\/wp\/v2\/comments?post=22702"}],"version-history":[{"count":1,"href":"https:\/\/agrimateriel.com\/en\/wp-json\/wp\/v2\/product\/22702\/revisions"}],"predecessor-version":[{"id":22812,"href":"https:\/\/agrimateriel.com\/en\/wp-json\/wp\/v2\/product\/22702\/revisions\/22812"}],"wp:featuredmedia":[{"embeddable":true,"href":"https:\/\/agrimateriel.com\/en\/wp-json\/wp\/v2\/media\/22811"}],"wp:attachment":[{"href":"https:\/\/agrimateriel.com\/en\/wp-json\/wp\/v2\/media?parent=22702"}],"wp:term":[{"taxonomy":"product_brand","embeddable":true,"href":"https:\/\/agrimateriel.com\/en\/wp-json\/wp\/v2\/product_brand?post=22702"},{"taxonomy":"product_cat","embeddable":true,"href":"https:\/\/agrimateriel.com\/en\/wp-json\/wp\/v2\/product_cat?post=22702"},{"taxonomy":"product_tag","embeddable":true,"href":"https:\/\/agrimateriel.com\/en\/wp-json\/wp\/v2\/product_tag?post=22702"}],"curies":[{"name":"wp","href":"https:\/\/api.w.org\/{rel}","templated":true}]}}