{"id":22703,"date":"2025-10-29T10:42:04","date_gmt":"2025-10-29T10:42:04","guid":{"rendered":"https:\/\/agrimateriel.com\/?post_type=product&#038;p=22703"},"modified":"2025-10-29T15:51:47","modified_gmt":"2025-10-29T15:51:47","slug":"radiant-a-gaz","status":"publish","type":"product","link":"https:\/\/agrimateriel.com\/en\/nos-produits\/radiant-a-gaz\/","title":{"rendered":"Radiant a Gaz"},"content":{"rendered":"<p>Senchicken vous propose un radiant \u00e0 gaz pour chauffer vos locaux de ferme, avec une surface de diffusion de\u00a0 25 m2.<br \/>\nConvient pour 1000 poussins, poulets, poules pondeuses, mais \u00e9galement pour des ch\u00e8vres, moutons ou m\u00eame des petits veaux.<br \/>\nCe chauffage par couvercle radiant au gaz est une tr\u00e8s bonne source de chaleur pour votre poulailler ou autres b\u00e2timents d\u2019\u00e9levage, il est simple \u00e0 installer et \u00e0 entretenir.<br \/>\nLa chaleur est concentr\u00e9e dans une zone localis\u00e9e dans laquelle les poussins retrouvent l\u2019environnement ad\u00e9quat \u00e0 leur croissance, semblable \u00e0 celui qu\u2019ils trouveraient sous l\u2019aile de leur m\u00e8re.<br \/>\nC\u2019est pourquoi le radiant est particuli\u00e8rement adapt\u00e9 aux premiers jours de vie des animaux, ce qui r\u00e9duit consid\u00e9rablement le taux de mortalit\u00e9 des poussins.<br \/>\nComp\u00e9titif et fiable, il garantit une \u00e9conomie de 50 % de comburant par rapport au chauffage classique.<\/p>","protected":false},"excerpt":{"rendered":"<p>Senchicken vous propose un radiant \u00e0 gaz pour chauffer vos locaux de ferme, avec une surface de diffusion de 25 m2 environ 1000 poussins.<\/p>","protected":false},"featured_media":22814,"comment_status":"open","ping_status":"closed","template":"","meta":[],"product_brand":[],"product_cat":[216,224],"product_tag":[],"class_list":{"0":"post-22703","1":"product","2":"type-product","3":"status-publish","4":"has-post-thumbnail","6":"product_cat-elevage","7":"product_cat-radiant","9":"first","10":"instock","11":"shipping-taxable","12":"purchasable","13":"product-type-simple"},"_links":{"self":[{"href":"https:\/\/agrimateriel.com\/en\/wp-json\/wp\/v2\/product\/22703","targetHints":{"allow":["GET"]}}],"collection":[{"href":"https:\/\/agrimateriel.com\/en\/wp-json\/wp\/v2\/product"}],"about":[{"href":"https:\/\/agrimateriel.com\/en\/wp-json\/wp\/v2\/types\/product"}],"replies":[{"embeddable":true,"href":"https:\/\/agrimateriel.com\/en\/wp-json\/wp\/v2\/comments?post=22703"}],"version-history":[{"count":1,"href":"https:\/\/agrimateriel.com\/en\/wp-json\/wp\/v2\/product\/22703\/revisions"}],"predecessor-version":[{"id":22815,"href":"https:\/\/agrimateriel.com\/en\/wp-json\/wp\/v2\/product\/22703\/revisions\/22815"}],"wp:featuredmedia":[{"embeddable":true,"href":"https:\/\/agrimateriel.com\/en\/wp-json\/wp\/v2\/media\/22814"}],"wp:attachment":[{"href":"https:\/\/agrimateriel.com\/en\/wp-json\/wp\/v2\/media?parent=22703"}],"wp:term":[{"taxonomy":"product_brand","embeddable":true,"href":"https:\/\/agrimateriel.com\/en\/wp-json\/wp\/v2\/product_brand?post=22703"},{"taxonomy":"product_cat","embeddable":true,"href":"https:\/\/agrimateriel.com\/en\/wp-json\/wp\/v2\/product_cat?post=22703"},{"taxonomy":"product_tag","embeddable":true,"href":"https:\/\/agrimateriel.com\/en\/wp-json\/wp\/v2\/product_tag?post=22703"}],"curies":[{"name":"wp","href":"https:\/\/api.w.org\/{rel}","templated":true}]}}