{"id":22711,"date":"2025-10-29T10:42:04","date_gmt":"2025-10-29T10:42:04","guid":{"rendered":"https:\/\/agrimateriel.com\/?post_type=product&#038;p=22711"},"modified":"2025-10-29T12:33:09","modified_gmt":"2025-10-29T12:33:09","slug":"moulin-a-granules","status":"publish","type":"product","link":"https:\/\/agrimateriel.com\/en\/nos-produits\/moulin-a-granules\/","title":{"rendered":"Moulin a Granules"},"content":{"rendered":"<p>Ce moulin \u00e0 granul\u00e9s mobile et \u00e9lectrique vous permettra de broyer et pr\u00e9parer les aliments de vos volailles et autres animaux de la fermes ou domestiques (poulets, canards, oies, porcs, b\u0153ufs, poissons, chiens\u2026 ).<\/p>","protected":false},"excerpt":{"rendered":"<p>Ce moulin \u00e0 granul\u00e9s mobile et \u00e9lectrique vous permettra de broyer et pr\u00e9parer les aliments de vos volailles et autres<\/p>","protected":false},"featured_media":22842,"comment_status":"open","ping_status":"closed","template":"","meta":[],"product_brand":[],"product_cat":[227],"product_tag":[],"class_list":{"0":"post-22711","1":"product","2":"type-product","3":"status-publish","4":"has-post-thumbnail","6":"product_cat-moulin-a-granules","8":"first","9":"instock","10":"shipping-taxable","11":"purchasable","12":"product-type-variable","13":"has-default-attributes"},"_links":{"self":[{"href":"https:\/\/agrimateriel.com\/en\/wp-json\/wp\/v2\/product\/22711","targetHints":{"allow":["GET"]}}],"collection":[{"href":"https:\/\/agrimateriel.com\/en\/wp-json\/wp\/v2\/product"}],"about":[{"href":"https:\/\/agrimateriel.com\/en\/wp-json\/wp\/v2\/types\/product"}],"replies":[{"embeddable":true,"href":"https:\/\/agrimateriel.com\/en\/wp-json\/wp\/v2\/comments?post=22711"}],"version-history":[{"count":1,"href":"https:\/\/agrimateriel.com\/en\/wp-json\/wp\/v2\/product\/22711\/revisions"}],"predecessor-version":[{"id":22843,"href":"https:\/\/agrimateriel.com\/en\/wp-json\/wp\/v2\/product\/22711\/revisions\/22843"}],"wp:featuredmedia":[{"embeddable":true,"href":"https:\/\/agrimateriel.com\/en\/wp-json\/wp\/v2\/media\/22842"}],"wp:attachment":[{"href":"https:\/\/agrimateriel.com\/en\/wp-json\/wp\/v2\/media?parent=22711"}],"wp:term":[{"taxonomy":"product_brand","embeddable":true,"href":"https:\/\/agrimateriel.com\/en\/wp-json\/wp\/v2\/product_brand?post=22711"},{"taxonomy":"product_cat","embeddable":true,"href":"https:\/\/agrimateriel.com\/en\/wp-json\/wp\/v2\/product_cat?post=22711"},{"taxonomy":"product_tag","embeddable":true,"href":"https:\/\/agrimateriel.com\/en\/wp-json\/wp\/v2\/product_tag?post=22711"}],"curies":[{"name":"wp","href":"https:\/\/api.w.org\/{rel}","templated":true}]}}