{"id":22755,"date":"2025-10-29T10:43:01","date_gmt":"2025-10-29T10:43:01","guid":{"rendered":"https:\/\/agrimateriel.com\/?post_type=product&#038;p=22755"},"modified":"2025-10-29T13:29:53","modified_gmt":"2025-10-29T13:29:53","slug":"machine-a-echauder","status":"publish","type":"product","link":"https:\/\/agrimateriel.com\/en\/nos-produits\/machine-a-echauder\/","title":{"rendered":"Machine \u00e0 \u00c9chauder"},"content":{"rendered":"<p>La machine \u00e0 \u00e9chauder le poulet est un \u00e9quipement de industriel con\u00e7u pour faciliter le processus de transformation de volaille.<br \/>\nCette machine est \u00e9quip\u00e9e d\u2019un r\u00e9servoir d\u2019eau chaude et d\u2019un syst\u00e8me de pulv\u00e9risation qui permet de plonger le poulet dans l\u2019eau bouillante pour enlever facilement les plumes et les restes de peau.<br \/>\nL\u2019utilisation de cette machine \u00e0 \u00e9chauder le poulet est essentielle pour les entreprises de transformation de volaille en Afrique, car elle permet un gain de temps consid\u00e9rable tout en assurant une qualit\u00e9 de traitement irr\u00e9prochable.<br \/>\nEn effet, son syst\u00e8me de chauffage et sa grande capacit\u00e9, permettent de traiter rapidement une grande quantit\u00e9 de poulet.<br \/>\nEn outre, la machine \u00e0 \u00e9chauder le poulet est \u00e9quip\u00e9e d\u2019un syst\u00e8me de contr\u00f4le de la temp\u00e9rature qui garantit une cuisson uniforme et homog\u00e8ne du poulet, tout en pr\u00e9servant sa qualit\u00e9 gustative et nutritionnelle.<br \/>\nEnfin, cette machine est facile \u00e0 utiliser et \u00e0 entretenir, ce qui en fait un choix id\u00e9al pour les entreprises de transformation de volaille au S\u00e9n\u00e9gal et en Afrique.<br \/>\nEn r\u00e9sum\u00e9, la machine \u00e0 \u00e9chauder le poulet est un \u00e9quipement de cuisine industriel indispensable pour les restaurants, les fast-foods, les petites et moyennes unit\u00e9s de transformation de volaille au S\u00e9n\u00e9gal et en Afrique.<br \/>\nPour acqu\u00e9rir cette machine, il est recommand\u00e9 de contacter des fournisseurs de mat\u00e9riel professionnels au S\u00e9n\u00e9gal et en Afrique.<br \/>\nPour obtenir des offres comp\u00e9titives et un service de qualit\u00e9, contactez Senchicken par mail ou par WhatsApp.<\/p>","protected":false},"excerpt":{"rendered":"<p>Cette machine est \u00e9quip\u00e9e d\u2019un r\u00e9servoir d\u2019eau chaude et d\u2019un syst\u00e8me de pulv\u00e9risation qui permet de plonger le poulet dans l\u2019eau bouillante pour enlever facilement les plumes et les restes de peau.<br \/>\nCaract\u00e9ristiques Technique :<\/p>\n<p>Mat\u00e9riaux : Acier Inoxidable<br \/>\nPuissance : 2kW \u2013 Puissance 120L : 2.2kW<br \/>\nVoltage : 220V<br \/>\nDimensions 70L : 38*46*62cm \u2013 Dimensions 120L : 50*50*64cm<br \/>\nPoids 70L : 35kg \u2013\u00a0Poids 120L : 50kg<br \/>\nCapacit\u00e9 70L : 16kg \u2013 Capacit\u00e9\u00a0120L : 20kg<\/p>","protected":false},"featured_media":22844,"comment_status":"open","ping_status":"closed","template":"","meta":[],"product_brand":[],"product_cat":[228,229],"product_tag":[],"class_list":{"0":"post-22755","1":"product","2":"type-product","3":"status-publish","4":"has-post-thumbnail","6":"product_cat-abattoir","7":"product_cat-machine-a-echauder","9":"first","10":"instock","11":"sale","12":"shipping-taxable","13":"purchasable","14":"product-type-variable","15":"has-default-attributes"},"_links":{"self":[{"href":"https:\/\/agrimateriel.com\/en\/wp-json\/wp\/v2\/product\/22755","targetHints":{"allow":["GET"]}}],"collection":[{"href":"https:\/\/agrimateriel.com\/en\/wp-json\/wp\/v2\/product"}],"about":[{"href":"https:\/\/agrimateriel.com\/en\/wp-json\/wp\/v2\/types\/product"}],"replies":[{"embeddable":true,"href":"https:\/\/agrimateriel.com\/en\/wp-json\/wp\/v2\/comments?post=22755"}],"version-history":[{"count":2,"href":"https:\/\/agrimateriel.com\/en\/wp-json\/wp\/v2\/product\/22755\/revisions"}],"predecessor-version":[{"id":23241,"href":"https:\/\/agrimateriel.com\/en\/wp-json\/wp\/v2\/product\/22755\/revisions\/23241"}],"wp:featuredmedia":[{"embeddable":true,"href":"https:\/\/agrimateriel.com\/en\/wp-json\/wp\/v2\/media\/22844"}],"wp:attachment":[{"href":"https:\/\/agrimateriel.com\/en\/wp-json\/wp\/v2\/media?parent=22755"}],"wp:term":[{"taxonomy":"product_brand","embeddable":true,"href":"https:\/\/agrimateriel.com\/en\/wp-json\/wp\/v2\/product_brand?post=22755"},{"taxonomy":"product_cat","embeddable":true,"href":"https:\/\/agrimateriel.com\/en\/wp-json\/wp\/v2\/product_cat?post=22755"},{"taxonomy":"product_tag","embeddable":true,"href":"https:\/\/agrimateriel.com\/en\/wp-json\/wp\/v2\/product_tag?post=22755"}],"curies":[{"name":"wp","href":"https:\/\/api.w.org\/{rel}","templated":true}]}}