{"id":22780,"date":"2025-10-29T10:43:23","date_gmt":"2025-10-29T10:43:23","guid":{"rendered":"https:\/\/agrimateriel.com\/?post_type=product&#038;p=22780"},"modified":"2025-10-29T11:18:51","modified_gmt":"2025-10-29T11:18:51","slug":"saignoir-rotatif","status":"publish","type":"product","link":"https:\/\/agrimateriel.com\/en\/nos-produits\/saignoir-rotatif\/","title":{"rendered":"Saignoir Rotatif"},"content":{"rendered":"<p>Saignoir rotatif permettant la Cet outil permet de saigner tous les types de volailles. Galvanis\u00e9 \u00e0 chaud, il est id\u00e9al pour travailler dans des conditions d\u2019hygi\u00e8ne irr\u00e9prochable.<br \/>\nLe saignoir permet une immobilisation parfaite de la volaille lors de l\u2019abattage et apr\u00e8s les avoir saign\u00e9es.<\/p>","protected":false},"excerpt":{"rendered":"<p>Saignoir rotatif permettant la Cet outil permet de saigner tous les types de volailles. Galvanis\u00e9 \u00e0 chaud, il est id\u00e9al<\/p>","protected":false},"featured_media":22854,"comment_status":"open","ping_status":"closed","template":"","meta":[],"product_brand":[],"product_cat":[228,231],"product_tag":[],"class_list":{"0":"post-22780","1":"product","2":"type-product","3":"status-publish","4":"has-post-thumbnail","6":"product_cat-abattoir","7":"product_cat-saignoir","9":"first","10":"instock","11":"shipping-taxable","12":"purchasable","13":"product-type-simple"},"_links":{"self":[{"href":"https:\/\/agrimateriel.com\/en\/wp-json\/wp\/v2\/product\/22780","targetHints":{"allow":["GET"]}}],"collection":[{"href":"https:\/\/agrimateriel.com\/en\/wp-json\/wp\/v2\/product"}],"about":[{"href":"https:\/\/agrimateriel.com\/en\/wp-json\/wp\/v2\/types\/product"}],"replies":[{"embeddable":true,"href":"https:\/\/agrimateriel.com\/en\/wp-json\/wp\/v2\/comments?post=22780"}],"version-history":[{"count":1,"href":"https:\/\/agrimateriel.com\/en\/wp-json\/wp\/v2\/product\/22780\/revisions"}],"predecessor-version":[{"id":22855,"href":"https:\/\/agrimateriel.com\/en\/wp-json\/wp\/v2\/product\/22780\/revisions\/22855"}],"wp:featuredmedia":[{"embeddable":true,"href":"https:\/\/agrimateriel.com\/en\/wp-json\/wp\/v2\/media\/22854"}],"wp:attachment":[{"href":"https:\/\/agrimateriel.com\/en\/wp-json\/wp\/v2\/media?parent=22780"}],"wp:term":[{"taxonomy":"product_brand","embeddable":true,"href":"https:\/\/agrimateriel.com\/en\/wp-json\/wp\/v2\/product_brand?post=22780"},{"taxonomy":"product_cat","embeddable":true,"href":"https:\/\/agrimateriel.com\/en\/wp-json\/wp\/v2\/product_cat?post=22780"},{"taxonomy":"product_tag","embeddable":true,"href":"https:\/\/agrimateriel.com\/en\/wp-json\/wp\/v2\/product_tag?post=22780"}],"curies":[{"name":"wp","href":"https:\/\/api.w.org\/{rel}","templated":true}]}}