{"id":22798,"date":"2025-10-29T10:43:46","date_gmt":"2025-10-29T10:43:46","guid":{"rendered":"https:\/\/agrimateriel.com\/?post_type=product&#038;p=22798"},"modified":"2025-10-29T12:36:06","modified_gmt":"2025-10-29T12:36:06","slug":"moulin-a-broyer","status":"publish","type":"product","link":"https:\/\/agrimateriel.com\/en\/nos-produits\/moulin-a-broyer\/","title":{"rendered":"Moulin a broyer"},"content":{"rendered":"<p>Moulin a broyer les c\u00e9r\u00e9ales (Mil, riz, ma\u00efs, bl\u00e9, haricots, soja, c\u00e9r\u00e9ales, \u00e9pices, &#8230;) pour la fabrication de farine. Capacit\u00e9 de production de 200 kg par heure.<\/p>\n<p>\u00c9nergie : \u00c9lectricit\u00e9 \u00c9co \u00c9nergie<br \/>\nPuissance : 3Kw<br \/>\nVoltage : 220V<br \/>\nVitesse : 5000 tours\/min<br \/>\nCapacit\u00e9 : \u2265 200 kg\/h<br \/>\nDimensions (L*l*H) : 65*40*85 cm<br \/>\nPoids : 80kg<\/p>","protected":false},"excerpt":{"rendered":"<p>Moulin a broyer les c\u00e9r\u00e9ales (Mil, riz, ma\u00efs, bl\u00e9, haricots, soja, c\u00e9r\u00e9ales, \u00e9pices, &#8230;) pour la fabrication de farine. Capacit\u00e9 de production de 200 kg par heure.<\/p>","protected":false},"featured_media":22856,"comment_status":"open","ping_status":"closed","template":"","meta":[],"product_brand":[],"product_cat":[232,233],"product_tag":[],"class_list":{"0":"post-22798","1":"product","2":"type-product","3":"status-publish","4":"has-post-thumbnail","6":"product_cat-agroalimentaire","7":"product_cat-moulin-a-farine","9":"first","10":"instock","11":"shipping-taxable","12":"purchasable","13":"product-type-simple"},"_links":{"self":[{"href":"https:\/\/agrimateriel.com\/en\/wp-json\/wp\/v2\/product\/22798","targetHints":{"allow":["GET"]}}],"collection":[{"href":"https:\/\/agrimateriel.com\/en\/wp-json\/wp\/v2\/product"}],"about":[{"href":"https:\/\/agrimateriel.com\/en\/wp-json\/wp\/v2\/types\/product"}],"replies":[{"embeddable":true,"href":"https:\/\/agrimateriel.com\/en\/wp-json\/wp\/v2\/comments?post=22798"}],"version-history":[{"count":1,"href":"https:\/\/agrimateriel.com\/en\/wp-json\/wp\/v2\/product\/22798\/revisions"}],"predecessor-version":[{"id":22857,"href":"https:\/\/agrimateriel.com\/en\/wp-json\/wp\/v2\/product\/22798\/revisions\/22857"}],"wp:featuredmedia":[{"embeddable":true,"href":"https:\/\/agrimateriel.com\/en\/wp-json\/wp\/v2\/media\/22856"}],"wp:attachment":[{"href":"https:\/\/agrimateriel.com\/en\/wp-json\/wp\/v2\/media?parent=22798"}],"wp:term":[{"taxonomy":"product_brand","embeddable":true,"href":"https:\/\/agrimateriel.com\/en\/wp-json\/wp\/v2\/product_brand?post=22798"},{"taxonomy":"product_cat","embeddable":true,"href":"https:\/\/agrimateriel.com\/en\/wp-json\/wp\/v2\/product_cat?post=22798"},{"taxonomy":"product_tag","embeddable":true,"href":"https:\/\/agrimateriel.com\/en\/wp-json\/wp\/v2\/product_tag?post=22798"}],"curies":[{"name":"wp","href":"https:\/\/api.w.org\/{rel}","templated":true}]}}