{"id":22800,"date":"2025-10-29T10:43:46","date_gmt":"2025-10-29T10:43:46","guid":{"rendered":"https:\/\/agrimateriel.com\/?post_type=product&#038;p=22800"},"modified":"2025-10-29T15:42:44","modified_gmt":"2025-10-29T15:42:44","slug":"abreuvoir-automatique","status":"publish","type":"product","link":"https:\/\/agrimateriel.com\/en\/nos-produits\/abreuvoir-automatique\/","title":{"rendered":"Abreuvoir automatique"},"content":{"rendered":"<p>Abreuvoir automatique 2e \u00e2ge : 1 pour 100 sujets<br \/>\nIl est livr\u00e9 avec:<\/p>\n<p>Vanne automatique qui r\u00e9gule le niveau d\u2019eau<br \/>\nC\u00e2ble pour accrocher avec r\u00e9glage en hauteur<br \/>\n3 m\u00e8tres de tuyau en PVC souple noir pour raccordement d\u2019eau 5x9mm<br \/>\nValve du robinet pour application en ligne<br \/>\nPression de service: min. 0,2 bar \u2013 max 0,5 bar<br \/>\nPleine hauteur: 620 mm<br \/>\nDiam\u00e8tre: 400 mm<br \/>\nPoids: 1.930 kg<\/p>\n<p>Cet abreuvoir automatique pour poulailler ne sera pas vid\u00e9 par vos volailles vu qu\u2019il est aliment\u00e9 en permanence en eau par le haut.<br \/>\nCet \u00e9quipement est en plastique (PP) de qualit\u00e9 premium, r\u00e9sistant aux rayons UV et facile \u00e0 nettoyer.<br \/>\nVous devrez l\u2019utiliser sur un r\u00e9seau d\u2019eau basse pression, de pr\u00e9f\u00e9rence avec le tuyau \u00d8 12 mm.<br \/>\n1 mod\u00e8le pour poules adultes, 1 mod\u00e8le pour poussins.<\/p>","protected":false},"excerpt":{"rendered":"<p>Cet abreuvoir automatique pour poulailler ne sera pas vid\u00e9 par vos volailles vu qu\u2019il est aliment\u00e9 en permanence en eau par le haut.<br \/>\nCet \u00e9quipement est en plastique (PP) de qualit\u00e9 premium, r\u00e9sistant aux rayons UV et facile \u00e0 nettoyer.<br \/>\nVous devrez l\u2019utiliser sur un r\u00e9seau d\u2019eau basse pression, de pr\u00e9f\u00e9rence avec le tuyau \u00d8 12 mm.<br \/>\n1 mod\u00e8le pour poules adultes, 1 mod\u00e8le pour poussins.<\/p>","protected":false},"featured_media":22886,"comment_status":"open","ping_status":"closed","template":"","meta":[],"product_brand":[],"product_cat":[225,216],"product_tag":[],"class_list":{"0":"post-22800","1":"product","2":"type-product","3":"status-publish","4":"has-post-thumbnail","6":"product_cat-abreuvoir","7":"product_cat-elevage","9":"first","10":"instock","11":"shipping-taxable","12":"purchasable","13":"product-type-variable","14":"has-default-attributes"},"_links":{"self":[{"href":"https:\/\/agrimateriel.com\/en\/wp-json\/wp\/v2\/product\/22800","targetHints":{"allow":["GET"]}}],"collection":[{"href":"https:\/\/agrimateriel.com\/en\/wp-json\/wp\/v2\/product"}],"about":[{"href":"https:\/\/agrimateriel.com\/en\/wp-json\/wp\/v2\/types\/product"}],"replies":[{"embeddable":true,"href":"https:\/\/agrimateriel.com\/en\/wp-json\/wp\/v2\/comments?post=22800"}],"version-history":[{"count":3,"href":"https:\/\/agrimateriel.com\/en\/wp-json\/wp\/v2\/product\/22800\/revisions"}],"predecessor-version":[{"id":23243,"href":"https:\/\/agrimateriel.com\/en\/wp-json\/wp\/v2\/product\/22800\/revisions\/23243"}],"wp:featuredmedia":[{"embeddable":true,"href":"https:\/\/agrimateriel.com\/en\/wp-json\/wp\/v2\/media\/22886"}],"wp:attachment":[{"href":"https:\/\/agrimateriel.com\/en\/wp-json\/wp\/v2\/media?parent=22800"}],"wp:term":[{"taxonomy":"product_brand","embeddable":true,"href":"https:\/\/agrimateriel.com\/en\/wp-json\/wp\/v2\/product_brand?post=22800"},{"taxonomy":"product_cat","embeddable":true,"href":"https:\/\/agrimateriel.com\/en\/wp-json\/wp\/v2\/product_cat?post=22800"},{"taxonomy":"product_tag","embeddable":true,"href":"https:\/\/agrimateriel.com\/en\/wp-json\/wp\/v2\/product_tag?post=22800"}],"curies":[{"name":"wp","href":"https:\/\/api.w.org\/{rel}","templated":true}]}}