{"id":22824,"date":"2025-10-29T10:44:11","date_gmt":"2025-10-29T10:44:11","guid":{"rendered":"https:\/\/agrimateriel.com\/?post_type=product&#038;p=22824"},"modified":"2025-10-29T15:42:19","modified_gmt":"2025-10-29T15:42:19","slug":"plateau-de-demarrage","status":"publish","type":"product","link":"https:\/\/agrimateriel.com\/en\/nos-produits\/plateau-de-demarrage\/","title":{"rendered":"Plateau de D\u00e9marrage"},"content":{"rendered":"<p>Le plateau de d\u00e9marrage, sp\u00e9cialement con\u00e7u, offre une source d\u2019alimentation pratique et hygi\u00e9nique pour les jeunes poussins dans les \u00e9levages avicoles s\u00e9n\u00e9galais.<br \/>\nAvec des bords relev\u00e9s pour pr\u00e9venir les gaspillages et des syst\u00e8mes de r\u00e9gulation du d\u00e9bit, nos plateaux assurent un acc\u00e8s constant \u00e0 une alimentation \u00e9quilibr\u00e9e pour favoriser la sant\u00e9 et la croissance harmonieuse des poussins.<br \/>\nChoisissez notre solution de qualit\u00e9 pour des r\u00e9sultats optimaux dans l\u2019\u00e9levage de vos poussins au S\u00e9n\u00e9gal.<\/p>","protected":false},"excerpt":{"rendered":"<p>Le plateau de d\u00e9marrage, sp\u00e9cialement con\u00e7u, offre une source d\u2019alimentation pratique et hygi\u00e9nique pour les jeunes poussins dans les \u00e9levages<\/p>","protected":false},"featured_media":22889,"comment_status":"open","ping_status":"closed","template":"","meta":[],"product_brand":[],"product_cat":[216,226],"product_tag":[],"class_list":{"0":"post-22824","1":"product","2":"type-product","3":"status-publish","4":"has-post-thumbnail","6":"product_cat-elevage","7":"product_cat-mangeoire","9":"first","10":"instock","11":"sale","12":"shipping-taxable","13":"purchasable","14":"product-type-variable","15":"has-default-attributes"},"_links":{"self":[{"href":"https:\/\/agrimateriel.com\/en\/wp-json\/wp\/v2\/product\/22824","targetHints":{"allow":["GET"]}}],"collection":[{"href":"https:\/\/agrimateriel.com\/en\/wp-json\/wp\/v2\/product"}],"about":[{"href":"https:\/\/agrimateriel.com\/en\/wp-json\/wp\/v2\/types\/product"}],"replies":[{"embeddable":true,"href":"https:\/\/agrimateriel.com\/en\/wp-json\/wp\/v2\/comments?post=22824"}],"version-history":[{"count":1,"href":"https:\/\/agrimateriel.com\/en\/wp-json\/wp\/v2\/product\/22824\/revisions"}],"predecessor-version":[{"id":22890,"href":"https:\/\/agrimateriel.com\/en\/wp-json\/wp\/v2\/product\/22824\/revisions\/22890"}],"wp:featuredmedia":[{"embeddable":true,"href":"https:\/\/agrimateriel.com\/en\/wp-json\/wp\/v2\/media\/22889"}],"wp:attachment":[{"href":"https:\/\/agrimateriel.com\/en\/wp-json\/wp\/v2\/media?parent=22824"}],"wp:term":[{"taxonomy":"product_brand","embeddable":true,"href":"https:\/\/agrimateriel.com\/en\/wp-json\/wp\/v2\/product_brand?post=22824"},{"taxonomy":"product_cat","embeddable":true,"href":"https:\/\/agrimateriel.com\/en\/wp-json\/wp\/v2\/product_cat?post=22824"},{"taxonomy":"product_tag","embeddable":true,"href":"https:\/\/agrimateriel.com\/en\/wp-json\/wp\/v2\/product_tag?post=22824"}],"curies":[{"name":"wp","href":"https:\/\/api.w.org\/{rel}","templated":true}]}}