{"id":22839,"date":"2025-10-29T10:44:34","date_gmt":"2025-10-29T10:44:34","guid":{"rendered":"https:\/\/agrimateriel.com\/?post_type=product&#038;p=22839"},"modified":"2025-10-29T11:00:34","modified_gmt":"2025-10-29T11:00:34","slug":"semoir-a-graines-et-engrais-manuel","status":"publish","type":"product","link":"https:\/\/agrimateriel.com\/en\/nos-produits\/semoir-a-graines-et-engrais-manuel\/","title":{"rendered":"Semoir a Graines et Engrais Manuel"},"content":{"rendered":"<p>Espace de semaison : 20-33cm.<br \/>\nR\u00e9servoir de fertilisant solide ou en poudre.<br \/>\nType de graines : Mais, soja, arachide, coton, ni\u00e9b\u00e9, gombo, hibiscus, sorgho, pois chiche, haricots, etc\u2026<br \/>\nQuantit\u00e9 d\u2019ensemencement par trous : 1-2 graines.<br \/>\nCapacit\u00e9 du r\u00e9servoir \u00e0 graines : 2-3 kg.<br \/>\nCapacit\u00e9 du r\u00e9servoir \u00e0 fertilisant : 2-3.5kg<br \/>\nDimensions du paquet : 53 x 23 x 57cm<\/p>","protected":false},"excerpt":{"rendered":"<p>Espace de semaison : 20-33cm. R\u00e9servoir de fertilisant solide ou en poudre. Type de graines : Mais, soja, arachide, coton,<\/p>","protected":false},"featured_media":22895,"comment_status":"open","ping_status":"closed","template":"","meta":[],"product_brand":[],"product_cat":[244],"product_tag":[],"class_list":{"0":"post-22839","1":"product","2":"type-product","3":"status-publish","4":"has-post-thumbnail","6":"product_cat-semoirs","8":"first","9":"instock","10":"shipping-taxable","11":"purchasable","12":"product-type-simple"},"_links":{"self":[{"href":"https:\/\/agrimateriel.com\/en\/wp-json\/wp\/v2\/product\/22839","targetHints":{"allow":["GET"]}}],"collection":[{"href":"https:\/\/agrimateriel.com\/en\/wp-json\/wp\/v2\/product"}],"about":[{"href":"https:\/\/agrimateriel.com\/en\/wp-json\/wp\/v2\/types\/product"}],"replies":[{"embeddable":true,"href":"https:\/\/agrimateriel.com\/en\/wp-json\/wp\/v2\/comments?post=22839"}],"version-history":[{"count":1,"href":"https:\/\/agrimateriel.com\/en\/wp-json\/wp\/v2\/product\/22839\/revisions"}],"predecessor-version":[{"id":22896,"href":"https:\/\/agrimateriel.com\/en\/wp-json\/wp\/v2\/product\/22839\/revisions\/22896"}],"wp:featuredmedia":[{"embeddable":true,"href":"https:\/\/agrimateriel.com\/en\/wp-json\/wp\/v2\/media\/22895"}],"wp:attachment":[{"href":"https:\/\/agrimateriel.com\/en\/wp-json\/wp\/v2\/media?parent=22839"}],"wp:term":[{"taxonomy":"product_brand","embeddable":true,"href":"https:\/\/agrimateriel.com\/en\/wp-json\/wp\/v2\/product_brand?post=22839"},{"taxonomy":"product_cat","embeddable":true,"href":"https:\/\/agrimateriel.com\/en\/wp-json\/wp\/v2\/product_cat?post=22839"},{"taxonomy":"product_tag","embeddable":true,"href":"https:\/\/agrimateriel.com\/en\/wp-json\/wp\/v2\/product_tag?post=22839"}],"curies":[{"name":"wp","href":"https:\/\/api.w.org\/{rel}","templated":true}]}}