{"id":22841,"date":"2025-10-29T10:44:35","date_gmt":"2025-10-29T10:44:35","guid":{"rendered":"https:\/\/agrimateriel.com\/?post_type=product&#038;p=22841"},"modified":"2025-10-29T12:07:16","modified_gmt":"2025-10-29T12:07:16","slug":"pompe-a-eau-solaire-immergee-hybride-ac-dc","status":"publish","type":"product","link":"https:\/\/agrimateriel.com\/en\/nos-produits\/pompe-a-eau-solaire-immergee-hybride-ac-dc\/","title":{"rendered":"Pompe a Eau Solaire Immerg\u00e9e Hybride AC\/DC"},"content":{"rendered":"<p>La pompe a eau solaire immerg\u00e9e hybride peut fonctionner \u00e0 la fois en courant continu et en courant alternatif. C\u2019est le premier choix pour les utilisateurs qui ont beaucoup de besoins en eau (pomper jour et nuit) et qui ne veulent pas utiliser de batteries ou de g\u00e9n\u00e9rateurs. Elle fonctionne avec le soleil en journ\u00e9e et bascule progressivement sur le r\u00e9seau \u00e9lectriques d\u00e8s que la production des panneaux ne suffit plus.<\/p>","protected":false},"excerpt":{"rendered":"<p>La pompe a eau solaire immerg\u00e9e hybride peut fonctionner \u00e0 la fois en courant continu et en courant alternatif. C\u2019est<\/p>","protected":false},"featured_media":22916,"comment_status":"open","ping_status":"closed","template":"","meta":[],"product_brand":[],"product_cat":[245],"product_tag":[],"class_list":{"0":"post-22841","1":"product","2":"type-product","3":"status-publish","4":"has-post-thumbnail","6":"product_cat-pompes-a-eau","8":"first","9":"instock","10":"shipping-taxable","11":"purchasable","12":"product-type-variable","13":"has-default-attributes"},"_links":{"self":[{"href":"https:\/\/agrimateriel.com\/en\/wp-json\/wp\/v2\/product\/22841","targetHints":{"allow":["GET"]}}],"collection":[{"href":"https:\/\/agrimateriel.com\/en\/wp-json\/wp\/v2\/product"}],"about":[{"href":"https:\/\/agrimateriel.com\/en\/wp-json\/wp\/v2\/types\/product"}],"replies":[{"embeddable":true,"href":"https:\/\/agrimateriel.com\/en\/wp-json\/wp\/v2\/comments?post=22841"}],"version-history":[{"count":3,"href":"https:\/\/agrimateriel.com\/en\/wp-json\/wp\/v2\/product\/22841\/revisions"}],"predecessor-version":[{"id":23237,"href":"https:\/\/agrimateriel.com\/en\/wp-json\/wp\/v2\/product\/22841\/revisions\/23237"}],"wp:featuredmedia":[{"embeddable":true,"href":"https:\/\/agrimateriel.com\/en\/wp-json\/wp\/v2\/media\/22916"}],"wp:attachment":[{"href":"https:\/\/agrimateriel.com\/en\/wp-json\/wp\/v2\/media?parent=22841"}],"wp:term":[{"taxonomy":"product_brand","embeddable":true,"href":"https:\/\/agrimateriel.com\/en\/wp-json\/wp\/v2\/product_brand?post=22841"},{"taxonomy":"product_cat","embeddable":true,"href":"https:\/\/agrimateriel.com\/en\/wp-json\/wp\/v2\/product_cat?post=22841"},{"taxonomy":"product_tag","embeddable":true,"href":"https:\/\/agrimateriel.com\/en\/wp-json\/wp\/v2\/product_tag?post=22841"}],"curies":[{"name":"wp","href":"https:\/\/api.w.org\/{rel}","templated":true}]}}