{"id":22871,"date":"2025-10-29T10:45:01","date_gmt":"2025-10-29T10:45:01","guid":{"rendered":"https:\/\/agrimateriel.com\/?post_type=product&#038;p=22871"},"modified":"2025-10-29T11:35:57","modified_gmt":"2025-10-29T11:35:57","slug":"pompe-solaire-immergee-dc","status":"publish","type":"product","link":"https:\/\/agrimateriel.com\/en\/nos-produits\/pompe-solaire-immergee-dc\/","title":{"rendered":"Pompe Solaire Immerg\u00e9e DC"},"content":{"rendered":"<p>Cette pompe fonctionne en courant continu, c\u2019est-\u00e0-dire en utilisant directement le courant g\u00e9n\u00e9r\u00e9 par les panneaux solaires. Vous n\u2019avez donc pas besoin d\u2019ajouter un onduleur \u00e0 votre installation. Cependant, si vous souhaitez que la pompe fonctionne en dehors des heures de production des panneaux solaire, vous pouvez ajouter une batterie de stockage qui fournit du courant continu ainsi qu\u2019un r\u00e9gulateur de charge.<\/p>","protected":false},"excerpt":{"rendered":"<p>Cette pompe fonctionne en courant continu, c\u2019est-\u00e0-dire en utilisant directement le courant g\u00e9n\u00e9r\u00e9 par les panneaux solaires. Vous n\u2019avez donc<\/p>","protected":false},"featured_media":22919,"comment_status":"open","ping_status":"closed","template":"","meta":[],"product_brand":[],"product_cat":[245],"product_tag":[],"class_list":{"0":"post-22871","1":"product","2":"type-product","3":"status-publish","4":"has-post-thumbnail","6":"product_cat-pompes-a-eau","8":"first","9":"instock","10":"shipping-taxable","11":"purchasable","12":"product-type-variable","13":"has-default-attributes"},"_links":{"self":[{"href":"https:\/\/agrimateriel.com\/en\/wp-json\/wp\/v2\/product\/22871","targetHints":{"allow":["GET"]}}],"collection":[{"href":"https:\/\/agrimateriel.com\/en\/wp-json\/wp\/v2\/product"}],"about":[{"href":"https:\/\/agrimateriel.com\/en\/wp-json\/wp\/v2\/types\/product"}],"replies":[{"embeddable":true,"href":"https:\/\/agrimateriel.com\/en\/wp-json\/wp\/v2\/comments?post=22871"}],"version-history":[{"count":1,"href":"https:\/\/agrimateriel.com\/en\/wp-json\/wp\/v2\/product\/22871\/revisions"}],"predecessor-version":[{"id":22920,"href":"https:\/\/agrimateriel.com\/en\/wp-json\/wp\/v2\/product\/22871\/revisions\/22920"}],"wp:featuredmedia":[{"embeddable":true,"href":"https:\/\/agrimateriel.com\/en\/wp-json\/wp\/v2\/media\/22919"}],"wp:attachment":[{"href":"https:\/\/agrimateriel.com\/en\/wp-json\/wp\/v2\/media?parent=22871"}],"wp:term":[{"taxonomy":"product_brand","embeddable":true,"href":"https:\/\/agrimateriel.com\/en\/wp-json\/wp\/v2\/product_brand?post=22871"},{"taxonomy":"product_cat","embeddable":true,"href":"https:\/\/agrimateriel.com\/en\/wp-json\/wp\/v2\/product_cat?post=22871"},{"taxonomy":"product_tag","embeddable":true,"href":"https:\/\/agrimateriel.com\/en\/wp-json\/wp\/v2\/product_tag?post=22871"}],"curies":[{"name":"wp","href":"https:\/\/api.w.org\/{rel}","templated":true}]}}