{"id":22902,"date":"2025-10-29T10:45:25","date_gmt":"2025-10-29T10:45:25","guid":{"rendered":"https:\/\/agrimateriel.com\/?post_type=product&#038;p=22902"},"modified":"2025-10-29T11:29:12","modified_gmt":"2025-10-29T11:29:12","slug":"pompe-solaire-de-surface","status":"publish","type":"product","link":"https:\/\/agrimateriel.com\/en\/nos-produits\/pompe-solaire-de-surface\/","title":{"rendered":"Pompe Solaire de Surface"},"content":{"rendered":"<p>Lorsque la profondeur de la source d\u2019eau est inf\u00e9rieure \u00e0 3 m\u00e8tres, nous utiliserons une pompe solaire de surface. Ces pompes sont tr\u00e8s puissantes, ont des d\u00e9bits importants (jusqu\u2019\u00e0 100m3\/h) et peuvent remonter l\u2019eau jusqu\u2019\u00e0 une hauteur de 30m.<\/p>","protected":false},"excerpt":{"rendered":"<p>Lorsque la profondeur de la source d\u2019eau est inf\u00e9rieure \u00e0 3 m\u00e8tres, nous utiliserons une pompe solaire de surface. Ces<\/p>","protected":false},"featured_media":22922,"comment_status":"open","ping_status":"closed","template":"","meta":[],"product_brand":[],"product_cat":[245],"product_tag":[],"class_list":{"0":"post-22902","1":"product","2":"type-product","3":"status-publish","4":"has-post-thumbnail","6":"product_cat-pompes-a-eau","8":"first","9":"instock","10":"shipping-taxable","11":"purchasable","12":"product-type-variable","13":"has-default-attributes"},"_links":{"self":[{"href":"https:\/\/agrimateriel.com\/en\/wp-json\/wp\/v2\/product\/22902","targetHints":{"allow":["GET"]}}],"collection":[{"href":"https:\/\/agrimateriel.com\/en\/wp-json\/wp\/v2\/product"}],"about":[{"href":"https:\/\/agrimateriel.com\/en\/wp-json\/wp\/v2\/types\/product"}],"replies":[{"embeddable":true,"href":"https:\/\/agrimateriel.com\/en\/wp-json\/wp\/v2\/comments?post=22902"}],"version-history":[{"count":1,"href":"https:\/\/agrimateriel.com\/en\/wp-json\/wp\/v2\/product\/22902\/revisions"}],"predecessor-version":[{"id":22923,"href":"https:\/\/agrimateriel.com\/en\/wp-json\/wp\/v2\/product\/22902\/revisions\/22923"}],"wp:featuredmedia":[{"embeddable":true,"href":"https:\/\/agrimateriel.com\/en\/wp-json\/wp\/v2\/media\/22922"}],"wp:attachment":[{"href":"https:\/\/agrimateriel.com\/en\/wp-json\/wp\/v2\/media?parent=22902"}],"wp:term":[{"taxonomy":"product_brand","embeddable":true,"href":"https:\/\/agrimateriel.com\/en\/wp-json\/wp\/v2\/product_brand?post=22902"},{"taxonomy":"product_cat","embeddable":true,"href":"https:\/\/agrimateriel.com\/en\/wp-json\/wp\/v2\/product_cat?post=22902"},{"taxonomy":"product_tag","embeddable":true,"href":"https:\/\/agrimateriel.com\/en\/wp-json\/wp\/v2\/product_tag?post=22902"}],"curies":[{"name":"wp","href":"https:\/\/api.w.org\/{rel}","templated":true}]}}