{"id":22908,"date":"2025-10-29T10:45:25","date_gmt":"2025-10-29T10:45:25","guid":{"rendered":"https:\/\/agrimateriel.com\/?post_type=product&#038;p=22908"},"modified":"2025-10-29T10:46:01","modified_gmt":"2025-10-29T10:46:01","slug":"tondeuse-a-gazon-telecommandee-robotique","status":"publish","type":"product","link":"https:\/\/agrimateriel.com\/en\/nos-produits\/tondeuse-a-gazon-telecommandee-robotique\/","title":{"rendered":"Tondeuse a Gazon T\u00e9l\u00e9command\u00e9e Robotique"},"content":{"rendered":"<p>Tondeuse a gazon, d\u00e9broussailleuse \u00e0 chenilles en caoutchouc t\u00e9l\u00e9command\u00e9e avec\u00a0 d\u00e9marrage \u00e9lectrique. Largement utilis\u00e9 dans les vergers, les pelouses des villas, les terrains de football, les pentes des montagnes, les serres et les jardins.<br \/>\nHaute efficacit\u00e9 : Vitesse de d\u00e9placement jusqu&#8217;\u00e0 4 km\/h. La tondeuse \u00e0 gazon t\u00e9l\u00e9command\u00e9e est 16 fois plus efficace que la coupe manuelle. Vous pourrez r\u00e9duire votre besoin en personnel pour l&#8217;entretien de vos vergers.<br \/>\nS\u00e9curit\u00e9 : La tondeuse \u00e0 gazon t\u00e9l\u00e9command\u00e9es \u00e9loigne le personnel du danger de la pr\u00e9sence de serpents, araign\u00e9es, insectes, etc.<br \/>\nFacile \u00e0 utiliser : D\u00e9marrage \u00e9lectrique \u00e0 une touche et r\u00e9glage rapide et facile de la hauteur de coupe par t\u00e9l\u00e9commande.<br \/>\nFacile \u00e0 entretenir : La tondeuse \u00e0 gazon robotis\u00e9e a une longue dur\u00e9e de vie productive, un faible co\u00fbt de maintenance et ses pi\u00e8ces sont faciles \u00e0 remplacer, selon les besoins.<br \/>\nFacile \u00e0 transporter et \u00e0 stocker : Pesant seulement 170 kg. Avec batterie de secours, peut d\u00e9placer la tondeuse sans d\u00e9marrer le moteur \u00e0 essence.<br \/>\n&nbsp;<br \/>\nLargeur de coupe : 550 mm<br \/>\nVitesse de marche\u00a0: 0-4\u00a0km\/h<br \/>\nDegr\u00e9 de travail : 0 &#8211; 50\u00b0<br \/>\nHauteur de coupe r\u00e9glable : 10 &#8211; 150 mm<br \/>\nPort\u00e9e de la t\u00e9l\u00e9commande : 200 m<br \/>\nType de carburant : Essence<br \/>\nPuissance \/ \u00e9missions : 9 ch \/ 224 cc<br \/>\nType moteur : Monocylindre, quatre temps<br \/>\nM\u00e9thode de d\u00e9marrage : D\u00e9marrage \u00e9lectrique<br \/>\nR\u00e9servoir de carburant : 2L<br \/>\nTemps de travail : 2h<br \/>\nMoteur de marche<br \/>\nType moteur: Traction \u00e9lectrique \u00e0 brosse<br \/>\nTension \/ Puissance : 24V \/ 1000W<br \/>\nDynamo : 28V 1500W<br \/>\nBatterie : 24V 12Ah<br \/>\nTaille de la machine : 1150 x 900 x 620mm<br \/>\nPoids de la machine : 170kg<br \/>\nTaille du colis : 1280 x 980 x 780mm<br \/>\nPoids brut colis : 190kg<\/p>","protected":false},"excerpt":{"rendered":"<p>Tondeuse a gazon, d\u00e9broussailleuse \u00e0 chenilles en caoutchouc t\u00e9l\u00e9command\u00e9e avec\u00a0 d\u00e9marrage \u00e9lectrique. Largement utilis\u00e9 dans les vergers, les pelouses des<\/p>","protected":false},"featured_media":22926,"comment_status":"open","ping_status":"closed","template":"","meta":[],"product_brand":[],"product_cat":[232],"product_tag":[],"class_list":{"0":"post-22908","1":"product","2":"type-product","3":"status-publish","4":"has-post-thumbnail","6":"product_cat-agroalimentaire","8":"first","9":"instock","10":"sale","11":"shipping-taxable","12":"purchasable","13":"product-type-simple"},"_links":{"self":[{"href":"https:\/\/agrimateriel.com\/en\/wp-json\/wp\/v2\/product\/22908","targetHints":{"allow":["GET"]}}],"collection":[{"href":"https:\/\/agrimateriel.com\/en\/wp-json\/wp\/v2\/product"}],"about":[{"href":"https:\/\/agrimateriel.com\/en\/wp-json\/wp\/v2\/types\/product"}],"replies":[{"embeddable":true,"href":"https:\/\/agrimateriel.com\/en\/wp-json\/wp\/v2\/comments?post=22908"}],"version-history":[{"count":1,"href":"https:\/\/agrimateriel.com\/en\/wp-json\/wp\/v2\/product\/22908\/revisions"}],"predecessor-version":[{"id":22927,"href":"https:\/\/agrimateriel.com\/en\/wp-json\/wp\/v2\/product\/22908\/revisions\/22927"}],"wp:featuredmedia":[{"embeddable":true,"href":"https:\/\/agrimateriel.com\/en\/wp-json\/wp\/v2\/media\/22926"}],"wp:attachment":[{"href":"https:\/\/agrimateriel.com\/en\/wp-json\/wp\/v2\/media?parent=22908"}],"wp:term":[{"taxonomy":"product_brand","embeddable":true,"href":"https:\/\/agrimateriel.com\/en\/wp-json\/wp\/v2\/product_brand?post=22908"},{"taxonomy":"product_cat","embeddable":true,"href":"https:\/\/agrimateriel.com\/en\/wp-json\/wp\/v2\/product_cat?post=22908"},{"taxonomy":"product_tag","embeddable":true,"href":"https:\/\/agrimateriel.com\/en\/wp-json\/wp\/v2\/product_tag?post=22908"}],"curies":[{"name":"wp","href":"https:\/\/api.w.org\/{rel}","templated":true}]}}