{"id":22909,"date":"2025-10-29T10:45:25","date_gmt":"2025-10-29T10:45:25","guid":{"rendered":"https:\/\/agrimateriel.com\/?post_type=product&#038;p=22909"},"modified":"2025-10-29T14:01:24","modified_gmt":"2025-10-29T14:01:24","slug":"batteuse","status":"publish","type":"product","link":"https:\/\/agrimateriel.com\/en\/nos-produits\/batteuse\/","title":{"rendered":"Batteuse"},"content":{"rendered":"<p>D\u00e9couvrez la batteuse de c\u00e9r\u00e9ales de pointe, con\u00e7ue pour r\u00e9pondre aux besoins sp\u00e9cifiques de l\u2019agriculture au S\u00e9n\u00e9gal et en Afrique. Notre batteuse polyvalente est id\u00e9ale pour le traitement de diverses cultures c\u00e9r\u00e9ali\u00e8res, notamment le riz, le bl\u00e9, le sorgho et le mil. Gr\u00e2ce \u00e0 sa technologie de pointe, elle garantit un rendement optimal en s\u00e9parant efficacement les grains des tiges.<br \/>\nCette batteuse est l\u2019outil essentiel pour les agriculteurs souhaitant maximiser leur production de c\u00e9r\u00e9ales. Sa robustesse et sa facilit\u00e9 d\u2019utilisation en font un choix id\u00e9al pour les exploitations agricoles de toutes tailles. Investissez dans notre batteuse de c\u00e9r\u00e9ales d\u00e8s aujourd\u2019hui pour am\u00e9liorer votre efficacit\u00e9 de r\u00e9colte et augmenter vos rendements. Faites un pas vers une r\u00e9colte plus abondante et rentable avec notre \u00e9quipement de qualit\u00e9.<\/p>\n<p>Caract\u00e9ristiques Technique :<\/p>\n<p>Dimensions :\u00a090 x 70 x 30 cm<br \/>\nPoids : 72 kg<br \/>\nMoteur : \u00c9lectrique 2.2kw, Essence ou\u00a0Diesel<br \/>\nCapacit\u00e9 de production : \u2265600kg\/h<\/p>\n<p>Type de graines : Riz, bl\u00e9, soja, sorgho, etc\u2026<\/p>","protected":false},"excerpt":{"rendered":"<p>D\u00e9couvrez la batteuse de c\u00e9r\u00e9ales de pointe, con\u00e7ue pour r\u00e9pondre aux besoins sp\u00e9cifiques de l\u2019agriculture au S\u00e9n\u00e9gal et en Afrique. Notre batteuse polyvalente est id\u00e9ale pour le traitement de diverses cultures c\u00e9r\u00e9ali\u00e8res, notamment le riz, le bl\u00e9, le sorgho et le mil. Gr\u00e2ce \u00e0 sa technologie de pointe, elle garantit un rendement optimal en s\u00e9parant efficacement les grains des tiges.<\/p>","protected":false},"featured_media":22961,"comment_status":"open","ping_status":"closed","template":"","meta":[],"product_brand":[],"product_cat":[232],"product_tag":[],"class_list":{"0":"post-22909","1":"product","2":"type-product","3":"status-publish","4":"has-post-thumbnail","6":"product_cat-agroalimentaire","8":"first","9":"instock","10":"shipping-taxable","11":"purchasable","12":"product-type-variable","13":"has-default-attributes"},"_links":{"self":[{"href":"https:\/\/agrimateriel.com\/en\/wp-json\/wp\/v2\/product\/22909","targetHints":{"allow":["GET"]}}],"collection":[{"href":"https:\/\/agrimateriel.com\/en\/wp-json\/wp\/v2\/product"}],"about":[{"href":"https:\/\/agrimateriel.com\/en\/wp-json\/wp\/v2\/types\/product"}],"replies":[{"embeddable":true,"href":"https:\/\/agrimateriel.com\/en\/wp-json\/wp\/v2\/comments?post=22909"}],"version-history":[{"count":1,"href":"https:\/\/agrimateriel.com\/en\/wp-json\/wp\/v2\/product\/22909\/revisions"}],"predecessor-version":[{"id":22962,"href":"https:\/\/agrimateriel.com\/en\/wp-json\/wp\/v2\/product\/22909\/revisions\/22962"}],"wp:featuredmedia":[{"embeddable":true,"href":"https:\/\/agrimateriel.com\/en\/wp-json\/wp\/v2\/media\/22961"}],"wp:attachment":[{"href":"https:\/\/agrimateriel.com\/en\/wp-json\/wp\/v2\/media?parent=22909"}],"wp:term":[{"taxonomy":"product_brand","embeddable":true,"href":"https:\/\/agrimateriel.com\/en\/wp-json\/wp\/v2\/product_brand?post=22909"},{"taxonomy":"product_cat","embeddable":true,"href":"https:\/\/agrimateriel.com\/en\/wp-json\/wp\/v2\/product_cat?post=22909"},{"taxonomy":"product_tag","embeddable":true,"href":"https:\/\/agrimateriel.com\/en\/wp-json\/wp\/v2\/product_tag?post=22909"}],"curies":[{"name":"wp","href":"https:\/\/api.w.org\/{rel}","templated":true}]}}