{"id":22936,"date":"2025-10-29T10:46:04","date_gmt":"2025-10-29T10:46:04","guid":{"rendered":"https:\/\/agrimateriel.com\/?post_type=product&#038;p=22936"},"modified":"2025-10-29T14:07:02","modified_gmt":"2025-10-29T14:07:02","slug":"deshydrateur-alimentaire-88-plateaux","status":"publish","type":"product","link":"https:\/\/agrimateriel.com\/en\/nos-produits\/deshydrateur-alimentaire-88-plateaux\/","title":{"rendered":"D\u00e9shydrateur Alimentaire 88 Plateaux"},"content":{"rendered":"<p>Dimensions : 87 x 56.5 x 155cm<br \/>\nPoids : 104.5kg<br \/>\nPuissance : 7400W<br \/>\nNiveau de bruit : 55dB<br \/>\nPlages de Temp\u00e9rature : 40~90\u2103<br \/>\nCapacit\u00e9 : 220L<br \/>\nNombre de Plateaux : 88<br \/>\nDimensions Plateaux : 39.6 x 39.6cm<br \/>\nEspacement Grille Plateaux : 8mm<br \/>\n\u00c9cart entre Plateaux : 3.5cm<\/p>","protected":false},"excerpt":{"rendered":"<p>R\u00e9duisez le gaspillage alimentaire et \u00e9conomisez de l&#8217;argent en investissant dans le d\u00e9shydrateur alimentaire 88 plateaux. Au S\u00e9n\u00e9gal, o\u00f9 les prix des produits frais peuvent varier et o\u00f9 le gaspillage alimentaire est un d\u00e9fi majeur, cet \u00e9quipement vous permet de prolonger la dur\u00e9e de vie de vos aliments et de pr\u00e9parer des collations saines \u00e0 moindre co\u00fbt. Optez pour une approche durable de l&#8217;alimentation en utilisant ce d\u00e9shydrateur pour transformer les surplus de produits en d\u00e9lices s\u00e9ch\u00e9s d\u00e9licieux et nutritifs.<\/p>","protected":false},"featured_media":22969,"comment_status":"open","ping_status":"closed","template":"","meta":[],"product_brand":[],"product_cat":[297],"product_tag":[],"class_list":{"0":"post-22936","1":"product","2":"type-product","3":"status-publish","4":"has-post-thumbnail","6":"product_cat-deshydrateur","8":"first","9":"instock","10":"sale","11":"shipping-taxable","12":"purchasable","13":"product-type-simple"},"_links":{"self":[{"href":"https:\/\/agrimateriel.com\/en\/wp-json\/wp\/v2\/product\/22936","targetHints":{"allow":["GET"]}}],"collection":[{"href":"https:\/\/agrimateriel.com\/en\/wp-json\/wp\/v2\/product"}],"about":[{"href":"https:\/\/agrimateriel.com\/en\/wp-json\/wp\/v2\/types\/product"}],"replies":[{"embeddable":true,"href":"https:\/\/agrimateriel.com\/en\/wp-json\/wp\/v2\/comments?post=22936"}],"version-history":[{"count":1,"href":"https:\/\/agrimateriel.com\/en\/wp-json\/wp\/v2\/product\/22936\/revisions"}],"predecessor-version":[{"id":22970,"href":"https:\/\/agrimateriel.com\/en\/wp-json\/wp\/v2\/product\/22936\/revisions\/22970"}],"wp:featuredmedia":[{"embeddable":true,"href":"https:\/\/agrimateriel.com\/en\/wp-json\/wp\/v2\/media\/22969"}],"wp:attachment":[{"href":"https:\/\/agrimateriel.com\/en\/wp-json\/wp\/v2\/media?parent=22936"}],"wp:term":[{"taxonomy":"product_brand","embeddable":true,"href":"https:\/\/agrimateriel.com\/en\/wp-json\/wp\/v2\/product_brand?post=22936"},{"taxonomy":"product_cat","embeddable":true,"href":"https:\/\/agrimateriel.com\/en\/wp-json\/wp\/v2\/product_cat?post=22936"},{"taxonomy":"product_tag","embeddable":true,"href":"https:\/\/agrimateriel.com\/en\/wp-json\/wp\/v2\/product_tag?post=22936"}],"curies":[{"name":"wp","href":"https:\/\/api.w.org\/{rel}","templated":true}]}}