{"id":22937,"date":"2025-10-29T10:46:04","date_gmt":"2025-10-29T10:46:04","guid":{"rendered":"https:\/\/agrimateriel.com\/?post_type=product&#038;p=22937"},"modified":"2025-10-29T14:07:14","modified_gmt":"2025-10-29T14:07:14","slug":"deshydrateur-alimentaire-24-plateaux","status":"publish","type":"product","link":"https:\/\/agrimateriel.com\/en\/nos-produits\/deshydrateur-alimentaire-24-plateaux\/","title":{"rendered":"D\u00e9shydrateur Alimentaire 24 Plateaux"},"content":{"rendered":"<p>Dimensions : 70 x 88 x 145cm<br \/>\nPoids : 100kg<br \/>\nPuissance : 5850W<br \/>\nNiveau de bruit : 40-50dB<br \/>\nPlages de Temp\u00e9rature : 40~90\u2103<br \/>\nCapacit\u00e9 : 600L<br \/>\nNombre de Plateaux : 24<br \/>\nDimensions Plateaux : 67 x 67cm<br \/>\nEspacement Grille Plateaux : 10mm<br \/>\n\u00c9cart entre Plateaux : 5cm<\/p>","protected":false},"excerpt":{"rendered":"<p>Gr\u00e2ce au d\u00e9shydrateur alimentaire 24 plateaux, maximisez les bienfaits nutritionnels de vos produits locaux s\u00e9n\u00e9galais. En \u00e9liminant l&#8217;humidit\u00e9 tout en pr\u00e9servant les vitamines et les min\u00e9raux, cet \u00e9quipement vous permet de profiter pleinement des avantages pour la sant\u00e9 des fruits, l\u00e9gumes et viandes de saison. Que vous soyez un agriculteur ou un passionn\u00e9 de cuisine, ce d\u00e9shydrateur vous offre une fa\u00e7on pratique de pr\u00e9server la fra\u00eecheur et les nutriments de vos aliments locaux pr\u00e9f\u00e9r\u00e9s.<\/p>","protected":false},"featured_media":22975,"comment_status":"open","ping_status":"closed","template":"","meta":[],"product_brand":[],"product_cat":[297],"product_tag":[],"class_list":{"0":"post-22937","1":"product","2":"type-product","3":"status-publish","4":"has-post-thumbnail","6":"product_cat-deshydrateur","8":"first","9":"instock","10":"sale","11":"shipping-taxable","12":"purchasable","13":"product-type-simple"},"_links":{"self":[{"href":"https:\/\/agrimateriel.com\/en\/wp-json\/wp\/v2\/product\/22937","targetHints":{"allow":["GET"]}}],"collection":[{"href":"https:\/\/agrimateriel.com\/en\/wp-json\/wp\/v2\/product"}],"about":[{"href":"https:\/\/agrimateriel.com\/en\/wp-json\/wp\/v2\/types\/product"}],"replies":[{"embeddable":true,"href":"https:\/\/agrimateriel.com\/en\/wp-json\/wp\/v2\/comments?post=22937"}],"version-history":[{"count":1,"href":"https:\/\/agrimateriel.com\/en\/wp-json\/wp\/v2\/product\/22937\/revisions"}],"predecessor-version":[{"id":22976,"href":"https:\/\/agrimateriel.com\/en\/wp-json\/wp\/v2\/product\/22937\/revisions\/22976"}],"wp:featuredmedia":[{"embeddable":true,"href":"https:\/\/agrimateriel.com\/en\/wp-json\/wp\/v2\/media\/22975"}],"wp:attachment":[{"href":"https:\/\/agrimateriel.com\/en\/wp-json\/wp\/v2\/media?parent=22937"}],"wp:term":[{"taxonomy":"product_brand","embeddable":true,"href":"https:\/\/agrimateriel.com\/en\/wp-json\/wp\/v2\/product_brand?post=22937"},{"taxonomy":"product_cat","embeddable":true,"href":"https:\/\/agrimateriel.com\/en\/wp-json\/wp\/v2\/product_cat?post=22937"},{"taxonomy":"product_tag","embeddable":true,"href":"https:\/\/agrimateriel.com\/en\/wp-json\/wp\/v2\/product_tag?post=22937"}],"curies":[{"name":"wp","href":"https:\/\/api.w.org\/{rel}","templated":true}]}}