{"id":22941,"date":"2025-10-29T10:46:04","date_gmt":"2025-10-29T10:46:04","guid":{"rendered":"https:\/\/agrimateriel.com\/?post_type=product&#038;p=22941"},"modified":"2025-10-29T10:46:35","modified_gmt":"2025-10-29T10:46:35","slug":"detecteur-de-faux-billets","status":"publish","type":"product","link":"https:\/\/agrimateriel.com\/en\/nos-produits\/detecteur-de-faux-billets\/","title":{"rendered":"D\u00e9tecteur de Faux Billets"},"content":{"rendered":"<p>Prot\u00e9gez votre entreprise contre la fraude avec notre D\u00e9tecteur de Faux Billets Professionnel. Con\u00e7u pour offrir une d\u00e9tection fiable et rapide des contrefa\u00e7ons, cet appareil est un outil essentiel pour les commerces de d\u00e9tail, les banques et tout \u00e9tablissement manipulant des esp\u00e8ces.<br \/>\nM\u00e9thodes de d\u00e9tection des contrefa\u00e7ons :<br \/>\nV\u00e9rification des billets avec la d\u00e9tection magn\u00e9tique, infrarouge, ultraviolette, dimensionnelle, d&#8217;\u00e9paisseur, de ligne de s\u00e9curit\u00e9, d&#8217;encre variable, de spectre, de fluorescence, d&#8217;image et de qualit\u00e9 du papier.<br \/>\nAlerte sonore et visuelle :<br \/>\nVous rappelle le risque potentiel de fausse monnaie lorsqu&#8217;un billet suspect arrive.<br \/>\nReconnaissance de la d\u00e9nomination :<br \/>\nLe d\u00e9tecteur de fausse monnaie reconna\u00eet \u00e9galement la d\u00e9nomination du billet v\u00e9rifi\u00e9 pour plus de s\u00e9curit\u00e9.<br \/>\nMode ajout de valeur :<br \/>\nAffichez le nombre de billets de banque et la valeur totale de chaque type de devise.<br \/>\nEntretien :<br \/>\nLes billets us\u00e9s et sales affectent le capteur du d\u00e9tecteur de billets. Veuillez le nettoyer apr\u00e8s une utilisation intensive. Suivez les instructions pour l&#8217;entretenir afin de maintenir la machine dans le meilleur \u00e9tat.<br \/>\nInvestissez dans la s\u00e9curit\u00e9 de vos transactions avec notre D\u00e9tecteur de Faux Billets Professionnel. Assurez-vous de la l\u00e9gitimit\u00e9 de chaque billet et minimisez les risques de pertes li\u00e9es \u00e0 la fraude. La tranquillit\u00e9 d&#8217;esprit est \u00e0 la port\u00e9e de votre caisse.<br \/>\nCaract\u00e9ristiques :<br \/>\nDimension du produit: 155*137*85mm<br \/>\nPoids net: 0,5 kg<br \/>\nAlimentation : AC100V-240V 50\/60Hz ou DC 12V\/1.0A<br \/>\nBatterie : Lithium rechargeable 1V\/500mAH<br \/>\nConsommation d&#8217;\u00e9nergie : &lt;10 W<br \/>\nVitesse de d\u00e9tection : \uff1c0,5 secondes\/pi\u00e8ce<br \/>\nLe logiciel peut \u00eatre mis \u00e0 jour via le port USB<br \/>\nConvient pour le CFA, l&#8217;EURO, l&#8217;USD<\/p>","protected":false},"excerpt":{"rendered":"<p>Prot\u00e9gez votre entreprise contre la fraude avec notre D\u00e9tecteur de Faux Billets Professionnel. Con\u00e7u pour offrir une d\u00e9tection fiable et rapide des contrefa\u00e7ons, cet appareil est un outil essentiel pour les commerces de d\u00e9tail, les banques et tout \u00e9tablissement manipulant des esp\u00e8ces. Mod\u00e8le Professionnel.<\/p>\n<p>Multicontr\u00f4le via 8 analyses : IR, MGI, UV, 2D, DEN. Test\u00e9 100% par la BCE.<br \/>\nGrande facilit\u00e9 d&#8217;utilisation : Introduction des billets dans les 4 sens. \u00c9cran couleur TFT.<br \/>\nVersion avec batterie rechargeable incluse.<br \/>\nMise \u00e0 jour gratuite et simple.<\/p>\n<p>&nbsp;<\/p>","protected":false},"featured_media":22998,"comment_status":"open","ping_status":"closed","template":"","meta":[],"product_brand":[],"product_cat":[300],"product_tag":[],"class_list":{"0":"post-22941","1":"product","2":"type-product","3":"status-publish","4":"has-post-thumbnail","6":"product_cat-machine-a-billet","8":"first","9":"instock","10":"shipping-taxable","11":"purchasable","12":"product-type-simple"},"_links":{"self":[{"href":"https:\/\/agrimateriel.com\/en\/wp-json\/wp\/v2\/product\/22941","targetHints":{"allow":["GET"]}}],"collection":[{"href":"https:\/\/agrimateriel.com\/en\/wp-json\/wp\/v2\/product"}],"about":[{"href":"https:\/\/agrimateriel.com\/en\/wp-json\/wp\/v2\/types\/product"}],"replies":[{"embeddable":true,"href":"https:\/\/agrimateriel.com\/en\/wp-json\/wp\/v2\/comments?post=22941"}],"version-history":[{"count":1,"href":"https:\/\/agrimateriel.com\/en\/wp-json\/wp\/v2\/product\/22941\/revisions"}],"predecessor-version":[{"id":22999,"href":"https:\/\/agrimateriel.com\/en\/wp-json\/wp\/v2\/product\/22941\/revisions\/22999"}],"wp:featuredmedia":[{"embeddable":true,"href":"https:\/\/agrimateriel.com\/en\/wp-json\/wp\/v2\/media\/22998"}],"wp:attachment":[{"href":"https:\/\/agrimateriel.com\/en\/wp-json\/wp\/v2\/media?parent=22941"}],"wp:term":[{"taxonomy":"product_brand","embeddable":true,"href":"https:\/\/agrimateriel.com\/en\/wp-json\/wp\/v2\/product_brand?post=22941"},{"taxonomy":"product_cat","embeddable":true,"href":"https:\/\/agrimateriel.com\/en\/wp-json\/wp\/v2\/product_cat?post=22941"},{"taxonomy":"product_tag","embeddable":true,"href":"https:\/\/agrimateriel.com\/en\/wp-json\/wp\/v2\/product_tag?post=22941"}],"curies":[{"name":"wp","href":"https:\/\/api.w.org\/{rel}","templated":true}]}}