{"id":22942,"date":"2025-10-29T10:46:04","date_gmt":"2025-10-29T10:46:04","guid":{"rendered":"https:\/\/agrimateriel.com\/?post_type=product&#038;p=22942"},"modified":"2025-10-29T13:31:52","modified_gmt":"2025-10-29T13:31:52","slug":"compteuse-de-billets-valorisatrice-dual-cis","status":"publish","type":"product","link":"https:\/\/agrimateriel.com\/en\/nos-produits\/compteuse-de-billets-valorisatrice-dual-cis\/","title":{"rendered":"Compteuse de Billets Valorisatrice Dual CIS"},"content":{"rendered":"<p>La SCK-920S est une compteuse de billets valorisatrice multidevises avec prise en charge des principales devises telles que EUR, CHF, USD, GBP, MGA, DZD, TND, XAF, XOF. Elle est con\u00e7ue pour un chargement horizontal.<br \/>\nCette machine performante compte et valorise de mani\u00e8re pr\u00e9cise les billets m\u00e9lang\u00e9s. Elle offre \u00e9galement la possibilit\u00e9 de valoriser une liasse contenant plusieurs devises m\u00e9lang\u00e9es gr\u00e2ce \u00e0 son mode &#8220;MULTI&#8221;. Le mode &#8220;AUTO&#8221; permet une d\u00e9tection automatique de la devise \u00e0 traiter.<br \/>\nId\u00e9ale pour la valorisation d&#8217;une caisse et la constitution de liasses, la SCK-920S d\u00e9tecte les faux billets avec un taux de r\u00e9ussite de 100% aux tests de la BCE.<br \/>\n\u00c9quip\u00e9e de la technologie Dual-CIS, elle peut lire le num\u00e9ro de s\u00e9rie des billets trait\u00e9s, offrant la possibilit\u00e9 d&#8217;imprimer ces num\u00e9ros de s\u00e9rie. L&#8217;afficheur TFT de la compteuse valorisatrice SCK-920S pr\u00e9sente le nombre de billets par liasse et la valeur totale de la liasse. De plus, vous obtiendrez le d\u00e9tail par d\u00e9nomination, ainsi que la valeur par d\u00e9nomination, le tout affich\u00e9 en euro et en nombre. Les num\u00e9ros de s\u00e9rie des billets sont \u00e9galement affich\u00e9s.<br \/>\nOptez pour la meilleure technologie au meilleur prix. Avec la SCK-920S, ayez la r\u00e9f\u00e9rence en mati\u00e8re de compteuse de billets pour le S\u00e9n\u00e9gal et l&#8217;Afrique dans sa globalit\u00e9.<br \/>\nCaract\u00e9ristiques techniques :<\/p>\n<p>Dimensions : 245x270x288 mm<br \/>\nPoids : 6.5 kg<br \/>\nVitesse de comptage r\u00e9glable jusqu&#8217;\u00e0 1500 billets\/min pour le mode CNT, et jusqu&#8217;\u00e0 1000 billets\/min pour les modes SDC et MDC<br \/>\nCapacit\u00e9 de la tr\u00e9mie : 400 \u00e0 500 billets<br \/>\nCapacit\u00e9 de l&#8217;empileur : 200 billets<br \/>\nD\u00e9tection de demi-billets, billets pli\u00e9s, doubles<br \/>\nD\u00e9tection de faux billets par ultraviolet (UV), infrarouge (IR), magn\u00e9tisme (MG), fil de s\u00e9curit\u00e9 (MT), taille du billet (2D) (3D), image billet (CIS)<br \/>\nGestion et impression du num\u00e9ro de s\u00e9rie des billets trait\u00e9s (SN)<br \/>\nSignaux optiques et sonores<br \/>\nConnexion RS232 + USB + RJ11<br \/>\nMise \u00e0 jour du logiciel par cl\u00e9 USB<br \/>\nHabilit\u00e9e pour toutes les valeurs courantes en comptage simple, CFA\/XOF &#8211; CFA\/XAF &#8211; GHS &#8211; ZAR &#8211; CAF &#8211; NGN &#8211; TZS &#8211; ZWD &#8211; AOA &#8211; DZD &#8211; MGA &#8211; ZMK &#8211; LYD &#8211; BWP &#8211; TND &#8211; NAD &#8211; MAD &#8211; KES &#8211; RWF &#8211; UGS &#8211; MZN &#8211; ETB &#8211; MUR &#8211; EUR &#8211; UDS &#8211; GBP &#8211; RUB &#8211; AED &#8211; BRL &#8211; CNY &#8211; INR (+ Autres) en valorisation<br \/>\nCapacit\u00e9 des bacs de d\u00e9part et de sortie d&#8217;environ 450 billets chacun<br \/>\nAlimentation : 220 V<br \/>\nConsommation d&#8217;\u00e9nergie : &lt;80 W<br \/>\nHomologation CE \/\/ Norme ROHS<\/p>\n<p>Entretien :<br \/>\nLes billets us\u00e9s et sales affectent le capteur du d\u00e9tecteur de billets. Veuillez le nettoyer apr\u00e8s une utilisation intensive. Suivez les instructions pour l&#8217;entretenir afin de maintenir la machine dans le meilleur \u00e9tat.<\/p>","protected":false},"excerpt":{"rendered":"<p>Compteuse de billets valorisatrice multidevises sur liasse m\u00e9lang\u00e9e.<br \/>\nChargement horizontal.<br \/>\nVitesse de comptage r\u00e9glable : jusqu&#8217;\u00e0 1500 billets\/mn.<br \/>\nMultiple d\u00e9tections : UV MG MT IR 2D 3D double CIS.<br \/>\nLecture num\u00e9ro de s\u00e9rie des billets. Imprimable.<br \/>\nFonctions mise en lot et cumul.<br \/>\nAfficheur TFT couleur.<br \/>\nTest\u00e9 par la banque centrale europ\u00e9enne.<br \/>\nMises \u00e0 jour\u00a0(par cl\u00e9 USB)\u00a0: GRATUITES.<\/p>\n<p>&nbsp;<\/p>","protected":false},"featured_media":23003,"comment_status":"open","ping_status":"closed","template":"","meta":[],"product_brand":[],"product_cat":[300],"product_tag":[],"class_list":{"0":"post-22942","1":"product","2":"type-product","3":"status-publish","4":"has-post-thumbnail","6":"product_cat-machine-a-billet","8":"first","9":"instock","10":"shipping-taxable","11":"purchasable","12":"product-type-simple"},"_links":{"self":[{"href":"https:\/\/agrimateriel.com\/en\/wp-json\/wp\/v2\/product\/22942","targetHints":{"allow":["GET"]}}],"collection":[{"href":"https:\/\/agrimateriel.com\/en\/wp-json\/wp\/v2\/product"}],"about":[{"href":"https:\/\/agrimateriel.com\/en\/wp-json\/wp\/v2\/types\/product"}],"replies":[{"embeddable":true,"href":"https:\/\/agrimateriel.com\/en\/wp-json\/wp\/v2\/comments?post=22942"}],"version-history":[{"count":1,"href":"https:\/\/agrimateriel.com\/en\/wp-json\/wp\/v2\/product\/22942\/revisions"}],"predecessor-version":[{"id":23004,"href":"https:\/\/agrimateriel.com\/en\/wp-json\/wp\/v2\/product\/22942\/revisions\/23004"}],"wp:featuredmedia":[{"embeddable":true,"href":"https:\/\/agrimateriel.com\/en\/wp-json\/wp\/v2\/media\/23003"}],"wp:attachment":[{"href":"https:\/\/agrimateriel.com\/en\/wp-json\/wp\/v2\/media?parent=22942"}],"wp:term":[{"taxonomy":"product_brand","embeddable":true,"href":"https:\/\/agrimateriel.com\/en\/wp-json\/wp\/v2\/product_brand?post=22942"},{"taxonomy":"product_cat","embeddable":true,"href":"https:\/\/agrimateriel.com\/en\/wp-json\/wp\/v2\/product_cat?post=22942"},{"taxonomy":"product_tag","embeddable":true,"href":"https:\/\/agrimateriel.com\/en\/wp-json\/wp\/v2\/product_tag?post=22942"}],"curies":[{"name":"wp","href":"https:\/\/api.w.org\/{rel}","templated":true}]}}