{"id":22943,"date":"2025-10-29T10:46:04","date_gmt":"2025-10-29T10:46:04","guid":{"rendered":"https:\/\/agrimateriel.com\/?post_type=product&#038;p=22943"},"modified":"2025-10-29T13:32:00","modified_gmt":"2025-10-29T13:32:00","slug":"imprimante-thermique-pour-compteuse-de-billets-et-pieces","status":"publish","type":"product","link":"https:\/\/agrimateriel.com\/en\/nos-produits\/imprimante-thermique-pour-compteuse-de-billets-et-pieces\/","title":{"rendered":"Imprimante thermique pour compteuse de billets et pi\u00e8ces"},"content":{"rendered":"<p>Optimisez votre exp\u00e9rience de gestion financi\u00e8re avec l&#8217;imprimante thermique pour compteuse de billets et pi\u00e8ces. Cette imprimante haut de gamme offre une solution efficace et fiable pour g\u00e9n\u00e9rer des rapports d\u00e9taill\u00e9s et des re\u00e7us instantan\u00e9s lors de vos op\u00e9rations de comptage.<br \/>\nCon\u00e7ue sp\u00e9cifiquement pour s&#8217;associer harmonieusement avec la compteuse de billets SCK-920S, garantissant une int\u00e9gration fluide et des performances optimales.<br \/>\nProfitez d&#8217;une vitesse d&#8217;impression \u00e9lev\u00e9e sans compromettre le silence. L&#8217;imprimante thermique offre une ex\u00e9cution rapide des t\u00e2ches d&#8217;impression tout en maintenant un environnement de travail calme.<br \/>\nDot\u00e9e d&#8217;une interface conviviale, l&#8217;imprimante est facile \u00e0 configurer et \u00e0 utiliser. Son fonctionnement intuitif permet une utilisation sans tracas, m\u00eame pour les utilisateurs novices.<br \/>\n\u00c9liminant le besoin de cartouches d&#8217;encre, l&#8217;imprimante utilise la technologie d&#8217;impression thermique directe pour des r\u00e9sultats nets et durables. Cela r\u00e9duit les co\u00fbts d&#8217;exploitation et simplifie la maintenance.<br \/>\nConsommables : Bobines thermiques 57x40x12<br \/>\nImprimante thermique rapide et silencieuse<br \/>\nAC 220V &#8211; DC 12V<br \/>\nUtilise des bobines thermiques 57 x 40 x 12<br \/>\nLivr\u00e9e avec c\u00e2ble de connexion RS232<br \/>\nDimensions 125 x 180 x 100mm<br \/>\nPoids 1kg<\/p>","protected":false},"excerpt":{"rendered":"<p>Imprimante thermique rapide et silencieuse<br \/>\nConnectable sur les compteuses :\u00a0SCK-920S<br \/>\nLivr\u00e9 avec c\u00e2ble de connexion RS232<\/p>","protected":false},"featured_media":23009,"comment_status":"open","ping_status":"closed","template":"","meta":[],"product_brand":[],"product_cat":[300],"product_tag":[],"class_list":{"0":"post-22943","1":"product","2":"type-product","3":"status-publish","4":"has-post-thumbnail","6":"product_cat-machine-a-billet","8":"first","9":"instock","10":"shipping-taxable","11":"purchasable","12":"product-type-simple"},"_links":{"self":[{"href":"https:\/\/agrimateriel.com\/en\/wp-json\/wp\/v2\/product\/22943","targetHints":{"allow":["GET"]}}],"collection":[{"href":"https:\/\/agrimateriel.com\/en\/wp-json\/wp\/v2\/product"}],"about":[{"href":"https:\/\/agrimateriel.com\/en\/wp-json\/wp\/v2\/types\/product"}],"replies":[{"embeddable":true,"href":"https:\/\/agrimateriel.com\/en\/wp-json\/wp\/v2\/comments?post=22943"}],"version-history":[{"count":1,"href":"https:\/\/agrimateriel.com\/en\/wp-json\/wp\/v2\/product\/22943\/revisions"}],"predecessor-version":[{"id":23010,"href":"https:\/\/agrimateriel.com\/en\/wp-json\/wp\/v2\/product\/22943\/revisions\/23010"}],"wp:featuredmedia":[{"embeddable":true,"href":"https:\/\/agrimateriel.com\/en\/wp-json\/wp\/v2\/media\/23009"}],"wp:attachment":[{"href":"https:\/\/agrimateriel.com\/en\/wp-json\/wp\/v2\/media?parent=22943"}],"wp:term":[{"taxonomy":"product_brand","embeddable":true,"href":"https:\/\/agrimateriel.com\/en\/wp-json\/wp\/v2\/product_brand?post=22943"},{"taxonomy":"product_cat","embeddable":true,"href":"https:\/\/agrimateriel.com\/en\/wp-json\/wp\/v2\/product_cat?post=22943"},{"taxonomy":"product_tag","embeddable":true,"href":"https:\/\/agrimateriel.com\/en\/wp-json\/wp\/v2\/product_tag?post=22943"}],"curies":[{"name":"wp","href":"https:\/\/api.w.org\/{rel}","templated":true}]}}