{"id":22945,"date":"2025-10-29T10:46:04","date_gmt":"2025-10-29T10:46:04","guid":{"rendered":"https:\/\/agrimateriel.com\/?post_type=product&#038;p=22945"},"modified":"2025-10-29T15:38:49","modified_gmt":"2025-10-29T15:38:49","slug":"couveuse-automatique-36-oeufs","status":"publish","type":"product","link":"https:\/\/agrimateriel.com\/en\/nos-produits\/couveuse-automatique-36-oeufs\/","title":{"rendered":"Couveuse Automatique 36 Oeufs"},"content":{"rendered":"<p>Optimisez l&#8217;\u00e9closion de vos \u0153ufs avec notre couveuse automatique 36 oeufs. Le retournement automatique des \u0153ufs assure une r\u00e9partition uniforme de la chaleur et favorise un taux d&#8217;\u00e9closion optimal.<br \/>\nDot\u00e9e d&#8217;un dessus transparent et d&#8217;un mire int\u00e9gr\u00e9, cette couveuse vous permet d&#8217;observer facilement le d\u00e9veloppement des \u0153ufs.<br \/>\nSimplifiez le contr\u00f4le temp\u00e9rature gr\u00e2ce au syst\u00e8me num\u00e9rique pr\u00e9cis et \u00e0 un affichage clair de la temp\u00e9rature et de l&#8217;humidit\u00e9. Les conduits d&#8217;air chaud et les doubles ventilateurs assurent une circulation d&#8217;air optimale pour maintenir une stabilit\u00e9 de l&#8217;environnement d&#8217;incubation.<br \/>\nEnfin, pour une gestion efficace de l&#8217;humidit\u00e9, notre incubateur est \u00e9quip\u00e9 d&#8217;un bac \u00e0 eau, \u00e9vitant ainsi d&#8217;ouvrir le couvercle et perturber le processus d&#8217;incubation.<br \/>\nAvec une capacit\u00e9 de 36 \u0153ufs de poule, 12 \u0153ufs d&#8217;oie, 25 \u0153ufs de canard, 58 \u0153ufs de pigeon et 80 \u0153ufs de caille, notre couveuse conviendra \u00e0 une vari\u00e9t\u00e9 de tailles d&#8217;\u0153ufs gr\u00e2ce \u00e0 ses s\u00e9parateurs r\u00e9glables. Optez pour la fiabilit\u00e9 et la performance pour vos besoins d&#8217;incubation avec notre couveuse automatique 36 \u0153ufs. Livraison rapide au S\u00e9n\u00e9gal.<\/p>\n<p>Caract\u00e9ristiques de la couveuse automatique 36 oeufs :<\/p>\n<p>Dimensions : 53 x 17 x 48.5cm<br \/>\nPoids : 4.3kg<br \/>\nPuissance : AC 220V-240V \/ 110V \/ 80W<br \/>\nContr\u00f4le d\u2019humidit\u00e9 et de temp\u00e9rature automatique<br \/>\nRetournement automatique des \u0153ufs<br \/>\nLumi\u00e8re LED int\u00e9gr\u00e9e pour voir l&#8217;embryon.<br \/>\nCapacit\u00e9 : 36 \u0153ufs de poules (6 rang\u00e9s de 6 ajustables)<br \/>\nType d\u2019\u0153ufs : Caille (18 jrs),\u00a0 Pigeon (18 jrs),\u00a0 Poule (21 jrs), Canard (28 jrs), Paon (28 jrs) Oie (30 jrs)<\/p>","protected":false},"excerpt":{"rendered":"<p>Optimisez l&#8217;\u00e9closion de vos \u0153ufs avec notre couveuse automatique 36 \u0153ufs. Son syst\u00e8me de retournement automatique toutes les 2 heures assure une r\u00e9partition uniforme de la chaleur, favorisant un taux d&#8217;\u00e9closion optimal.<br \/>\nDot\u00e9e d&#8217;un dessus transparent et d&#8217;un mire int\u00e9gr\u00e9, cette couveuse vous permet d&#8217;observer facilement le d\u00e9veloppement des \u0153ufs.<br \/>\nhttps:\/\/senchicken.com\/php_assets\/uploads\/2024\/11\/Couveuse-automatique-36-oeufs.mp4<\/p>","protected":false},"featured_media":23025,"comment_status":"open","ping_status":"closed","template":"","meta":[],"product_brand":[],"product_cat":[222,216],"product_tag":[],"class_list":{"0":"post-22945","1":"product","2":"type-product","3":"status-publish","4":"has-post-thumbnail","6":"product_cat-couveuse","7":"product_cat-elevage","9":"first","10":"instock","11":"sale","12":"shipping-taxable","13":"purchasable","14":"product-type-simple"},"_links":{"self":[{"href":"https:\/\/agrimateriel.com\/en\/wp-json\/wp\/v2\/product\/22945","targetHints":{"allow":["GET"]}}],"collection":[{"href":"https:\/\/agrimateriel.com\/en\/wp-json\/wp\/v2\/product"}],"about":[{"href":"https:\/\/agrimateriel.com\/en\/wp-json\/wp\/v2\/types\/product"}],"replies":[{"embeddable":true,"href":"https:\/\/agrimateriel.com\/en\/wp-json\/wp\/v2\/comments?post=22945"}],"version-history":[{"count":1,"href":"https:\/\/agrimateriel.com\/en\/wp-json\/wp\/v2\/product\/22945\/revisions"}],"predecessor-version":[{"id":23026,"href":"https:\/\/agrimateriel.com\/en\/wp-json\/wp\/v2\/product\/22945\/revisions\/23026"}],"wp:featuredmedia":[{"embeddable":true,"href":"https:\/\/agrimateriel.com\/en\/wp-json\/wp\/v2\/media\/23025"}],"wp:attachment":[{"href":"https:\/\/agrimateriel.com\/en\/wp-json\/wp\/v2\/media?parent=22945"}],"wp:term":[{"taxonomy":"product_brand","embeddable":true,"href":"https:\/\/agrimateriel.com\/en\/wp-json\/wp\/v2\/product_brand?post=22945"},{"taxonomy":"product_cat","embeddable":true,"href":"https:\/\/agrimateriel.com\/en\/wp-json\/wp\/v2\/product_cat?post=22945"},{"taxonomy":"product_tag","embeddable":true,"href":"https:\/\/agrimateriel.com\/en\/wp-json\/wp\/v2\/product_tag?post=22945"}],"curies":[{"name":"wp","href":"https:\/\/api.w.org\/{rel}","templated":true}]}}