{"id":22948,"date":"2025-10-29T10:46:04","date_gmt":"2025-10-29T10:46:04","guid":{"rendered":"https:\/\/agrimateriel.com\/?post_type=product&#038;p=22948"},"modified":"2025-10-29T15:37:50","modified_gmt":"2025-10-29T15:37:50","slug":"couveuse-automatique-12-oeufs","status":"publish","type":"product","link":"https:\/\/agrimateriel.com\/en\/nos-produits\/couveuse-automatique-12-oeufs\/","title":{"rendered":"Couveuse Automatique 12 Oeufs"},"content":{"rendered":"<p>Couveuse automatique 12 oeufs<br \/>\nCaract\u00e9ristiques de l\u2019incubateur :<\/p>\n<p>Dimensions : 26 x 26 x 14 cm<br \/>\nPoids : 1.15kg<br \/>\nPuissance : 220V \/ 110V\/ 35W<br \/>\nContr\u00f4le d\u2019humidit\u00e9 et de temp\u00e9rature automatique<br \/>\nRetournement automatique des \u0153ufs<br \/>\nLumi\u00e8re LED int\u00e9gr\u00e9e pour voir l&#8217;embryon.<br \/>\nCapacit\u00e9 : 12 \u0153ufs de poules<br \/>\nType d\u2019\u0153ufs : Caille (18 jrs),\u00a0 Pigeon (18 jrs),\u00a0 Poule (21 jrs), Canard (28 jrs)<\/p>","protected":false},"excerpt":{"rendered":"<p>Couveuse automatique 12 oeufs Caract\u00e9ristiques de l\u2019incubateur : Dimensions : 26 x 26 x 14 cm Poids : 1.15kg Puissance<\/p>","protected":false},"featured_media":23039,"comment_status":"open","ping_status":"closed","template":"","meta":[],"product_brand":[],"product_cat":[222,216],"product_tag":[],"class_list":{"0":"post-22948","1":"product","2":"type-product","3":"status-publish","4":"has-post-thumbnail","6":"product_cat-couveuse","7":"product_cat-elevage","9":"first","10":"instock","11":"shipping-taxable","12":"purchasable","13":"product-type-simple"},"_links":{"self":[{"href":"https:\/\/agrimateriel.com\/en\/wp-json\/wp\/v2\/product\/22948","targetHints":{"allow":["GET"]}}],"collection":[{"href":"https:\/\/agrimateriel.com\/en\/wp-json\/wp\/v2\/product"}],"about":[{"href":"https:\/\/agrimateriel.com\/en\/wp-json\/wp\/v2\/types\/product"}],"replies":[{"embeddable":true,"href":"https:\/\/agrimateriel.com\/en\/wp-json\/wp\/v2\/comments?post=22948"}],"version-history":[{"count":1,"href":"https:\/\/agrimateriel.com\/en\/wp-json\/wp\/v2\/product\/22948\/revisions"}],"predecessor-version":[{"id":23040,"href":"https:\/\/agrimateriel.com\/en\/wp-json\/wp\/v2\/product\/22948\/revisions\/23040"}],"wp:featuredmedia":[{"embeddable":true,"href":"https:\/\/agrimateriel.com\/en\/wp-json\/wp\/v2\/media\/23039"}],"wp:attachment":[{"href":"https:\/\/agrimateriel.com\/en\/wp-json\/wp\/v2\/media?parent=22948"}],"wp:term":[{"taxonomy":"product_brand","embeddable":true,"href":"https:\/\/agrimateriel.com\/en\/wp-json\/wp\/v2\/product_brand?post=22948"},{"taxonomy":"product_cat","embeddable":true,"href":"https:\/\/agrimateriel.com\/en\/wp-json\/wp\/v2\/product_cat?post=22948"},{"taxonomy":"product_tag","embeddable":true,"href":"https:\/\/agrimateriel.com\/en\/wp-json\/wp\/v2\/product_tag?post=22948"}],"curies":[{"name":"wp","href":"https:\/\/api.w.org\/{rel}","templated":true}]}}