{"id":22951,"date":"2025-10-29T10:46:04","date_gmt":"2025-10-29T10:46:04","guid":{"rendered":"https:\/\/agrimateriel.com\/?post_type=product&#038;p=22951"},"modified":"2025-10-29T15:38:29","modified_gmt":"2025-10-29T15:38:29","slug":"machine-coupe-bec","status":"publish","type":"product","link":"https:\/\/agrimateriel.com\/en\/nos-produits\/machine-coupe-bec\/","title":{"rendered":"Machine coupe bec"},"content":{"rendered":"<p>Optimisez votre \u00e9levage de volaille au S\u00e9n\u00e9gal et en Afrique avec notre machine coupe bec de poussins de pointe.<br \/>\nCon\u00e7ue pour r\u00e9pondre aux besoins sp\u00e9cifiques des agriculteurs de la r\u00e9gion, notre \u00e9quipement de d\u00e9becquage assure une am\u00e9lioration significative du bien-\u00eatre des poules tout en augmentant l\u2019efficacit\u00e9 de votre exploitation.<br \/>\nLe processus d\u2019\u00e9barbage, \u00e9galement connu sous d\u2019autres termes tels que \u201cd\u00e9becquage\u201d, consiste \u00e0 \u00e9liminer d\u00e9licatement une partie du bec des poules afin de minimiser les risques de cannibalisme et de blessures.<\/p>\n<p>Notre machine coupe bec automatique de poussins est dot\u00e9e de technologies avanc\u00e9es qui garantissent un processus pr\u00e9cis et s\u00fbr, minimisant ainsi le stress pour les oiseaux. Elle est facile \u00e0 utiliser et peut contribuer \u00e0 am\u00e9liorer la productivit\u00e9 de votre \u00e9levage de mani\u00e8re durable.<br \/>\nEn investissant dans notre machine de traitement des becs, vous contribuez non seulement \u00e0 la croissance de votre exploitation avicole, mais vous \u0153uvrez \u00e9galement pour une industrie avicole plus responsable et durable en Afrique.<br \/>\nNotre engagement envers l\u2019excellence, le bien-\u00eatre des animaux et l\u2019efficacit\u00e9 est ce qui fait de nous le choix id\u00e9al pour les \u00e9leveurs de poules au S\u00e9n\u00e9gal et dans toute l\u2019Afrique.<\/p>\n<p>Caract\u00e9ristiques de la machine coupe bec :<\/p>\n<p>Dimensions : 27 x 16 x 14 cm<br \/>\nPoids : 9 kg<br \/>\nTension : AC 220V\/ 110V<br \/>\nConsommation : 250W<br \/>\nCapacit\u00e9 : Jusqu\u2019\u00e0 900 becs par heures<\/p>","protected":false},"excerpt":{"rendered":"<p>Optimisez votre \u00e9levage de volaille au S\u00e9n\u00e9gal et en Afrique avec notre machine coupe bec de poussins de pointe. Con\u00e7ue<\/p>","protected":false},"featured_media":23061,"comment_status":"open","ping_status":"closed","template":"","meta":[],"product_brand":[],"product_cat":[216],"product_tag":[],"class_list":{"0":"post-22951","1":"product","2":"type-product","3":"status-publish","4":"has-post-thumbnail","6":"product_cat-elevage","8":"first","9":"instock","10":"shipping-taxable","11":"purchasable","12":"product-type-simple"},"_links":{"self":[{"href":"https:\/\/agrimateriel.com\/en\/wp-json\/wp\/v2\/product\/22951","targetHints":{"allow":["GET"]}}],"collection":[{"href":"https:\/\/agrimateriel.com\/en\/wp-json\/wp\/v2\/product"}],"about":[{"href":"https:\/\/agrimateriel.com\/en\/wp-json\/wp\/v2\/types\/product"}],"replies":[{"embeddable":true,"href":"https:\/\/agrimateriel.com\/en\/wp-json\/wp\/v2\/comments?post=22951"}],"version-history":[{"count":1,"href":"https:\/\/agrimateriel.com\/en\/wp-json\/wp\/v2\/product\/22951\/revisions"}],"predecessor-version":[{"id":23062,"href":"https:\/\/agrimateriel.com\/en\/wp-json\/wp\/v2\/product\/22951\/revisions\/23062"}],"wp:featuredmedia":[{"embeddable":true,"href":"https:\/\/agrimateriel.com\/en\/wp-json\/wp\/v2\/media\/23061"}],"wp:attachment":[{"href":"https:\/\/agrimateriel.com\/en\/wp-json\/wp\/v2\/media?parent=22951"}],"wp:term":[{"taxonomy":"product_brand","embeddable":true,"href":"https:\/\/agrimateriel.com\/en\/wp-json\/wp\/v2\/product_brand?post=22951"},{"taxonomy":"product_cat","embeddable":true,"href":"https:\/\/agrimateriel.com\/en\/wp-json\/wp\/v2\/product_cat?post=22951"},{"taxonomy":"product_tag","embeddable":true,"href":"https:\/\/agrimateriel.com\/en\/wp-json\/wp\/v2\/product_tag?post=22951"}],"curies":[{"name":"wp","href":"https:\/\/api.w.org\/{rel}","templated":true}]}}