{"id":22952,"date":"2025-10-29T10:46:04","date_gmt":"2025-10-29T10:46:04","guid":{"rendered":"https:\/\/agrimateriel.com\/?post_type=product&#038;p=22952"},"modified":"2025-10-29T14:07:37","modified_gmt":"2025-10-29T14:07:37","slug":"deshydrateur-alimentaire-22-plateaux","status":"publish","type":"product","link":"https:\/\/agrimateriel.com\/en\/nos-produits\/deshydrateur-alimentaire-22-plateaux\/","title":{"rendered":"D\u00e9shydrateur Alimentaire 22 plateaux"},"content":{"rendered":"<p>Dimensions : 45 x 55 x 86cm<br \/>\nPoids : 30.2kg<br \/>\nPuissance : 2500W<br \/>\nNiveau de bruit : 55dB<br \/>\nPlages de Temp\u00e9rature : 20~90\u2103<br \/>\nCapacit\u00e9 : 121L<br \/>\nNombre de Plateaux : 22<br \/>\nDimensions Plateaux : 39.8 x 39.8 cm<br \/>\nEspacement Grille Plateaux : 8mm<br \/>\n\u00c9cart entre Plateaux : 3.5cm<\/p>","protected":false},"excerpt":{"rendered":"<p>Avec le d\u00e9shydrateur alimentaire 22 plateaux, optimisez votre cha\u00eene d&#8217;approvisionnement alimentaire en r\u00e9duisant les pertes post-r\u00e9colte et en maximisant la disponibilit\u00e9 des produits tout au long de l&#8217;ann\u00e9e. Gr\u00e2ce \u00e0 sa capacit\u00e9 de traitement \u00e9lev\u00e9e et \u00e0 sa technologie de pointe, cet \u00e9quipement vous permet de maintenir un approvisionnement constant en produits d\u00e9shydrat\u00e9s de haute<\/p>","protected":false},"featured_media":23066,"comment_status":"open","ping_status":"closed","template":"","meta":[],"product_brand":[],"product_cat":[297],"product_tag":[],"class_list":{"0":"post-22952","1":"product","2":"type-product","3":"status-publish","4":"has-post-thumbnail","6":"product_cat-deshydrateur","8":"first","9":"instock","10":"shipping-taxable","11":"purchasable","12":"product-type-simple"},"_links":{"self":[{"href":"https:\/\/agrimateriel.com\/en\/wp-json\/wp\/v2\/product\/22952","targetHints":{"allow":["GET"]}}],"collection":[{"href":"https:\/\/agrimateriel.com\/en\/wp-json\/wp\/v2\/product"}],"about":[{"href":"https:\/\/agrimateriel.com\/en\/wp-json\/wp\/v2\/types\/product"}],"replies":[{"embeddable":true,"href":"https:\/\/agrimateriel.com\/en\/wp-json\/wp\/v2\/comments?post=22952"}],"version-history":[{"count":1,"href":"https:\/\/agrimateriel.com\/en\/wp-json\/wp\/v2\/product\/22952\/revisions"}],"predecessor-version":[{"id":23067,"href":"https:\/\/agrimateriel.com\/en\/wp-json\/wp\/v2\/product\/22952\/revisions\/23067"}],"wp:featuredmedia":[{"embeddable":true,"href":"https:\/\/agrimateriel.com\/en\/wp-json\/wp\/v2\/media\/23066"}],"wp:attachment":[{"href":"https:\/\/agrimateriel.com\/en\/wp-json\/wp\/v2\/media?parent=22952"}],"wp:term":[{"taxonomy":"product_brand","embeddable":true,"href":"https:\/\/agrimateriel.com\/en\/wp-json\/wp\/v2\/product_brand?post=22952"},{"taxonomy":"product_cat","embeddable":true,"href":"https:\/\/agrimateriel.com\/en\/wp-json\/wp\/v2\/product_cat?post=22952"},{"taxonomy":"product_tag","embeddable":true,"href":"https:\/\/agrimateriel.com\/en\/wp-json\/wp\/v2\/product_tag?post=22952"}],"curies":[{"name":"wp","href":"https:\/\/api.w.org\/{rel}","templated":true}]}}