{"id":22955,"date":"2025-10-29T10:46:04","date_gmt":"2025-10-29T10:46:04","guid":{"rendered":"https:\/\/agrimateriel.com\/?post_type=product&#038;p=22955"},"modified":"2025-10-29T14:08:12","modified_gmt":"2025-10-29T14:08:12","slug":"deshydrateur-alimentaire-5-plateaux","status":"publish","type":"product","link":"https:\/\/agrimateriel.com\/en\/nos-produits\/deshydrateur-alimentaire-5-plateaux\/","title":{"rendered":"D\u00e9shydrateur Alimentaire 5 Plateaux"},"content":{"rendered":"<p>Dimensions : 28,2 x 34,7 x 20,6cm<br \/>\nPoids : 5kg<br \/>\nPuissance : 400W<br \/>\nNiveau de bruit : 50dB<br \/>\nPlages de Temp\u00e9rature : 20~90\u2103<br \/>\nCapacit\u00e9 : 8.7L<br \/>\nNombre de Plateaux : 5<br \/>\nDimensions Plateaux : 25,8 x 20,5cm<br \/>\nEspacement Grille Plateaux : 2.7mm<br \/>\n\u00c9cart entre Plateaux : 2,8cm<\/p>","protected":false},"excerpt":{"rendered":"<p>Offrez \u00e0 votre famille une alimentation saine et \u00e9quilibr\u00e9e avec le d\u00e9shydrateur alimentaire 5 Plateaux. En s\u00e9chant vos propres fruits, l\u00e9gumes et viandes, vous contr\u00f4lez les ingr\u00e9dients et \u00e9vitez les additifs nocifs pr\u00e9sents dans de nombreux aliments transform\u00e9s. Au S\u00e9n\u00e9gal, o\u00f9 l&#8217;acc\u00e8s \u00e0 des aliments frais peut parfois \u00eatre limit\u00e9, cet \u00e9quipement vous permet de stocker des aliments nutritifs \u00e0 tout moment, offrant ainsi une solution pratique et \u00e9conomique pour une alimentation saine.<\/p>","protected":false},"featured_media":23086,"comment_status":"open","ping_status":"closed","template":"","meta":[],"product_brand":[],"product_cat":[297],"product_tag":[],"class_list":{"0":"post-22955","1":"product","2":"type-product","3":"status-publish","4":"has-post-thumbnail","6":"product_cat-deshydrateur","8":"first","9":"instock","10":"sale","11":"shipping-taxable","12":"purchasable","13":"product-type-simple"},"_links":{"self":[{"href":"https:\/\/agrimateriel.com\/en\/wp-json\/wp\/v2\/product\/22955","targetHints":{"allow":["GET"]}}],"collection":[{"href":"https:\/\/agrimateriel.com\/en\/wp-json\/wp\/v2\/product"}],"about":[{"href":"https:\/\/agrimateriel.com\/en\/wp-json\/wp\/v2\/types\/product"}],"replies":[{"embeddable":true,"href":"https:\/\/agrimateriel.com\/en\/wp-json\/wp\/v2\/comments?post=22955"}],"version-history":[{"count":1,"href":"https:\/\/agrimateriel.com\/en\/wp-json\/wp\/v2\/product\/22955\/revisions"}],"predecessor-version":[{"id":23087,"href":"https:\/\/agrimateriel.com\/en\/wp-json\/wp\/v2\/product\/22955\/revisions\/23087"}],"wp:featuredmedia":[{"embeddable":true,"href":"https:\/\/agrimateriel.com\/en\/wp-json\/wp\/v2\/media\/23086"}],"wp:attachment":[{"href":"https:\/\/agrimateriel.com\/en\/wp-json\/wp\/v2\/media?parent=22955"}],"wp:term":[{"taxonomy":"product_brand","embeddable":true,"href":"https:\/\/agrimateriel.com\/en\/wp-json\/wp\/v2\/product_brand?post=22955"},{"taxonomy":"product_cat","embeddable":true,"href":"https:\/\/agrimateriel.com\/en\/wp-json\/wp\/v2\/product_cat?post=22955"},{"taxonomy":"product_tag","embeddable":true,"href":"https:\/\/agrimateriel.com\/en\/wp-json\/wp\/v2\/product_tag?post=22955"}],"curies":[{"name":"wp","href":"https:\/\/api.w.org\/{rel}","templated":true}]}}