{"id":22960,"date":"2025-10-29T10:46:05","date_gmt":"2025-10-29T10:46:05","guid":{"rendered":"https:\/\/agrimateriel.com\/?post_type=product&#038;p=22960"},"modified":"2025-10-29T11:00:59","modified_gmt":"2025-10-29T11:00:59","slug":"semoir-manuel-a-pression-debout-epandeur","status":"publish","type":"product","link":"https:\/\/agrimateriel.com\/en\/nos-produits\/semoir-manuel-a-pression-debout-epandeur\/","title":{"rendered":"Semoir Manuel \u00e0 Pression Debout \u00c9pandeur"},"content":{"rendered":"<p>R\u00e9servoir de fertilisant solide ou en poudre<br \/>\nType de graines : Mais, soja, arachide, coton, ni\u00e9b\u00e9, gombo, hibiscus, sorgho, pois chiche, haricots, etc&#8230;<br \/>\nQuantit\u00e9 d&#8217;ensemencement par trous : 1 &#8211; 3 graines<br \/>\nCapacit\u00e9 du r\u00e9servoir \u00e0 graines : 1,5 &#8211; 2kg<br \/>\nCapacit\u00e9 du r\u00e9servoir \u00e0 fertilisant : 1,5 &#8211; 2kg<br \/>\nDimensions : 81 x 19 x 11cm<\/p>","protected":false},"excerpt":{"rendered":"<p>R\u00e9servoir de fertilisant solide ou en poudre Type de graines : Mais, soja, arachide, coton, ni\u00e9b\u00e9, gombo, hibiscus, sorgho, pois<\/p>","protected":false},"featured_media":23113,"comment_status":"open","ping_status":"closed","template":"","meta":[],"product_brand":[],"product_cat":[232,244],"product_tag":[],"class_list":{"0":"post-22960","1":"product","2":"type-product","3":"status-publish","4":"has-post-thumbnail","6":"product_cat-agroalimentaire","7":"product_cat-semoirs","9":"first","10":"instock","11":"shipping-taxable","12":"purchasable","13":"product-type-simple"},"_links":{"self":[{"href":"https:\/\/agrimateriel.com\/en\/wp-json\/wp\/v2\/product\/22960","targetHints":{"allow":["GET"]}}],"collection":[{"href":"https:\/\/agrimateriel.com\/en\/wp-json\/wp\/v2\/product"}],"about":[{"href":"https:\/\/agrimateriel.com\/en\/wp-json\/wp\/v2\/types\/product"}],"replies":[{"embeddable":true,"href":"https:\/\/agrimateriel.com\/en\/wp-json\/wp\/v2\/comments?post=22960"}],"version-history":[{"count":1,"href":"https:\/\/agrimateriel.com\/en\/wp-json\/wp\/v2\/product\/22960\/revisions"}],"predecessor-version":[{"id":23114,"href":"https:\/\/agrimateriel.com\/en\/wp-json\/wp\/v2\/product\/22960\/revisions\/23114"}],"wp:featuredmedia":[{"embeddable":true,"href":"https:\/\/agrimateriel.com\/en\/wp-json\/wp\/v2\/media\/23113"}],"wp:attachment":[{"href":"https:\/\/agrimateriel.com\/en\/wp-json\/wp\/v2\/media?parent=22960"}],"wp:term":[{"taxonomy":"product_brand","embeddable":true,"href":"https:\/\/agrimateriel.com\/en\/wp-json\/wp\/v2\/product_brand?post=22960"},{"taxonomy":"product_cat","embeddable":true,"href":"https:\/\/agrimateriel.com\/en\/wp-json\/wp\/v2\/product_cat?post=22960"},{"taxonomy":"product_tag","embeddable":true,"href":"https:\/\/agrimateriel.com\/en\/wp-json\/wp\/v2\/product_tag?post=22960"}],"curies":[{"name":"wp","href":"https:\/\/api.w.org\/{rel}","templated":true}]}}