{"id":22987,"date":"2025-10-29T10:46:28","date_gmt":"2025-10-29T10:46:28","guid":{"rendered":"https:\/\/agrimateriel.com\/?post_type=product&#038;p=22987"},"modified":"2025-10-29T14:03:31","modified_gmt":"2025-10-29T14:03:31","slug":"couveuse-automatique-56-oeufs","status":"publish","type":"product","link":"https:\/\/agrimateriel.com\/en\/nos-produits\/couveuse-automatique-56-oeufs\/","title":{"rendered":"Couveuse Automatique 56 Oeufs"},"content":{"rendered":"<p>Couveuse Automatique 56 Oeufs<\/p>","protected":false},"excerpt":{"rendered":"<p>Mat\u00e9riau ABS + PET, plus durable et respectueux de l&#8217;environnement<br \/>\nCouvercle sup\u00e9rieur transparent<br \/>\nContr\u00f4le automatique de la temp\u00e9rature et de l&#8217;humidit\u00e9<br \/>\nRetournement et contr\u00f4le automatiques des \u0153ufs<br \/>\nAffichage automatique de la temp\u00e9rature et de l&#8217;humidit\u00e9 actuelle<br \/>\nPlateaux \u00e0 \u0153ufs multifonctions<br \/>\nLampe de test d&#8217;\u0153ufs \u00e0 LED<br \/>\nCapacit\u00e9 : 56 \u0153ufs de poule<br \/>\nTension : 110V \/ 220V \/ 12V<br \/>\nPuissance : \u2264 110W<\/p>","protected":false},"featured_media":23120,"comment_status":"open","ping_status":"closed","template":"","meta":[],"product_brand":[],"product_cat":[222],"product_tag":[],"class_list":{"0":"post-22987","1":"product","2":"type-product","3":"status-publish","4":"has-post-thumbnail","6":"product_cat-couveuse","8":"first","9":"instock","10":"sale","11":"shipping-taxable","12":"purchasable","13":"product-type-simple"},"_links":{"self":[{"href":"https:\/\/agrimateriel.com\/en\/wp-json\/wp\/v2\/product\/22987","targetHints":{"allow":["GET"]}}],"collection":[{"href":"https:\/\/agrimateriel.com\/en\/wp-json\/wp\/v2\/product"}],"about":[{"href":"https:\/\/agrimateriel.com\/en\/wp-json\/wp\/v2\/types\/product"}],"replies":[{"embeddable":true,"href":"https:\/\/agrimateriel.com\/en\/wp-json\/wp\/v2\/comments?post=22987"}],"version-history":[{"count":1,"href":"https:\/\/agrimateriel.com\/en\/wp-json\/wp\/v2\/product\/22987\/revisions"}],"predecessor-version":[{"id":23121,"href":"https:\/\/agrimateriel.com\/en\/wp-json\/wp\/v2\/product\/22987\/revisions\/23121"}],"wp:featuredmedia":[{"embeddable":true,"href":"https:\/\/agrimateriel.com\/en\/wp-json\/wp\/v2\/media\/23120"}],"wp:attachment":[{"href":"https:\/\/agrimateriel.com\/en\/wp-json\/wp\/v2\/media?parent=22987"}],"wp:term":[{"taxonomy":"product_brand","embeddable":true,"href":"https:\/\/agrimateriel.com\/en\/wp-json\/wp\/v2\/product_brand?post=22987"},{"taxonomy":"product_cat","embeddable":true,"href":"https:\/\/agrimateriel.com\/en\/wp-json\/wp\/v2\/product_cat?post=22987"},{"taxonomy":"product_tag","embeddable":true,"href":"https:\/\/agrimateriel.com\/en\/wp-json\/wp\/v2\/product_tag?post=22987"}],"curies":[{"name":"wp","href":"https:\/\/api.w.org\/{rel}","templated":true}]}}