{"id":23046,"date":"2025-10-29T10:47:14","date_gmt":"2025-10-29T10:47:14","guid":{"rendered":"https:\/\/agrimateriel.com\/?post_type=product&#038;p=23046"},"modified":"2025-10-29T15:36:38","modified_gmt":"2025-10-29T15:36:38","slug":"incubateur-automatique-56-oeufs","status":"publish","type":"product","link":"https:\/\/agrimateriel.com\/en\/nos-produits\/incubateur-automatique-56-oeufs\/","title":{"rendered":"Incubateur Automatique 56 Oeufs"},"content":{"rendered":"<p>Augmentez rapidement la production de votre \u00e9levage de poulet au S\u00e9n\u00e9gal gr\u00e2ce \u00e0 cet incubateur automatique 56 oeufs. D\u2019abord, il vous permet de couver tr\u00e8s facilement des \u0153ufs de mani\u00e8re artificielle afin de faire na\u00eetre des poussins. De plus, le retournement des \u0153ufs f\u00e9cond\u00e9s se fait de fa\u00e7on automatique, ce qui assure un meilleur taux d\u2019\u00e9closion.<br \/>\nCertaines esp\u00e8ces de poules sont plus maternelles que d\u2019autres. Il arrive parfois que quelques races d\u00e9laissent leurs \u0153ufs une fois pondus. Il est donc recommand\u00e9 dans ce cas d\u2019utiliser un incubateur \u00e9lectrique, aussi appel\u00e9 couveuse, pour permettre aux \u0153ufs d\u2019\u00e9clore.<br \/>\nLes avantages la incubateur automatique 56 oeufs :<br \/>\nAvec cet incubateur automatique 56 oeufs capable d\u2019accueillir jusqu\u2019\u00e0 56 \u0153ufs, vous pouvez tr\u00e8s rapidement agrandir votre \u00e9levage en gagnant du temps. En effet, id\u00e9al pour une meilleure couvaison, l\u2019incubateur vous permet d\u2019obtenir un taux d\u2019\u00e9closion plus s\u00fbr gr\u00e2ce \u00e0 un suivi plus pr\u00e9cis et minutieux.<br \/>\nParfait pour les \u00e9leveurs plus exp\u00e9riment\u00e9s, l\u2019incubateur dispose de 4 \u00e9crans LED afin de contr\u00f4ler ainsi que de modifier certains r\u00e9glages selon la cat\u00e9gorie d\u2019\u0153ufs couv\u00e9s :<\/p>\n<p>R\u00e9glable de la temp\u00e9rature allant de 20 \u00e0 50\u00b0<br \/>\nR\u00e9glage du taux d\u2019humidit\u00e9 (hygrom\u00e9trie)<br \/>\nAffichage du d\u00e9compte avant rotation automatique (toutes les 2H)<br \/>\nAffichage du jour d\u2019incubation<\/p>\n<p>Gr\u00e2ce \u00e0 tous ces param\u00e8tres, l\u2019air pourra circuler de fa\u00e7on homog\u00e8ne, par cons\u00e9quent les conditions id\u00e9ales de couvaison seront reproduites.<br \/>\nComme son nom l\u2019indique, la couveuse \u00e9lectrique g\u00e8re seule le retournement des \u0153ufs sans que vous ayez \u00e0 vous en inqui\u00e9ter. Ainsi, toutes les 2H, les \u0153ufs seront oscill\u00e9s de droite \u00e0 gauche afin que l\u2019embryon ne se colle pas \u00e0 la membrane de l\u2019\u0153uf.<br \/>\nEn conclusion, avec ce syst\u00e8me de couvaison artificielle, vos petits poussins na\u00eetront apr\u00e8s les 21 jours d\u2019incubation. Laissez-les encore une journ\u00e9e dans leur couveuse afin de laisser s\u00e9cher leur plumage mais aussi qu\u2019ils prennent quelques forces avant de rejoindre vos autres poules.<br \/>\nCaract\u00e9ristiques de l&#8217;incubateur :<\/p>\n<p>Dimensions totales : 47 x 49 x 23cm<br \/>\nTaille des \u00e9crans : 2,5 x 2cm \u2013 4 x 2cm \u2013 5 x 2cm<br \/>\nDimension du socle d\u2019un \u0153uf : 4,4cm<br \/>\nTemp\u00e9rature r\u00e9glable de 20 \u00e0 50\u00b0<br \/>\nCapacit\u00e9 : 56 \u0153ufs de poules (7 rang\u00e9s de 8 socles)<br \/>\n1 \u00e9prouvette de 15 cl<br \/>\nPuissance 80W \u2013 Tension 220V<\/p>","protected":false},"excerpt":{"rendered":"<p>Augmentez rapidement la production de votre \u00e9levage de poulet au S\u00e9n\u00e9gal gr\u00e2ce \u00e0 cette couveuse automatique d\u2019\u0153ufs. D\u2019abord, avec une capacit\u00e9 de 56 emplacements, l\u2019incubateur vous permet de couver tr\u00e8s facilement des \u0153ufs de mani\u00e8re artificielle afin de faire na\u00eetre des poussins. De plus, le retournement des \u0153ufs f\u00e9cond\u00e9s se fait de fa\u00e7on automatique, ce qui assure un meilleur taux d\u2019\u00e9closion.<\/p>","protected":false},"featured_media":22734,"comment_status":"open","ping_status":"closed","template":"","meta":[],"product_brand":[],"product_cat":[222,216],"product_tag":[],"class_list":{"0":"post-23046","1":"product","2":"type-product","3":"status-publish","4":"has-post-thumbnail","6":"product_cat-couveuse","7":"product_cat-elevage","9":"first","10":"instock","11":"shipping-taxable","12":"purchasable","13":"product-type-simple"},"_links":{"self":[{"href":"https:\/\/agrimateriel.com\/en\/wp-json\/wp\/v2\/product\/23046","targetHints":{"allow":["GET"]}}],"collection":[{"href":"https:\/\/agrimateriel.com\/en\/wp-json\/wp\/v2\/product"}],"about":[{"href":"https:\/\/agrimateriel.com\/en\/wp-json\/wp\/v2\/types\/product"}],"replies":[{"embeddable":true,"href":"https:\/\/agrimateriel.com\/en\/wp-json\/wp\/v2\/comments?post=23046"}],"version-history":[{"count":1,"href":"https:\/\/agrimateriel.com\/en\/wp-json\/wp\/v2\/product\/23046\/revisions"}],"predecessor-version":[{"id":23181,"href":"https:\/\/agrimateriel.com\/en\/wp-json\/wp\/v2\/product\/23046\/revisions\/23181"}],"wp:featuredmedia":[{"embeddable":true,"href":"https:\/\/agrimateriel.com\/en\/wp-json\/wp\/v2\/media\/22734"}],"wp:attachment":[{"href":"https:\/\/agrimateriel.com\/en\/wp-json\/wp\/v2\/media?parent=23046"}],"wp:term":[{"taxonomy":"product_brand","embeddable":true,"href":"https:\/\/agrimateriel.com\/en\/wp-json\/wp\/v2\/product_brand?post=23046"},{"taxonomy":"product_cat","embeddable":true,"href":"https:\/\/agrimateriel.com\/en\/wp-json\/wp\/v2\/product_cat?post=23046"},{"taxonomy":"product_tag","embeddable":true,"href":"https:\/\/agrimateriel.com\/en\/wp-json\/wp\/v2\/product_tag?post=23046"}],"curies":[{"name":"wp","href":"https:\/\/api.w.org\/{rel}","templated":true}]}}