{"id":23073,"date":"2025-10-29T10:47:38","date_gmt":"2025-10-29T10:47:38","guid":{"rendered":"https:\/\/agrimateriel.com\/?post_type=product&#038;p=23073"},"modified":"2025-10-29T14:06:34","modified_gmt":"2025-10-29T14:06:34","slug":"deshydrateur-8-plateaux","status":"publish","type":"product","link":"https:\/\/agrimateriel.com\/en\/nos-produits\/deshydrateur-8-plateaux\/","title":{"rendered":"D\u00e9shydrateur 8 Plateaux"},"content":{"rendered":"<p>D\u00e9shydrateur 8 Plateaux\u00a0 \u2013 Acier Inoxydable | S\u00e9chage Fruits, L\u00e9gumes, Epices, Viande &amp; Plus<br \/>\nVous \u00eates \u00e0 la recherche d\u2019un d\u00e9shydrateur 8 plateaux puissant au S\u00e9n\u00e9gal pour conserver vos aliments de mani\u00e8re naturelle\u202f? Ce mod\u00e8le con\u00e7u en acier inoxydable de qualit\u00e9 alimentaire, r\u00e9pond parfaitement aux besoins des familles, artisans agroalimentaires et transformateurs ruraux.<br \/>\nAvec ses 8 plateaux en acier inoxydable, ce s\u00e9choir \u00e9lectrique vous permet de d\u00e9shydrater fruits, l\u00e9gumes, herbes, viandes et fleurs. En effet, vous pourrez transformer une grandes diversit\u00e9s d&#8217;aliments, tout en conservant leurs nutriments et leur saveur. Gr\u00e2ce \u00e0 son panneau de commande digital tactile, vous pouvez r\u00e9gler facilement la temp\u00e9rature de 20 \u00b0C \u00e0 90 \u00b0C. Il vous permet \u00e9galement de programmer un s\u00e9chage jusqu\u2019\u00e0 24 heures.<br \/>\nCe d\u00e9shydrateur 8 plateaux\u00a0s\u2019adapte aussi bien \u00e0 une utilisation domestique \u00e0 Dakar ou Thi\u00e8s qu\u2019\u00e0 une production artisanale \u00e0 Kaolack, Saint-Louis, Tambacounda, Kolda ou Ziguinchor,\u00a0o\u00f9 la transformation des produits agricoles est en plein essor. En effet, il permet de r\u00e9duire les pertes post-r\u00e9colte, d\u2019allonger la dur\u00e9e de conservation et de valoriser les surplus agricoles sans additifs chimiques.<br \/>\nPar ailleurs, son design compact (385 x 270 x 325 mm) et son silencieux fonctionnement (45\u201350 dB) en font un appareil facile \u00e0 int\u00e9grer dans votre cuisine ou atelier. Son flux d\u2019air horizontal garantit une d\u00e9shydratation uniforme sur tous les plateaux. De plus, les pi\u00e8ces d\u00e9tachables sont compatibles lave-vaisselle, ce qui facilite l\u2019entretien.<br \/>\nPour conclure, en investissant dans ce s\u00e9choir alimentaire professionnel, vous gagnez non seulement en autonomie alimentaire, mais aussi en qualit\u00e9. Vous pouvez cr\u00e9er vos propres produits naturels\u202f: fruits s\u00e9ch\u00e9s, chips de l\u00e9gumes, herbes m\u00e9dicinales, viande s\u00e9ch\u00e9e, ou m\u00eame friandises naturelles pour animaux.<\/p>\n<p>\ud83d\udee0\ufe0f Caract\u00e9ristiques techniques du d\u00e9shydrateur 8 plateaux :<\/p>\n<p>Mat\u00e9riaux : Acier inoxydable<br \/>\nDimensions : 38,5 x 27 x 32,5cm<br \/>\nPoids : 6,9kg<br \/>\nPuissance : 500W<br \/>\nNiveau de bruit : 45~50dB<br \/>\nPlages de Temp\u00e9rature : 20~90\u2103<br \/>\nCapacit\u00e9 : 16,2L<br \/>\nNombre de Plateaux : 8<br \/>\nDimensions Plateaux : 29 x 29cm<br \/>\nEspacement Grille Plateaux : 3mm<br \/>\n\u00c9cart entre Plateaux : 2,8cm<\/p>\n<p>\ud83d\udccd O\u00f9 que vous soyez au S\u00e9n\u00e9gal, profitez de la livraison rapide :<br \/>\nNous livrons dans toutes les r\u00e9gions :Dakar, Thi\u00e8s, Diourbel, Kaolack, Saint-Louis, Ziguinchor, Louga, Tambacounda, Kolda, Fatick, Matam, Kaffrine, S\u00e9dhiou, K\u00e9dougou.Ces zones sont en pleine croissance agricole ou disposent de march\u00e9s urbains actifs o\u00f9 la transformation des aliments est en forte demande.<\/p>","protected":false},"excerpt":{"rendered":"<p>Avec le d\u00e9shydrateur alimentaire industriel 8 plateaux, r\u00e9pondez \u00e0 la demande croissante de produits d\u00e9shydrat\u00e9s sur le march\u00e9 s\u00e9n\u00e9galais. Que vous soyez une petite exploitation agricole ou une grande entreprise agroalimentaire, cet \u00e9quipement polyvalent vous permet de diversifier votre offre et de r\u00e9pondre aux besoins changeants des consommateurs en mati\u00e8re d&#8217;alimentation saine et pratique.<br \/>\nhttps:\/\/senchicken.com\/php_assets\/uploads\/2025\/03\/Deshyrateur-Alimentaire-8-Plateaux-Video-08A01.mp4<\/p>","protected":false},"featured_media":23193,"comment_status":"open","ping_status":"closed","template":"","meta":[],"product_brand":[],"product_cat":[297],"product_tag":[],"class_list":{"0":"post-23073","1":"product","2":"type-product","3":"status-publish","4":"has-post-thumbnail","6":"product_cat-deshydrateur","8":"first","9":"instock","10":"sale","11":"shipping-taxable","12":"purchasable","13":"product-type-simple"},"_links":{"self":[{"href":"https:\/\/agrimateriel.com\/en\/wp-json\/wp\/v2\/product\/23073","targetHints":{"allow":["GET"]}}],"collection":[{"href":"https:\/\/agrimateriel.com\/en\/wp-json\/wp\/v2\/product"}],"about":[{"href":"https:\/\/agrimateriel.com\/en\/wp-json\/wp\/v2\/types\/product"}],"replies":[{"embeddable":true,"href":"https:\/\/agrimateriel.com\/en\/wp-json\/wp\/v2\/comments?post=23073"}],"version-history":[{"count":1,"href":"https:\/\/agrimateriel.com\/en\/wp-json\/wp\/v2\/product\/23073\/revisions"}],"predecessor-version":[{"id":23194,"href":"https:\/\/agrimateriel.com\/en\/wp-json\/wp\/v2\/product\/23073\/revisions\/23194"}],"wp:featuredmedia":[{"embeddable":true,"href":"https:\/\/agrimateriel.com\/en\/wp-json\/wp\/v2\/media\/23193"}],"wp:attachment":[{"href":"https:\/\/agrimateriel.com\/en\/wp-json\/wp\/v2\/media?parent=23073"}],"wp:term":[{"taxonomy":"product_brand","embeddable":true,"href":"https:\/\/agrimateriel.com\/en\/wp-json\/wp\/v2\/product_brand?post=23073"},{"taxonomy":"product_cat","embeddable":true,"href":"https:\/\/agrimateriel.com\/en\/wp-json\/wp\/v2\/product_cat?post=23073"},{"taxonomy":"product_tag","embeddable":true,"href":"https:\/\/agrimateriel.com\/en\/wp-json\/wp\/v2\/product_tag?post=23073"}],"curies":[{"name":"wp","href":"https:\/\/api.w.org\/{rel}","templated":true}]}}